{"id":9996,"date":"2024-10-25T12:00:41","date_gmt":"2024-10-25T10:00:41","guid":{"rendered":"https:\/\/staging.101proservices.com\/?page_id=9996"},"modified":"2024-11-19T17:57:57","modified_gmt":"2024-11-19T16:57:57","slug":"traduceri-medicale","status":"publish","type":"page","link":"https:\/\/www.101proservices.com\/ro\/servicii-de-traducere\/traduceri-medicale\/","title":{"rendered":"Traduceri medicale"},"content":{"rendered":"<p><div class=\"fusion-fullwidth fullwidth-box fusion-builder-row-1 fusion-flex-container nonhundred-percent-fullwidth non-hundred-percent-height-scrolling\" style=\"--awb-border-radius-top-left:0px;--awb-border-radius-top-right:0px;--awb-border-radius-bottom-right:0px;--awb-border-radius-bottom-left:0px;--awb-flex-wrap:wrap;\" ><div class=\"fusion-builder-row fusion-row fusion-flex-align-items-flex-start fusion-flex-content-wrap\" style=\"max-width:1331.2px;margin-left: calc(-4% \/ 2 );margin-right: calc(-4% \/ 2 );\"><div class=\"fusion-layout-column fusion_builder_column fusion-builder-column-0 fusion_builder_column_1_1 1_1 fusion-flex-column\" style=\"--awb-bg-size:cover;--awb-width-large:100%;--awb-margin-top-large:10px;--awb-spacing-right-large:1.92%;--awb-margin-bottom-large:10px;--awb-spacing-left-large:1.92%;--awb-width-medium:100%;--awb-spacing-right-medium:1.92%;--awb-spacing-left-medium:1.92%;--awb-width-small:100%;--awb-spacing-right-small:1.92%;--awb-spacing-left-small:1.92%;\"><div class=\"fusion-column-wrapper fusion-column-has-shadow fusion-flex-justify-content-flex-start fusion-content-layout-column\"><div class=\"fusion-text fusion-text-1\"><h2 style=\"text-align: center;\">Traduceri medicale oferite de traduc\u0103tori profesioni\u0219ti \u0219i autoriza\u021bi<\/h2>\n<\/div><div class=\"fusion-separator fusion-has-icon\" style=\"align-self: center;margin-left: auto;margin-right: auto;margin-bottom:10px;width:100%;max-width:20%;\"><div class=\"fusion-separator-border sep-single sep-solid\" style=\"--awb-height:20px;--awb-amount:20px;--awb-sep-color:#ae1e80;border-color:#ae1e80;border-top-width:2px;\"><\/div><span class=\"icon-wrapper\" style=\"border-color:transparent;font-size:30px;width: 1.75em; height: 1.75em;border-width:2px;padding:2px;margin-top:-1px\"><i class=\"fa-language fas\" style=\"font-size: inherit;color:#ae1e80;\" aria-hidden=\"true\"><\/i><\/span><div class=\"fusion-separator-border sep-single sep-solid\" style=\"--awb-height:20px;--awb-amount:20px;--awb-sep-color:#ae1e80;border-color:#ae1e80;border-top-width:2px;\"><\/div><\/div>\n<div class=\"fusion-text fusion-text-2\"><p style=\"text-align: justify;\">Tipul de limbaj cerut pentru <strong>traducerile de documente \u0219i fi\u015fe medicale<\/strong> nu reflect\u0103 doar starea de s\u0103n\u0103tate real\u0103 a unui pacient sau a diagnosticului stabilit de medic, dar reflect\u0103 \u0219i calitatea prin intermediul unor termeni speciali. Pentru a realiza o <strong>traducere medical\u0103<\/strong> este nevoie de cunoa\u015fterea limbajului sanitar care se dob\u00e2nde\u015fte doar prin studii superioare, \u00een timpul Facult\u0103\u0163ii sau prin cursuri de specialitate.<\/p>\n<p style=\"text-align: justify;\">\u00cen acest fel doar o str\u00e2ns\u0103 colaborare intre personalul medical, care cunoa\u015fte prescurt\u0103rile \u0219i termenii de specialitate \u0219i un traduc\u0103tor specializat, duce la o traducere corect\u0103 a unui test medical. Acest tip de serviciu rezult\u0103 mereu foarte important chiar \u0219i \u00een <a href=\"https:\/\/www.101proservices.com\/ro\/traduceri-de-site-uri-web\/\"><strong>traducerile de site-uri medicale<\/strong> <strong>ale societ\u0103\u021bilor sanitare<\/strong>.<\/a><\/p>\n<\/div><\/div><\/div><div class=\"fusion-layout-column fusion_builder_column fusion-builder-column-1 fusion_builder_column_1_2 1_2 fusion-flex-column\" style=\"--awb-bg-size:cover;--awb-width-large:50%;--awb-margin-top-large:10px;--awb-spacing-right-large:3.84%;--awb-margin-bottom-large:10px;--awb-spacing-left-large:3.84%;--awb-width-medium:50%;--awb-order-medium:0;--awb-spacing-right-medium:3.84%;--awb-spacing-left-medium:3.84%;--awb-width-small:100%;--awb-order-small:0;--awb-spacing-right-small:1.92%;--awb-spacing-left-small:1.92%;\"><div class=\"fusion-column-wrapper fusion-column-has-shadow fusion-flex-justify-content-flex-start fusion-content-layout-column\"><div class=\"fusion-image-element \" style=\"--awb-caption-title-font-family:var(--h2_typography-font-family);--awb-caption-title-font-weight:var(--h2_typography-font-weight);--awb-caption-title-font-style:var(--h2_typography-font-style);--awb-caption-title-size:var(--h2_typography-font-size);--awb-caption-title-transform:var(--h2_typography-text-transform);--awb-caption-title-line-height:var(--h2_typography-line-height);--awb-caption-title-letter-spacing:var(--h2_typography-letter-spacing);\"><span class=\" fusion-imageframe imageframe-none imageframe-1 hover-type-none\"><img decoding=\"async\" width=\"750\" height=\"480\" title=\"Traduzioni mediche professionali\" src=\"https:\/\/www.101proservices.com\/wp-content\/uploads\/traduzioni-mediche.jpg\" alt class=\"img-responsive wp-image-9049\" srcset=\"https:\/\/www.101proservices.com\/wp-content\/uploads\/traduzioni-mediche-200x128.jpg 200w, https:\/\/www.101proservices.com\/wp-content\/uploads\/traduzioni-mediche-400x256.jpg 400w, https:\/\/www.101proservices.com\/wp-content\/uploads\/traduzioni-mediche-600x384.jpg 600w, https:\/\/www.101proservices.com\/wp-content\/uploads\/traduzioni-mediche.jpg 750w\" sizes=\"(max-width: 1024px) 100vw, (max-width: 640px) 100vw, 750px\" \/><\/span><\/div><div class=\"fusion-text fusion-text-3\"><p>Traduceri medicale oferite de traduc\u0103tori profesioni\u0219ti<\/p>\n<\/div><\/div><\/div><div class=\"fusion-layout-column fusion_builder_column fusion-builder-column-2 fusion_builder_column_1_2 1_2 fusion-flex-column\" style=\"--awb-bg-size:cover;--awb-width-large:50%;--awb-margin-top-large:10px;--awb-spacing-right-large:0%;--awb-margin-bottom-large:10px;--awb-spacing-left-large:0%;--awb-width-medium:50%;--awb-order-medium:0;--awb-spacing-right-medium:0%;--awb-spacing-left-medium:0%;--awb-width-small:100%;--awb-order-small:0;--awb-spacing-right-small:1.92%;--awb-spacing-left-small:1.92%;\"><div class=\"fusion-column-wrapper fusion-column-has-shadow fusion-flex-justify-content-flex-start fusion-content-layout-column\"><div class=\"fusion-text fusion-text-4\"><h2 style=\"text-align: center;\">Interpretariat \u00een medicin\u0103<\/h2>\n<\/div><div class=\"fusion-separator fusion-has-icon\" style=\"align-self: center;margin-left: auto;margin-right: auto;margin-bottom:10px;width:100%;max-width:20%;\"><div class=\"fusion-separator-border sep-single sep-solid\" style=\"--awb-height:20px;--awb-amount:20px;--awb-sep-color:#ae1e80;border-color:#ae1e80;border-top-width:2px;\"><\/div><span class=\"icon-wrapper\" style=\"border-color:transparent;font-size:30px;width: 1.75em; height: 1.75em;border-width:2px;padding:2px;margin-top:-1px\"><i class=\"fa-language fas\" style=\"font-size: inherit;color:#ae1e80;\" aria-hidden=\"true\"><\/i><\/span><div class=\"fusion-separator-border sep-single sep-solid\" style=\"--awb-height:20px;--awb-amount:20px;--awb-sep-color:#ae1e80;border-color:#ae1e80;border-top-width:2px;\"><\/div><\/div>\n<div class=\"fusion-text fusion-text-5\"><p>Metoda de lucru \u00een biroul nostru de traduceri este orientat\u0103 c\u0103tre calitatea produsului final: fiecare lucrare de traducere medical\u0103 este pentru noi un proiect de sine st\u0103t\u0103tor, care este analizat \u0219i clasificat pentru a stabili formarea unei echipe de lucru compus\u0103 din traduc\u0103tor \u0219i revizor specializat, ambii cu experien\u0163\u0103 atat \u00een sector, cat \u0219i domeniul textului prezentat. <span style=\"color: var(--awb-text-color); font-family: var(--awb-text-font-family); font-size: var(--awb-font-size); font-style: var(--awb-text-font-style); font-weight: var(--awb-text-font-weight); letter-spacing: var(--awb-letter-spacing); text-align: var(--awb-content-alignment); text-transform: var(--awb-text-transform); background-color: var(--awb-bg-color-hover);\">Traducerea medical\u0103 face parte dintr-un sector special \u0219i complex, este obligatoriu ca un birou de traduceri s\u0103 fie \u00een masur\u0103 s\u0103 selecteze traduc\u0103tori \u0219i consultan\u0163i preg\u0103ti\u0163i. <\/span><span style=\"color: var(--awb-text-color); font-family: var(--awb-text-font-family); font-size: var(--awb-font-size); font-style: var(--awb-text-font-style); font-weight: var(--awb-text-font-weight); letter-spacing: var(--awb-letter-spacing); text-align: var(--awb-content-alignment); text-transform: var(--awb-text-transform); background-color: var(--awb-bg-color-hover);\">101ProServices se bazeaz\u0103 pe profesioni\u0219ti specializa\u021bi \u00een sectorul s\u0103n\u0103t\u0103\u0163ii.<\/span><\/p>\n<\/div><\/div><\/div><div class=\"fusion-layout-column fusion_builder_column fusion-builder-column-3 fusion_builder_column_1_1 1_1 fusion-flex-column\" style=\"--awb-bg-size:cover;--awb-width-large:100%;--awb-margin-top-large:10px;--awb-spacing-right-large:1.92%;--awb-margin-bottom-large:10px;--awb-spacing-left-large:1.92%;--awb-width-medium:100%;--awb-spacing-right-medium:1.92%;--awb-spacing-left-medium:1.92%;--awb-width-small:100%;--awb-spacing-right-small:1.92%;--awb-spacing-left-small:1.92%;\"><div class=\"fusion-column-wrapper fusion-column-has-shadow fusion-flex-justify-content-flex-start fusion-content-layout-column\"><div class=\"fusion-text fusion-text-6\"><h2 style=\"text-align: center; --fontSize: 28; line-height: 1.25;\" data-fontsize=\"28\" data-lineheight=\"35px\" class=\"fusion-responsive-typography-calculated\"><strong>Traduceri medicale \u0219i farmaceutice de calitate<\/strong><\/h2>\n<\/div><div class=\"fusion-separator fusion-has-icon\" style=\"align-self: center;margin-left: auto;margin-right: auto;margin-bottom:10px;width:100%;max-width:20%;\"><div class=\"fusion-separator-border sep-single sep-solid\" style=\"--awb-height:20px;--awb-amount:20px;--awb-sep-color:#ae1e80;border-color:#ae1e80;border-top-width:2px;\"><\/div><span class=\"icon-wrapper\" style=\"border-color:transparent;font-size:30px;width: 1.75em; height: 1.75em;border-width:2px;padding:2px;margin-top:-1px\"><i class=\"fa-language fas\" style=\"font-size: inherit;color:#ae1e80;\" aria-hidden=\"true\"><\/i><\/span><div class=\"fusion-separator-border sep-single sep-solid\" style=\"--awb-height:20px;--awb-amount:20px;--awb-sep-color:#ae1e80;border-color:#ae1e80;border-top-width:2px;\"><\/div><\/div>\n<div class=\"fusion-text fusion-text-7\"><p style=\"text-align: center;\">Prin <b>traduceri medicale, \u015ftiin\u0163ifice \u0219i farmaceutice<\/b> de bun\u0103 calitate, care s\u0103 respecte intocmai terminologia specific\u0103 a sectorului, v\u0103 pute\u0163i adresa cu incredere biroului <b>101ProServices<\/b>. Traduc\u0103torii nostri profesioni\u0219ti sunt la dispozi\u0163ia dumneavoastr\u0103 pentru orice traducere de acest fel:<\/p>\n<\/div><\/div><\/div><div class=\"fusion-layout-column fusion_builder_column fusion-builder-column-4 fusion_builder_column_1_2 1_2 fusion-flex-column\" style=\"--awb-bg-size:cover;--awb-border-color:#000000;--awb-border-top:0;--awb-border-style:dashed;--awb-width-large:50%;--awb-margin-top-large:10px;--awb-spacing-right-large:0.96%;--awb-margin-bottom-large:10px;--awb-spacing-left-large:3.84%;--awb-width-medium:50%;--awb-spacing-right-medium:0.96%;--awb-spacing-left-medium:3.84%;--awb-width-small:100%;--awb-spacing-right-small:1.92%;--awb-spacing-left-small:1.92%;\"><div class=\"fusion-column-wrapper fusion-column-has-shadow fusion-flex-justify-content-flex-start fusion-content-layout-column\"><ul style=\"--awb-iconcolor:#b11376;--awb-line-height:30.6px;--awb-icon-width:30.6px;--awb-icon-height:30.6px;--awb-icon-margin:12.6px;--awb-content-margin:43.2px;\" class=\"fusion-checklist fusion-checklist-1 fusion-checklist-default type-icons\"><li class=\"fusion-li-item\" style=\"\"><span class=\"icon-wrapper circle-no\"><i class=\"fusion-li-icon fa-angle-double-right fas\" aria-hidden=\"true\"><\/i><\/span><div class=\"fusion-li-item-content\">analize \u0219i acte medicale, certificate, adeverin\u021be medicale, rapoarte RMN, CT, PET\/CT;<\/div><\/li><li class=\"fusion-li-item\" style=\"\"><span class=\"icon-wrapper circle-no\"><i class=\"fusion-li-icon fa-angle-double-right fas\" aria-hidden=\"true\"><\/i><\/span><div class=\"fusion-li-item-content\">radiografii, ecografii, examene imunohistochimice, examene colonoscopice;<\/div><\/li><li class=\"fusion-li-item\" style=\"\"><span class=\"icon-wrapper circle-no\"><i class=\"fusion-li-icon fa-angle-double-right fas\" aria-hidden=\"true\"><\/i><\/span><div class=\"fusion-li-item-content\">articole medicale, documente de informare a pacien\u021bilor;<\/div><\/li><li class=\"fusion-li-item\" style=\"\"><span class=\"icon-wrapper circle-no\"><i class=\"fusion-li-icon fa-angle-double-right fas\" aria-hidden=\"true\"><\/i><\/span><div class=\"fusion-li-item-content\">informa\u021bii despre pacien\u021bi, scrisori medicale, fi\u0219e medicale, bilete de externare;<\/div><\/li><\/ul><\/div><\/div><div class=\"fusion-layout-column fusion_builder_column fusion-builder-column-5 fusion_builder_column_1_2 1_2 fusion-flex-column\" style=\"--awb-bg-size:cover;--awb-width-large:50%;--awb-margin-top-large:10px;--awb-spacing-right-large:3.84%;--awb-margin-bottom-large:10px;--awb-spacing-left-large:0.96%;--awb-width-medium:50%;--awb-spacing-right-medium:3.84%;--awb-spacing-left-medium:0.96%;--awb-width-small:100%;--awb-spacing-right-small:1.92%;--awb-spacing-left-small:1.92%;\"><div class=\"fusion-column-wrapper fusion-column-has-shadow fusion-flex-justify-content-flex-start fusion-content-layout-column\"><ul style=\"--awb-iconcolor:#b11376;--awb-line-height:30.6px;--awb-icon-width:30.6px;--awb-icon-height:30.6px;--awb-icon-margin:12.6px;--awb-content-margin:43.2px;\" class=\"fusion-checklist fusion-checklist-2 fusion-checklist-default type-icons\"><li class=\"fusion-li-item\" style=\"\"><span class=\"icon-wrapper circle-no\"><i class=\"fusion-li-icon fa-angle-double-right fas\" aria-hidden=\"true\"><\/i><\/span><div class=\"fusion-li-item-content\">ghiduri de utilizare pentru personal medical \u0219i pacien\u021bi;<\/div><\/li><li class=\"fusion-li-item\" style=\"\"><span class=\"icon-wrapper circle-no\"><i class=\"fusion-li-icon fa-angle-double-right fas\" aria-hidden=\"true\"><\/i><\/span><div class=\"fusion-li-item-content\">echipament medical: manuale \u0219i bro\u0219uri de prezentare;<\/div><\/li><li class=\"fusion-li-item\" style=\"\"><span class=\"icon-wrapper circle-no\"><i class=\"fusion-li-icon fa-angle-double-right fas\" aria-hidden=\"true\"><\/i><\/span><div class=\"fusion-li-item-content\">studii clinice, farmacologie, biologie;<\/div><\/li><li class=\"fusion-li-item\" style=\"\"><span class=\"icon-wrapper circle-no\"><i class=\"fusion-li-icon fa-angle-double-right fas\" aria-hidden=\"true\"><\/i><\/span><div class=\"fusion-li-item-content\">texte din orice specialitate medical\u0103.<\/div><\/li><\/ul><\/div><\/div><\/div><\/div><div class=\"fusion-fullwidth fullwidth-box fusion-builder-row-2 fusion-flex-container nonhundred-percent-fullwidth non-hundred-percent-height-scrolling\" style=\"--awb-background-position:left top;--awb-border-sizes-top:0px;--awb-border-sizes-bottom:0px;--awb-border-sizes-left:0px;--awb-border-sizes-right:0px;--awb-border-radius-top-left:0px;--awb-border-radius-top-right:0px;--awb-border-radius-bottom-right:0px;--awb-border-radius-bottom-left:0px;--awb-padding-right:30px;--awb-padding-left:30px;--awb-margin-top:20px;--awb-background-color:#b11376;--awb-flex-wrap:wrap;\" ><div class=\"fusion-builder-row fusion-row fusion-flex-align-items-flex-start fusion-flex-content-wrap\" style=\"max-width:1331.2px;margin-left: calc(-4% \/ 2 );margin-right: calc(-4% \/ 2 );\"><div class=\"fusion-layout-column fusion_builder_column fusion-builder-column-6 fusion_builder_column_2_3 2_3 fusion-flex-column fusion-flex-align-self-flex-start fusion-column-no-min-height\" style=\"--awb-bg-size:cover;--awb-width-large:66.666666666667%;--awb-margin-top-large:0%;--awb-spacing-right-large:2.88%;--awb-margin-bottom-large:10px;--awb-spacing-left-large:2.88%;--awb-width-medium:100%;--awb-spacing-right-medium:1.92%;--awb-spacing-left-medium:1.92%;--awb-width-small:100%;--awb-spacing-right-small:1.92%;--awb-spacing-left-small:1.92%;\"><div class=\"fusion-column-wrapper fusion-column-has-shadow fusion-flex-justify-content-flex-start fusion-content-layout-column\"><div class=\"fusion-separator fusion-no-small-visibility fusion-no-medium-visibility fusion-full-width-sep\" style=\"align-self: center;margin-left: auto;margin-right: auto;margin-top:20px;width:100%;\"><\/div><div class=\"fusion-text fusion-text-8\"><h3 style=\"font-size: 28px; color: #ffffff; text-align: center;\"><span style=\"color: #ffffff;\">Traduceri medicale oferite de traduc\u0103toriori profesionisti <\/span><\/h3>\n<\/div><\/div><\/div><div class=\"fusion-layout-column fusion_builder_column fusion-builder-column-7 fusion_builder_column_1_3 1_3 fusion-flex-column fusion-flex-align-self-center\" style=\"--awb-padding-top:20px;--awb-padding-bottom:20px;--awb-bg-size:cover;--awb-width-large:33.333333333333%;--awb-margin-top-large:10px;--awb-spacing-right-large:5.76%;--awb-margin-bottom-large:10px;--awb-spacing-left-large:5.76%;--awb-width-medium:100%;--awb-spacing-right-medium:1.92%;--awb-spacing-left-medium:1.92%;--awb-width-small:100%;--awb-spacing-right-small:1.92%;--awb-spacing-left-small:1.92%;\"><div class=\"fusion-column-wrapper fusion-column-has-shadow fusion-flex-justify-content-space-around fusion-content-layout-row\"><div ><a class=\"fusion-button button-flat button-xlarge button-custom fusion-button-default button-1 fusion-button-span-no fusion-button-default-type\" style=\"--button_accent_color:#fff;--button_accent_hover_color:#ffffff;--button_border_hover_color:#ffffff;--button_border_width-top:2px;--button_border_width-right:2px;--button_border_width-bottom:2px;--button_border_width-left:2px;--button_gradient_end:0%;--button_gradient_top_color:#3bad01;--button_gradient_bottom_color:#3bad01;--button_gradient_top_color_hover:#8bc34a;--button_gradient_bottom_color_hover:#8bc34a;\" target=\"_self\" href=\"https:\/\/www.101proservices.com\/ro\/contacte\/\"><span class=\"fusion-button-text awb-button__text awb-button__text--default\">Richiedi preventivo<\/span><\/a><\/div>\n<\/div><\/div><\/div><\/div><\/p>\n","protected":false},"excerpt":{"rendered":"","protected":false},"author":6,"featured_media":0,"parent":9605,"menu_order":8,"comment_status":"closed","ping_status":"closed","template":"100-width.php","meta":{"inline_featured_image":false,"footnotes":""},"class_list":["post-9996","page","type-page","status-publish","hentry"],"_links":{"self":[{"href":"https:\/\/www.101proservices.com\/ro\/wp-json\/wp\/v2\/pages\/9996","targetHints":{"allow":["GET"]}}],"collection":[{"href":"https:\/\/www.101proservices.com\/ro\/wp-json\/wp\/v2\/pages"}],"about":[{"href":"https:\/\/www.101proservices.com\/ro\/wp-json\/wp\/v2\/types\/page"}],"author":[{"embeddable":true,"href":"https:\/\/www.101proservices.com\/ro\/wp-json\/wp\/v2\/users\/6"}],"replies":[{"embeddable":true,"href":"https:\/\/www.101proservices.com\/ro\/wp-json\/wp\/v2\/comments?post=9996"}],"version-history":[{"count":10,"href":"https:\/\/www.101proservices.com\/ro\/wp-json\/wp\/v2\/pages\/9996\/revisions"}],"predecessor-version":[{"id":10006,"href":"https:\/\/www.101proservices.com\/ro\/wp-json\/wp\/v2\/pages\/9996\/revisions\/10006"}],"up":[{"embeddable":true,"href":"https:\/\/www.101proservices.com\/ro\/wp-json\/wp\/v2\/pages\/9605"}],"wp:attachment":[{"href":"https:\/\/www.101proservices.com\/ro\/wp-json\/wp\/v2\/media?parent=9996"}],"curies":[{"name":"wp","href":"https:\/\/api.w.org\/{rel}","templated":true}]}}