{"id":9984,"date":"2024-10-24T10:37:56","date_gmt":"2024-10-24T08:37:56","guid":{"rendered":"https:\/\/staging.101proservices.com\/?page_id=9984"},"modified":"2024-11-19T17:38:26","modified_gmt":"2024-11-19T16:38:26","slug":"traduceri-juridice","status":"publish","type":"page","link":"https:\/\/www.101proservices.com\/ro\/servicii-de-traducere\/traduceri-juridice\/","title":{"rendered":"Traduceri Juridice"},"content":{"rendered":"<p><div class=\"fusion-fullwidth fullwidth-box fusion-builder-row-1 fusion-flex-container nonhundred-percent-fullwidth non-hundred-percent-height-scrolling\" style=\"--awb-border-radius-top-left:0px;--awb-border-radius-top-right:0px;--awb-border-radius-bottom-right:0px;--awb-border-radius-bottom-left:0px;--awb-flex-wrap:wrap;\" ><div class=\"fusion-builder-row fusion-row fusion-flex-align-items-flex-start fusion-flex-content-wrap\" style=\"max-width:calc( 1280px + 0px );margin-left: calc(-0px \/ 2 );margin-right: calc(-0px \/ 2 );\"><div class=\"fusion-layout-column fusion_builder_column fusion-builder-column-0 fusion_builder_column_1_1 1_1 fusion-flex-column\" style=\"--awb-bg-size:cover;--awb-width-large:100%;--awb-margin-top-large:10px;--awb-spacing-right-large:0px;--awb-margin-bottom-large:10px;--awb-spacing-left-large:0px;--awb-width-medium:100%;--awb-spacing-right-medium:0px;--awb-spacing-left-medium:0px;--awb-width-small:100%;--awb-spacing-right-small:0px;--awb-spacing-left-small:0px;\"><div class=\"fusion-column-wrapper fusion-column-has-shadow fusion-flex-justify-content-flex-start fusion-content-layout-column\"><div class=\"fusion-text fusion-text-1\"><h2 style=\"text-align: center;\">Ce este traducerea legalizat\u0103?<\/h2>\n<\/div><div class=\"fusion-separator fusion-has-icon\" style=\"align-self: center;margin-left: auto;margin-right: auto;margin-bottom:10px;width:100%;max-width:20%;\"><div class=\"fusion-separator-border sep-single sep-solid\" style=\"--awb-height:20px;--awb-amount:20px;--awb-sep-color:#ae1e80;border-color:#ae1e80;border-top-width:2px;\"><\/div><span class=\"icon-wrapper\" style=\"border-color:transparent;font-size:30px;width: 1.75em; height: 1.75em;border-width:2px;padding:2px;margin-top:-1px\"><i class=\"fa-language fas\" style=\"font-size: inherit;color:#ae1e80;\" aria-hidden=\"true\"><\/i><\/span><div class=\"fusion-separator-border sep-single sep-solid\" style=\"--awb-height:20px;--awb-amount:20px;--awb-sep-color:#ae1e80;border-color:#ae1e80;border-top-width:2px;\"><\/div><\/div>\n<div class=\"fusion-text fusion-text-2\"><p>Prin termenul de traducere autorizat\u0103 se in\u021belege traducerea de documente oficiale care au aceea\u0219i valoare legal\u0103 ca \u0219i documentul original, cum ar fi de exemplu traducerile necesare ob\u021binerii&nbsp;<a href=\"https:\/\/www.101proservices.com\/ro\/declaratie-de-valoare\/\"><strong>declara\u021biei de valoare a titlurilor de studiu<\/strong><\/a>. \u00cen multe cazuri poate fi numit\u0103 \u0219i traducere legalizat\u0103, \u0219i permite transcrierea unui document scris intr-o limb\u0103 strain\u0103 \u0219i invers. Anii trecu\u021bi acest termen, serviciu de legalizare, era foarte greu de solicitat, dar \u00een urma unei extinderi a pie\u021bei interna\u021bionale \u0219i al fluxului imigrantilor din ultimii ani, termenul a devenit uzual, ca \u0219i cererea de traduceri legalizate. Legalizarile sunt necesare c\u00e2nd este nevoie de o traducere \u00een scopuri administrative, judiciare \u0219i pentru insitu\u021bii. Serviciul care ne este cerut de cele mai mlte ori se refer\u0103 la traducerile legalizate pentru:<\/p>\n<ul>\n<li>Titluri de studiu<\/li>\n<li>Permise de conducere<\/li>\n<li>Certificate de c\u0103s\u0103torie<\/li>\n<li>Certificate de na\u015ftere<\/li>\n<li>Cet\u0103\u0163enii<\/li>\n<\/ul>\n<p>Birou 101ProServices este \u00een masur\u0103 s\u0103 desf\u0103\u015foare acest tip de serviciu pentru orice fel de act sau document legal cu traduc\u0103tori nativi, precum \u0219i&nbsp;<a href=\"https:\/\/www.101proservices.com\/ro\/traduceri-medicale\/\"><strong>traduceri medicale pentru eliberearea sau cererea de fi\u015fe medicale.<\/strong><\/a><\/p>\n<\/div><div class=\"fusion-separator fusion-full-width-sep\" style=\"align-self: center;margin-left: auto;margin-right: auto;width:100%;\"><\/div><\/div><\/div><div class=\"fusion-layout-column fusion_builder_column fusion-builder-column-1 fusion_builder_column_1_1 1_1 fusion-flex-column\" style=\"--awb-bg-size:cover;--awb-width-large:100%;--awb-margin-top-large:10px;--awb-spacing-right-large:0px;--awb-margin-bottom-large:10px;--awb-spacing-left-large:0px;--awb-width-medium:100%;--awb-order-medium:0;--awb-spacing-right-medium:0px;--awb-spacing-left-medium:0px;--awb-width-small:100%;--awb-order-small:0;--awb-spacing-right-small:0px;--awb-spacing-left-small:0px;\"><div class=\"fusion-column-wrapper fusion-column-has-shadow fusion-flex-justify-content-flex-start fusion-content-layout-column\"><div class=\"fusion-text fusion-text-3\"><h2 style=\"text-align: center;\">Care este procedura \u00een \u021bara noastr\u0103 pentru traducerile legalizate?<\/h2>\n<\/div><div class=\"fusion-separator fusion-has-icon\" style=\"align-self: center;margin-left: auto;margin-right: auto;margin-bottom:10px;width:100%;max-width:20%;\"><div class=\"fusion-separator-border sep-single sep-solid\" style=\"--awb-height:20px;--awb-amount:20px;--awb-sep-color:#ae1e80;border-color:#ae1e80;border-top-width:2px;\"><\/div><span class=\"icon-wrapper\" style=\"border-color:transparent;font-size:30px;width: 1.75em; height: 1.75em;border-width:2px;padding:2px;margin-top:-1px\"><i class=\"fa-language fas\" style=\"font-size: inherit;color:#ae1e80;\" aria-hidden=\"true\"><\/i><\/span><div class=\"fusion-separator-border sep-single sep-solid\" style=\"--awb-height:20px;--awb-amount:20px;--awb-sep-color:#ae1e80;border-color:#ae1e80;border-top-width:2px;\"><\/div><\/div>\n<\/div><\/div><div class=\"fusion-layout-column fusion_builder_column fusion-builder-column-2 fusion_builder_column_1_2 1_2 fusion-flex-column\" style=\"--awb-bg-size:cover;--awb-width-large:50%;--awb-margin-top-large:10px;--awb-spacing-right-large:calc( 0.04 * calc( 100% - 0px ) );--awb-margin-bottom-large:10px;--awb-spacing-left-large:0px;--awb-width-medium:50%;--awb-order-medium:0;--awb-spacing-right-medium:calc( 0.04 * calc( 100% - 0px ) );--awb-spacing-left-medium:0px;--awb-width-small:100%;--awb-order-small:0;--awb-spacing-right-small:0px;--awb-spacing-left-small:0px;\"><div class=\"fusion-column-wrapper fusion-column-has-shadow fusion-flex-justify-content-flex-start fusion-content-layout-column\"><div class=\"fusion-image-element \" style=\"--awb-caption-title-font-family:var(--h2_typography-font-family);--awb-caption-title-font-weight:var(--h2_typography-font-weight);--awb-caption-title-font-style:var(--h2_typography-font-style);--awb-caption-title-size:var(--h2_typography-font-size);--awb-caption-title-transform:var(--h2_typography-text-transform);--awb-caption-title-line-height:var(--h2_typography-line-height);--awb-caption-title-letter-spacing:var(--h2_typography-letter-spacing);\"><span class=\" fusion-imageframe imageframe-none imageframe-1 hover-type-none\"><img decoding=\"async\" width=\"750\" height=\"480\" title=\"Traduzioni documenti legali\" src=\"https:\/\/www.101proservices.com\/wp-content\/uploads\/traduzioni-legali.jpg\" alt class=\"img-responsive wp-image-9047\" srcset=\"https:\/\/www.101proservices.com\/wp-content\/uploads\/traduzioni-legali-200x128.jpg 200w, https:\/\/www.101proservices.com\/wp-content\/uploads\/traduzioni-legali-400x256.jpg 400w, https:\/\/www.101proservices.com\/wp-content\/uploads\/traduzioni-legali-600x384.jpg 600w, https:\/\/www.101proservices.com\/wp-content\/uploads\/traduzioni-legali.jpg 750w\" sizes=\"(max-width: 1024px) 100vw, (max-width: 640px) 100vw, 750px\" \/><\/span><\/div><div class=\"fusion-text fusion-text-4\"><p>Traducerea de documente oficiale<\/p>\n<\/div><\/div><\/div><div class=\"fusion-layout-column fusion_builder_column fusion-builder-column-3 fusion_builder_column_1_2 1_2 fusion-flex-column\" style=\"--awb-bg-size:cover;--awb-width-large:50%;--awb-margin-top-large:10px;--awb-spacing-right-large:0px;--awb-margin-bottom-large:10px;--awb-spacing-left-large:0px;--awb-width-medium:50%;--awb-order-medium:0;--awb-spacing-right-medium:0px;--awb-spacing-left-medium:0px;--awb-width-small:100%;--awb-order-small:0;--awb-spacing-right-small:0px;--awb-spacing-left-small:0px;\"><div class=\"fusion-column-wrapper fusion-column-has-shadow fusion-flex-justify-content-flex-start fusion-content-layout-column\"><div class=\"fusion-text fusion-text-5\"><p>\u00cen Italia pa\u0219ii de urmat pentru rezolvarea acestui serviciu sunt trei. Fiecare dintre ace\u0219tia este incredintat celor trei profesioni\u0219ti cu competen\u021be diferite care pot fi:<\/p>\n<p>&#8211; Tribunal<br \/>&#8211; Judecator<br \/>&#8211; Notar<\/p>\n<p>Acesti pa\u0219i se realizeaz\u0103 printr-o procedur\u0103, care permite legalizarea pe l\u00e2ng\u0103 unul dintre aceste trei figuri profesionale, dup\u0103 ce documentul a fost tradus respect\u00e2nd originalul \u0219i dup\u0103 ce au fost aplicate semn\u0103turile p\u0103r\u0163ior: grefier\/Traduc\u0103tor, Judecator\/trauc\u0103tor sau notar\/traduc\u0103tor. Aceast\u0103 procedur\u0103 este valabil\u0103 \u00een Statul nostru, dar poate fi foarte diferit\u0103 dac\u0103 se iau \u00een considerare \u021b\u0103ri cum ar fi Anglia sau Statele Unite ale Americii.<\/p>\n<\/div><\/div><\/div><div class=\"fusion-layout-column fusion_builder_column fusion-builder-column-4 fusion_builder_column_1_1 1_1 fusion-flex-column\" style=\"--awb-bg-size:cover;--awb-width-large:100%;--awb-margin-top-large:10px;--awb-spacing-right-large:0px;--awb-margin-bottom-large:10px;--awb-spacing-left-large:0px;--awb-width-medium:100%;--awb-spacing-right-medium:0px;--awb-spacing-left-medium:0px;--awb-width-small:100%;--awb-spacing-right-small:0px;--awb-spacing-left-small:0px;\"><div class=\"fusion-column-wrapper fusion-column-has-shadow fusion-flex-justify-content-flex-start fusion-content-layout-column\"><div class=\"fusion-separator fusion-full-width-sep\" style=\"align-self: center;margin-left: auto;margin-right: auto;width:100%;\"><\/div><div class=\"fusion-text fusion-text-6\"><h2 style=\"text-align: center;\" data-fontsize=\"28\" data-lineheight=\"35px\">Traducerea legalizat\u0103 \u0219i traduceri cu apostil\u0103<\/h2>\n<\/div><div class=\"fusion-separator fusion-has-icon\" style=\"align-self: center;margin-left: auto;margin-right: auto;margin-bottom:10px;width:100%;max-width:20%;\"><div class=\"fusion-separator-border sep-single sep-solid\" style=\"--awb-height:20px;--awb-amount:20px;--awb-sep-color:#ae1e80;border-color:#ae1e80;border-top-width:2px;\"><\/div><span class=\"icon-wrapper\" style=\"border-color:transparent;font-size:30px;width: 1.75em; height: 1.75em;border-width:2px;padding:2px;margin-top:-1px\"><i class=\"fa-language fas\" style=\"font-size: inherit;color:#ae1e80;\" aria-hidden=\"true\"><\/i><\/span><div class=\"fusion-separator-border sep-single sep-solid\" style=\"--awb-height:20px;--awb-amount:20px;--awb-sep-color:#ae1e80;border-color:#ae1e80;border-top-width:2px;\"><\/div><\/div>\n<div class=\"fusion-text fusion-text-7\"><p style=\"text-align: justify;\">Traducerea legalizat\u0103 este o procedur\u0103 care urmeaz\u0103 traducerilor autorizate pentru a autoriza \/ autentifica, aceea\u015fi calitatea legal\u0103 a celui care a semnat documentul tradus. Acest ulterior pas de validare este de competent\u0103 Prefecturii sau Tribunalului. Serviciul de traducere cu apostil\u0103 se refer\u0103 la Statele aderente la Conven\u0163ia de la Haga din 1961, care prin aplicarea unei \u015ftampile autentific\u0103 valabilitatea documentului tradus.<\/p>\n<\/div><div class=\"fusion-text fusion-text-8\"><h2 style=\"text-align: center;\" data-fontsize=\"28\" data-lineheight=\"35px\">Traducere \u0219i legalizare documente, acte, certificate<\/h2>\n<\/div><div class=\"fusion-separator fusion-has-icon\" style=\"align-self: center;margin-left: auto;margin-right: auto;margin-bottom:10px;width:100%;max-width:20%;\"><div class=\"fusion-separator-border sep-single sep-solid\" style=\"--awb-height:20px;--awb-amount:20px;--awb-sep-color:#ae1e80;border-color:#ae1e80;border-top-width:2px;\"><\/div><span class=\"icon-wrapper\" style=\"border-color:transparent;font-size:30px;width: 1.75em; height: 1.75em;border-width:2px;padding:2px;margin-top:-1px\"><i class=\"fa-language fas\" style=\"font-size: inherit;color:#ae1e80;\" aria-hidden=\"true\"><\/i><\/span><div class=\"fusion-separator-border sep-single sep-solid\" style=\"--awb-height:20px;--awb-amount:20px;--awb-sep-color:#ae1e80;border-color:#ae1e80;border-top-width:2px;\"><\/div><\/div>\n<div class=\"fusion-text fusion-text-9\"><p style=\"text-align: justify;\">Societatea 101ProServices lucreaz\u0103 doar cu traduc\u0103tori \u0219i translatori califica\u0163i, oferindu-v\u0103 posibilitate s\u0103 cere\u0163i serviciul de <strong><a href=\"\/ro\/traduceri-juridice\/\">traducere juridic\u0103 \u00een toat\u0103 Italia<\/a><\/strong>, av\u00e2nd posibilitatea s\u0103 transmitem \u0219i s\u0103 primim documente prin curier expres, extinz\u00e2nd astfel serviciile noastre pe intreg teritoriu na\u0163ional. Traducerea \u0219i legalizarea de documente, acte, certificate, traduceri simple sau traduceri legalizate, traduceri cu sau f\u0103r\u0103 apostil\u0103, toate sunt realizate de o echip\u0103 de traduc\u0103tori calfica\u0163i, a caror experien\u0163\u0103 \u00een sector garanteaz\u0103 o maxim\u0103 calitate.<\/p>\n<\/div><\/div><\/div><\/div><\/div><div class=\"fusion-fullwidth fullwidth-box fusion-builder-row-2 fusion-flex-container nonhundred-percent-fullwidth non-hundred-percent-height-scrolling\" style=\"--awb-background-position:left top;--awb-border-sizes-top:0px;--awb-border-sizes-bottom:0px;--awb-border-sizes-left:0px;--awb-border-sizes-right:0px;--awb-border-radius-top-left:0px;--awb-border-radius-top-right:0px;--awb-border-radius-bottom-right:0px;--awb-border-radius-bottom-left:0px;--awb-padding-right:30px;--awb-padding-left:30px;--awb-margin-top:20px;--awb-background-color:#b11376;--awb-flex-wrap:wrap;\" ><div class=\"fusion-builder-row fusion-row fusion-flex-align-items-flex-start fusion-flex-content-wrap\" style=\"max-width:1331.2px;margin-left: calc(-4% \/ 2 );margin-right: calc(-4% \/ 2 );\"><div class=\"fusion-layout-column fusion_builder_column fusion-builder-column-5 fusion_builder_column_2_3 2_3 fusion-flex-column fusion-flex-align-self-flex-start fusion-column-no-min-height\" style=\"--awb-bg-size:cover;--awb-width-large:66.666666666667%;--awb-margin-top-large:0%;--awb-spacing-right-large:2.88%;--awb-margin-bottom-large:10px;--awb-spacing-left-large:2.88%;--awb-width-medium:100%;--awb-spacing-right-medium:1.92%;--awb-spacing-left-medium:1.92%;--awb-width-small:100%;--awb-spacing-right-small:1.92%;--awb-spacing-left-small:1.92%;\"><div class=\"fusion-column-wrapper fusion-column-has-shadow fusion-flex-justify-content-flex-start fusion-content-layout-column\"><div class=\"fusion-separator fusion-no-small-visibility fusion-no-medium-visibility fusion-full-width-sep\" style=\"align-self: center;margin-left: auto;margin-right: auto;margin-top:20px;width:100%;\"><\/div><div class=\"fusion-text fusion-text-10\"><h3 style=\"font-size: 28px; color: #ffffff; text-align: center;\"><span style=\"color: #ffffff;\">Pentru traducerea documentelor judiciare<\/span><\/h3>\n<\/div><\/div><\/div><div class=\"fusion-layout-column fusion_builder_column fusion-builder-column-6 fusion_builder_column_1_3 1_3 fusion-flex-column fusion-flex-align-self-flex-start\" style=\"--awb-padding-top:20px;--awb-padding-bottom:20px;--awb-bg-size:cover;--awb-width-large:33.333333333333%;--awb-margin-top-large:10px;--awb-spacing-right-large:5.76%;--awb-margin-bottom-large:10px;--awb-spacing-left-large:5.76%;--awb-width-medium:100%;--awb-spacing-right-medium:1.92%;--awb-spacing-left-medium:1.92%;--awb-width-small:100%;--awb-spacing-right-small:1.92%;--awb-spacing-left-small:1.92%;\"><div class=\"fusion-column-wrapper fusion-column-has-shadow fusion-flex-justify-content-space-around fusion-content-layout-row fusion-flex-align-items-center\"><div ><a class=\"fusion-button button-flat button-xlarge button-custom fusion-button-default button-1 fusion-button-span-no fusion-button-default-type\" style=\"--button_accent_color:#fff;--button_accent_hover_color:#ffffff;--button_border_hover_color:#ffffff;--button_border_width-top:2px;--button_border_width-right:2px;--button_border_width-bottom:2px;--button_border_width-left:2px;--button_gradient_end:0%;--button_gradient_top_color:#3bad01;--button_gradient_bottom_color:#3bad01;--button_gradient_top_color_hover:#8bc34a;--button_gradient_bottom_color_hover:#8bc34a;\" target=\"_self\" href=\"https:\/\/www.101proservices.com\/ro\/contacte\/\"><span class=\"fusion-button-text awb-button__text awb-button__text--default\">Richiedi preventivo<\/span><\/a><\/div>\n<\/div><\/div><\/div><\/div><\/p>\n","protected":false},"excerpt":{"rendered":"","protected":false},"author":6,"featured_media":0,"parent":9605,"menu_order":5,"comment_status":"closed","ping_status":"closed","template":"100-width.php","meta":{"inline_featured_image":false,"footnotes":""},"class_list":["post-9984","page","type-page","status-publish","hentry"],"_links":{"self":[{"href":"https:\/\/www.101proservices.com\/ro\/wp-json\/wp\/v2\/pages\/9984","targetHints":{"allow":["GET"]}}],"collection":[{"href":"https:\/\/www.101proservices.com\/ro\/wp-json\/wp\/v2\/pages"}],"about":[{"href":"https:\/\/www.101proservices.com\/ro\/wp-json\/wp\/v2\/types\/page"}],"author":[{"embeddable":true,"href":"https:\/\/www.101proservices.com\/ro\/wp-json\/wp\/v2\/users\/6"}],"replies":[{"embeddable":true,"href":"https:\/\/www.101proservices.com\/ro\/wp-json\/wp\/v2\/comments?post=9984"}],"version-history":[{"count":12,"href":"https:\/\/www.101proservices.com\/ro\/wp-json\/wp\/v2\/pages\/9984\/revisions"}],"predecessor-version":[{"id":10170,"href":"https:\/\/www.101proservices.com\/ro\/wp-json\/wp\/v2\/pages\/9984\/revisions\/10170"}],"up":[{"embeddable":true,"href":"https:\/\/www.101proservices.com\/ro\/wp-json\/wp\/v2\/pages\/9605"}],"wp:attachment":[{"href":"https:\/\/www.101proservices.com\/ro\/wp-json\/wp\/v2\/media?parent=9984"}],"curies":[{"name":"wp","href":"https:\/\/api.w.org\/{rel}","templated":true}]}}