{"id":9954,"date":"2024-10-23T18:31:33","date_gmt":"2024-10-23T16:31:33","guid":{"rendered":"https:\/\/staging.101proservices.com\/?page_id=9954"},"modified":"2024-11-19T13:15:49","modified_gmt":"2024-11-19T12:15:49","slug":"traduzioni-professionali-per-architetti-costruttori-e-imprese-edili","status":"publish","type":"page","link":"https:\/\/www.101proservices.com\/ro\/servicii-de-traducere\/traduzioni-professionali-per-architetti-costruttori-e-imprese-edili\/","title":{"rendered":"Traduzioni professionali per architetti, costruttori e imprese edili"},"content":{"rendered":"<p><div class=\"fusion-fullwidth fullwidth-box fusion-builder-row-1 fusion-flex-container nonhundred-percent-fullwidth non-hundred-percent-height-scrolling\" style=\"--awb-border-radius-top-left:0px;--awb-border-radius-top-right:0px;--awb-border-radius-bottom-right:0px;--awb-border-radius-bottom-left:0px;--awb-flex-wrap:wrap;\" ><div class=\"fusion-builder-row fusion-row fusion-flex-align-items-flex-start fusion-flex-content-wrap\" style=\"max-width:calc( 1280px + 0px );margin-left: calc(-0px \/ 2 );margin-right: calc(-0px \/ 2 );\"><div class=\"fusion-layout-column fusion_builder_column fusion-builder-column-0 fusion_builder_column_1_1 1_1 fusion-flex-column\" style=\"--awb-bg-blend:overlay;--awb-bg-size:cover;--awb-width-large:100%;--awb-margin-top-large:10px;--awb-spacing-right-large:0px;--awb-margin-bottom-large:0px;--awb-spacing-left-large:0px;--awb-width-medium:100%;--awb-spacing-right-medium:0px;--awb-spacing-left-medium:0px;--awb-width-small:100%;--awb-spacing-right-small:0px;--awb-spacing-left-small:0px;\"><div class=\"fusion-column-wrapper fusion-column-has-shadow fusion-flex-justify-content-flex-start fusion-content-layout-column\"><div class=\"fusion-text fusion-text-1\"><h2 style=\"text-align: center;\">Siamo l\u2019agenzia di traduzioni che offre servizi linguistici per ingegneri, project manager e tutte le altre figure professionali legate al settore edilizio<\/h2>\n<\/div><div class=\"fusion-separator fusion-has-icon\" style=\"align-self: center;margin-left: auto;margin-right: auto;margin-bottom:10px;width:100%;max-width:20%;\"><div class=\"fusion-separator-border sep-single sep-solid\" style=\"--awb-height:20px;--awb-amount:20px;--awb-sep-color:#ae1e80;border-color:#ae1e80;border-top-width:2px;\"><\/div><span class=\"icon-wrapper\" style=\"border-color:transparent;font-size:30px;width: 1.75em; height: 1.75em;border-width:2px;padding:2px;margin-top:-1px\"><i class=\"fa-language fas\" style=\"font-size: inherit;color:#ae1e80;\" aria-hidden=\"true\"><\/i><\/span><div class=\"fusion-separator-border sep-single sep-solid\" style=\"--awb-height:20px;--awb-amount:20px;--awb-sep-color:#ae1e80;border-color:#ae1e80;border-top-width:2px;\"><\/div><\/div>\n\n<div class=\"fusion-text fusion-text-2\"><p style=\"text-align: justify;\">Da molti anni 101 ProServices si occupa di <strong>traduzioni professionali per il settore delle costruzioni<\/strong>, un ambito specialistico che merita la dovuta attenzione nella ricerca di termini tecnici e linguistici adeguati. Siamo un\u2019agenzia di Roma che collabora con <strong>partner professionisti<\/strong> in tutto il mondo, specializzati in edilizia, per fornire <strong>la miglior soluzione alle richieste di traduzione<\/strong>. Per aiutare le imprese edili ad ampliare il proprio business anche all\u2019estero, offriamo <strong>servizi di traduzione di elevata qualit\u00e0<\/strong> per documenti riguardanti appalti e gare internazionali, relazioni tecniche, presentazioni, manuali, contratti di costruzione e tanto altro ancora. Ci poniamo l\u2019obiettivo di trascrivere nel migliore dei modi le grandi capacit\u00e0 aziendali di progettare e realizzare grandi opere infrastrutturali, tipiche della tradizione italiana.<\/p>\n<\/div><\/div><\/div><\/div><\/div><div class=\"fusion-fullwidth fullwidth-box fusion-builder-row-2 fusion-flex-container fusion-parallax-none nonhundred-percent-fullwidth non-hundred-percent-height-scrolling\" style=\"--awb-background-position:center top;--awb-border-radius-top-left:0px;--awb-border-radius-top-right:0px;--awb-border-radius-bottom-right:0px;--awb-border-radius-bottom-left:0px;--awb-padding-top:0px;--awb-padding-bottom:50px;--awb-margin-bottom:20px;--awb-background-image:linear-gradient(180deg, rgba(0,0,0,0.4) 0%,rgba(0,0,0,0.4) 100%),url(https:\/\/www.101proservices.com\/wp-content\/uploads\/2019\/06\/Legalizzazione-ambasciate2.jpg);;--awb-background-size:cover;--awb-flex-wrap:wrap;\" ><div class=\"fusion-builder-row fusion-row fusion-flex-align-items-center fusion-flex-justify-content-center fusion-flex-content-wrap\" style=\"max-width:1331.2px;margin-left: calc(-4% \/ 2 );margin-right: calc(-4% \/ 2 );\"><div class=\"fusion-layout-column fusion_builder_column fusion-builder-column-1 fusion_builder_column_1_1 1_1 fusion-flex-column\" style=\"--awb-bg-size:cover;--awb-width-large:100%;--awb-margin-top-large:10px;--awb-spacing-right-large:1.92%;--awb-margin-bottom-large:10px;--awb-spacing-left-large:1.92%;--awb-width-medium:100%;--awb-order-medium:0;--awb-spacing-right-medium:1.92%;--awb-spacing-left-medium:1.92%;--awb-width-small:100%;--awb-order-small:0;--awb-spacing-right-small:1.92%;--awb-spacing-left-small:1.92%;\"><div class=\"fusion-column-wrapper fusion-column-has-shadow fusion-flex-justify-content-flex-start fusion-content-layout-column\"><div class=\"fusion-text fusion-text-3\" style=\"--awb-text-color:#ffffff;--awb-margin-top:50px;\"><p style=\"text-align: center; font-size: 26px;\"><span style=\"color: #ffffff;\"><b>Traduzioni di documenti e certificazioni<\/b> in 150 lingue,<br \/>\nper rendere ancora pi\u00f9 internazionale il tuo lavoro in campo edilizio<\/span><\/p>\n<\/div><\/div><\/div><div class=\"fusion-layout-column fusion_builder_column fusion-builder-column-2 fusion_builder_column_3_5 3_5 fusion-flex-column fusion-flex-align-self-center\" style=\"--awb-bg-blend:overlay;--awb-bg-size:cover;--awb-width-large:60%;--awb-margin-top-large:10px;--awb-spacing-right-large:3.2%;--awb-margin-bottom-large:10px;--awb-spacing-left-large:3.2%;--awb-width-medium:100%;--awb-spacing-right-medium:1.92%;--awb-spacing-left-medium:1.92%;--awb-width-small:100%;--awb-spacing-right-small:1.92%;--awb-spacing-left-small:1.92%;\"><div class=\"fusion-column-wrapper fusion-column-has-shadow fusion-flex-justify-content-center fusion-content-layout-row\"><div ><a class=\"fusion-button button-flat button-xlarge button-custom fusion-button-default button-1 fusion-button-span-no fusion-button-default-type fusion-has-button-gradient\" style=\"--button_accent_color:#ffffff;--button_accent_hover_color:#3bad01;--button_border_hover_color:#3bad01;--button_border_width-top:2px;--button_border_width-right:2px;--button_border_width-bottom:2px;--button_border_width-left:2px;--button_gradient_end:0%;--button_gradient_top_color:#3bad01;--button_gradient_bottom_color:#3bad01;--button_gradient_top_color_hover:#3bad01;--button_gradient_bottom_color_hover:#ffffff;\" target=\"_self\" rel nofollow &#039; href=\"https:\/\/www.101proservices.com\/contatti\/\"><span class=\"fusion-button-text awb-button__text awb-button__text--default\">Richiedi maggiori informazioni<\/span><\/a><\/div><\/div><\/div><\/div><\/div><div class=\"fusion-fullwidth fullwidth-box fusion-builder-row-3 fusion-flex-container nonhundred-percent-fullwidth non-hundred-percent-height-scrolling\" style=\"--awb-border-radius-top-left:0px;--awb-border-radius-top-right:0px;--awb-border-radius-bottom-right:0px;--awb-border-radius-bottom-left:0px;--awb-margin-top:20px;--awb-flex-wrap:wrap;\" ><div class=\"fusion-builder-row fusion-row fusion-flex-align-items-flex-start fusion-flex-content-wrap\" style=\"max-width:calc( 1280px + 0px );margin-left: calc(-0px \/ 2 );margin-right: calc(-0px \/ 2 );\"><div class=\"fusion-layout-column fusion_builder_column fusion-builder-column-3 fusion_builder_column_1_1 1_1 fusion-flex-column\" style=\"--awb-bg-blend:overlay;--awb-bg-size:cover;--awb-width-large:100%;--awb-margin-top-large:10px;--awb-spacing-right-large:0px;--awb-margin-bottom-large:10px;--awb-spacing-left-large:0px;--awb-width-medium:100%;--awb-spacing-right-medium:0px;--awb-spacing-left-medium:0px;--awb-width-small:100%;--awb-spacing-right-small:0px;--awb-spacing-left-small:0px;\"><div class=\"fusion-column-wrapper fusion-column-has-shadow fusion-flex-justify-content-flex-start fusion-content-layout-column\"><div class=\"fusion-text fusion-text-4\"><h2 style=\"text-align: center;\">Traduttori madrelingua per documenti che riguardano l\u2019architettura, l\u2019edilizia residenziale, l\u2019impiantistica e l\u2019interior design<\/h2>\n<\/div><div class=\"fusion-separator fusion-has-icon\" style=\"align-self: center;margin-left: auto;margin-right: auto;margin-bottom:10px;width:100%;max-width:20%;\"><div class=\"fusion-separator-border sep-single sep-solid\" style=\"--awb-height:20px;--awb-amount:20px;--awb-sep-color:#ae1e80;border-color:#ae1e80;border-top-width:2px;\"><\/div><span class=\"icon-wrapper\" style=\"border-color:transparent;font-size:30px;width: 1.75em; height: 1.75em;border-width:2px;padding:2px;margin-top:-1px\"><i class=\"fa-language fas\" style=\"font-size: inherit;color:#ae1e80;\" aria-hidden=\"true\"><\/i><\/span><div class=\"fusion-separator-border sep-single sep-solid\" style=\"--awb-height:20px;--awb-amount:20px;--awb-sep-color:#ae1e80;border-color:#ae1e80;border-top-width:2px;\"><\/div><\/div>\n\n<\/div><\/div><div class=\"fusion-layout-column fusion_builder_column fusion-builder-column-4 fusion_builder_column_1_2 1_2 fusion-flex-column\" style=\"--awb-bg-size:cover;--awb-width-large:50%;--awb-margin-top-large:10px;--awb-spacing-right-large:calc( 0.04 * calc( 100% - 0px ) );--awb-margin-bottom-large:10px;--awb-spacing-left-large:0px;--awb-width-medium:50%;--awb-order-medium:0;--awb-spacing-right-medium:calc( 0.04 * calc( 100% - 0px ) );--awb-spacing-left-medium:0px;--awb-width-small:100%;--awb-order-small:0;--awb-spacing-right-small:0px;--awb-spacing-left-small:0px;\"><div class=\"fusion-column-wrapper fusion-column-has-shadow fusion-flex-justify-content-flex-start fusion-content-layout-column\"><div class=\"fusion-image-element \" style=\"--awb-aspect-ratio: 100 \/ 65;--awb-caption-title-font-family:var(--h2_typography-font-family);--awb-caption-title-font-weight:var(--h2_typography-font-weight);--awb-caption-title-font-style:var(--h2_typography-font-style);--awb-caption-title-size:var(--h2_typography-font-size);--awb-caption-title-transform:var(--h2_typography-text-transform);--awb-caption-title-line-height:var(--h2_typography-line-height);--awb-caption-title-letter-spacing:var(--h2_typography-letter-spacing);\"><span class=\" fusion-imageframe imageframe-none imageframe-1 hover-type-none has-aspect-ratio\"><img decoding=\"async\" width=\"800\" height=\"600\" title=\"Traduzioni-imprese-edili\" src=\"https:\/\/www.101proservices.com\/wp-content\/uploads\/Traduzioni-imprese-edili.jpg\" class=\"img-responsive wp-image-9317 img-with-aspect-ratio\" data-parent-fit=\"cover\" data-parent-container=\".fusion-image-element\" alt \/><\/span><\/div><\/div><\/div><div class=\"fusion-layout-column fusion_builder_column fusion-builder-column-5 fusion_builder_column_1_2 1_2 fusion-flex-column\" style=\"--awb-bg-blend:overlay;--awb-bg-size:cover;--awb-width-large:50%;--awb-margin-top-large:10px;--awb-spacing-right-large:0px;--awb-margin-bottom-large:10px;--awb-spacing-left-large:0px;--awb-width-medium:50%;--awb-spacing-right-medium:0px;--awb-spacing-left-medium:0px;--awb-width-small:100%;--awb-spacing-right-small:0px;--awb-spacing-left-small:0px;\"><div class=\"fusion-column-wrapper fusion-column-has-shadow fusion-flex-justify-content-flex-start fusion-content-layout-column\"><div class=\"fusion-text fusion-text-5\"><p style=\"text-align: justify;\">Per la <strong>traduzione di testi e documenti<\/strong> che si possono trovare all\u2019interno di uno <strong>studio di architettura o in un\u2019impresa edile<\/strong> ci si deve sempre affidare a professionisti madrelingua, che possiedono solide basi della lingua di destinazione. A questa particolarit\u00e0 deve essere aggiunta anche una <strong>notevole formazione in ambito edilizio<\/strong>, un\u2019elevata conoscenza di <strong>vocaboli usati in architettura<\/strong>, la padronanza della giusta <strong>terminologia impiantistica<\/strong> e tutte le caratteristiche linguistiche dell\u2019interior designer.<\/p>\n<p style=\"text-align: justify;\">101 ProServices \u00e8 l\u2019agenzia che risponde a tutte le <strong>esigenze di traduzione in campo edile<\/strong>, perch\u00e9 si affida solo a traduttori specializzati in determinate aree. I nostri traduttori ampliano costantemente la loro conoscenza nel settore, aggiornandosi con le ultime tecniche, sul vocabolario e sui materiali usati in edilizia.<\/p>\n<\/div><\/div><\/div><div class=\"fusion-layout-column fusion_builder_column fusion-builder-column-6 fusion_builder_column_1_1 1_1 fusion-flex-column\" style=\"--awb-bg-blend:overlay;--awb-bg-size:cover;--awb-width-large:100%;--awb-margin-top-large:10px;--awb-spacing-right-large:0px;--awb-margin-bottom-large:0px;--awb-spacing-left-large:0px;--awb-width-medium:100%;--awb-spacing-right-medium:0px;--awb-spacing-left-medium:0px;--awb-width-small:100%;--awb-spacing-right-small:0px;--awb-spacing-left-small:0px;\"><div class=\"fusion-column-wrapper fusion-column-has-shadow fusion-flex-justify-content-flex-start fusion-content-layout-column\"><div class=\"fusion-text fusion-text-6\"><p><b style=\"font-size: 20px;\" data-fusion-font=\"true\">In particolare, siamo specializzati nella traduzione di:<\/b><\/p>\n<\/div><\/div><\/div><div class=\"fusion-layout-column fusion_builder_column fusion-builder-column-7 fusion_builder_column_1_3 1_3 fusion-flex-column\" style=\"--awb-bg-size:cover;--awb-width-large:33.333333333333%;--awb-margin-top-large:0px;--awb-spacing-right-large:0px;--awb-margin-bottom-large:10px;--awb-spacing-left-large:0px;--awb-width-medium:100%;--awb-order-medium:0;--awb-spacing-right-medium:0px;--awb-spacing-left-medium:0px;--awb-width-small:100%;--awb-order-small:0;--awb-spacing-right-small:0px;--awb-spacing-left-small:0px;\"><div class=\"fusion-column-wrapper fusion-column-has-shadow fusion-flex-justify-content-flex-start fusion-content-layout-column\"><div class=\"fusion-text fusion-text-7\"><ul>\n<li>dettagli di costruzione<\/li>\n<li>progetti di cantiere<\/li>\n<li>progetti ingegneristici<\/li>\n<li>manuali di sicurezza<\/li>\n<li>normative ambientali<\/li>\n<li>preventivi<\/li>\n<\/ul>\n<\/div><\/div><\/div><div class=\"fusion-layout-column fusion_builder_column fusion-builder-column-8 fusion_builder_column_1_3 1_3 fusion-flex-column\" style=\"--awb-bg-size:cover;--awb-width-large:33.333333333333%;--awb-margin-top-large:0px;--awb-spacing-right-large:0px;--awb-margin-bottom-large:10px;--awb-spacing-left-large:0px;--awb-width-medium:100%;--awb-order-medium:0;--awb-spacing-right-medium:0px;--awb-spacing-left-medium:0px;--awb-width-small:100%;--awb-order-small:0;--awb-spacing-right-small:0px;--awb-spacing-left-small:0px;\"><div class=\"fusion-column-wrapper fusion-column-has-shadow fusion-flex-justify-content-flex-start fusion-content-layout-column\"><div class=\"fusion-text fusion-text-8\"><ul>\n<li>brevetti<\/li>\n<li>perizie tecniche<\/li>\n<li>specifiche dei macchinari<\/li>\n<li>materiali pubblicitari<\/li>\n<li>documentazione legale<\/li>\n<li>computo<\/li>\n<\/ul>\n<\/div><\/div><\/div><div class=\"fusion-layout-column fusion_builder_column fusion-builder-column-9 fusion_builder_column_1_3 1_3 fusion-flex-column\" style=\"--awb-bg-size:cover;--awb-width-large:33.333333333333%;--awb-margin-top-large:0px;--awb-spacing-right-large:0px;--awb-margin-bottom-large:10px;--awb-spacing-left-large:0px;--awb-width-medium:100%;--awb-order-medium:0;--awb-spacing-right-medium:0px;--awb-spacing-left-medium:0px;--awb-width-small:100%;--awb-order-small:0;--awb-spacing-right-small:0px;--awb-spacing-left-small:0px;\"><div class=\"fusion-column-wrapper fusion-column-has-shadow fusion-flex-justify-content-flex-start fusion-content-layout-column\"><div class=\"fusion-text fusion-text-9\"><ul>\n<li>progetto fotovoltaico<\/li>\n<li>relazione geotecnica<\/li>\n<li>analisi<\/li>\n<li>grafici<\/li>\n<li>relazione tecnica<\/li>\n<li>sondaggi\/test\/misure<\/li>\n<\/ul>\n<\/div><\/div><\/div><\/div><\/div><div class=\"fusion-fullwidth fullwidth-box fusion-builder-row-4 fusion-flex-container nonhundred-percent-fullwidth non-hundred-percent-height-scrolling\" style=\"--awb-background-position:left top;--awb-border-sizes-top:0px;--awb-border-sizes-bottom:0px;--awb-border-sizes-left:0px;--awb-border-sizes-right:0px;--awb-border-radius-top-left:0px;--awb-border-radius-top-right:0px;--awb-border-radius-bottom-right:0px;--awb-border-radius-bottom-left:0px;--awb-padding-right:30px;--awb-padding-left:30px;--awb-margin-top:0px;--awb-background-color:#b11376;--awb-flex-wrap:wrap;\" ><div class=\"fusion-builder-row fusion-row fusion-flex-align-items-center fusion-flex-justify-content-center fusion-flex-content-wrap\" style=\"max-width:1331.2px;margin-left: calc(-4% \/ 2 );margin-right: calc(-4% \/ 2 );\"><div class=\"fusion-layout-column fusion_builder_column fusion-builder-column-10 fusion_builder_column_2_3 2_3 fusion-flex-column fusion-flex-align-self-flex-start fusion-column-no-min-height\" style=\"--awb-padding-top:20px;--awb-padding-bottom:20px;--awb-padding-bottom-medium:0px;--awb-bg-blend:overlay;--awb-bg-size:cover;--awb-width-large:66.666666666667%;--awb-margin-top-large:0%;--awb-spacing-right-large:2.88%;--awb-margin-bottom-large:0px;--awb-spacing-left-large:2.88%;--awb-width-medium:100%;--awb-spacing-right-medium:1.92%;--awb-margin-bottom-medium:0px;--awb-spacing-left-medium:1.92%;--awb-width-small:100%;--awb-spacing-right-small:1.92%;--awb-spacing-left-small:1.92%;\"><div class=\"fusion-column-wrapper fusion-column-has-shadow fusion-flex-justify-content-center fusion-content-layout-column\"><div class=\"fusion-separator fusion-no-small-visibility fusion-no-medium-visibility fusion-full-width-sep\" style=\"align-self: center;margin-left: auto;margin-right: auto;margin-top:20px;width:100%;\"><\/div><div class=\"fusion-text fusion-text-10\" style=\"--awb-font-size:26px;--awb-text-color:#ffffff;--awb-text-font-family:&quot;Roboto Slab&quot;;--awb-text-font-style:normal;--awb-text-font-weight:600;\"><p style=\"text-align: center;\">Contattaci per le tue traduzioni nel settore edilizio<\/p>\n<\/div><\/div><\/div><div class=\"fusion-layout-column fusion_builder_column fusion-builder-column-11 fusion_builder_column_1_3 1_3 fusion-flex-column fusion-flex-align-self-center\" style=\"--awb-padding-top:20px;--awb-padding-bottom:20px;--awb-bg-blend:overlay;--awb-bg-size:cover;--awb-width-large:33.333333333333%;--awb-margin-top-large:0px;--awb-spacing-right-large:5.76%;--awb-margin-bottom-large:0px;--awb-spacing-left-large:5.76%;--awb-width-medium:100%;--awb-margin-top-medium:0px;--awb-spacing-right-medium:1.92%;--awb-margin-bottom-medium:0px;--awb-spacing-left-medium:1.92%;--awb-width-small:100%;--awb-spacing-right-small:1.92%;--awb-spacing-left-small:1.92%;\"><div class=\"fusion-column-wrapper fusion-column-has-shadow fusion-flex-justify-content-space-around fusion-content-layout-row fusion-flex-align-items-center\"><div ><a class=\"fusion-button button-flat button-xlarge button-custom fusion-button-default button-2 fusion-button-span-no fusion-button-default-type fusion-has-button-gradient\" style=\"--button_accent_color:#ffffff;--button_accent_hover_color:#3bad01;--button_border_hover_color:#3bad01;--button_border_width-top:2px;--button_border_width-right:2px;--button_border_width-bottom:2px;--button_border_width-left:2px;--button_gradient_end:0%;--button_gradient_top_color:#3bad01;--button_gradient_bottom_color:#3bad01;--button_gradient_top_color_hover:#3bad01;--button_gradient_bottom_color_hover:#ffffff;\" target=\"_self\" href=\"tel:+39067027711\"><span class=\"fusion-button-text awb-button__text awb-button__text--default\">Chiamaci Subito<\/span><\/a><\/div><\/div><\/div><\/div><\/div><div class=\"fusion-fullwidth fullwidth-box fusion-builder-row-5 fusion-flex-container nonhundred-percent-fullwidth non-hundred-percent-height-scrolling\" style=\"--awb-border-radius-top-left:0px;--awb-border-radius-top-right:0px;--awb-border-radius-bottom-right:0px;--awb-border-radius-bottom-left:0px;--awb-margin-top:20px;--awb-flex-wrap:wrap;\" ><div class=\"fusion-builder-row fusion-row fusion-flex-align-items-flex-start fusion-flex-content-wrap\" style=\"max-width:calc( 1280px + 0px );margin-left: calc(-0px \/ 2 );margin-right: calc(-0px \/ 2 );\"><div class=\"fusion-layout-column fusion_builder_column fusion-builder-column-12 fusion_builder_column_1_1 1_1 fusion-flex-column\" style=\"--awb-bg-blend:overlay;--awb-bg-size:cover;--awb-width-large:100%;--awb-margin-top-large:10px;--awb-spacing-right-large:0px;--awb-margin-bottom-large:10px;--awb-spacing-left-large:0px;--awb-width-medium:100%;--awb-spacing-right-medium:0px;--awb-spacing-left-medium:0px;--awb-width-small:100%;--awb-spacing-right-small:0px;--awb-spacing-left-small:0px;\"><div class=\"fusion-column-wrapper fusion-column-has-shadow fusion-flex-justify-content-flex-start fusion-content-layout-column\"><div class=\"fusion-text fusion-text-11\"><h2 style=\"text-align: center;\">Traduzioni settore energetico in campo edile<\/h2>\n<\/div><div class=\"fusion-separator fusion-has-icon\" style=\"align-self: center;margin-left: auto;margin-right: auto;margin-bottom:10px;width:100%;max-width:20%;\"><div class=\"fusion-separator-border sep-single sep-solid\" style=\"--awb-height:20px;--awb-amount:20px;--awb-sep-color:#ae1e80;border-color:#ae1e80;border-top-width:2px;\"><\/div><span class=\"icon-wrapper\" style=\"border-color:transparent;font-size:30px;width: 1.75em; height: 1.75em;border-width:2px;padding:2px;margin-top:-1px\"><i class=\"fa-language fas\" style=\"font-size: inherit;color:#ae1e80;\" aria-hidden=\"true\"><\/i><\/span><div class=\"fusion-separator-border sep-single sep-solid\" style=\"--awb-height:20px;--awb-amount:20px;--awb-sep-color:#ae1e80;border-color:#ae1e80;border-top-width:2px;\"><\/div><\/div>\n\n<\/div><\/div><div class=\"fusion-layout-column fusion_builder_column fusion-builder-column-13 fusion_builder_column_1_2 1_2 fusion-flex-column\" style=\"--awb-bg-blend:overlay;--awb-bg-size:cover;--awb-width-large:50%;--awb-margin-top-large:10px;--awb-spacing-right-large:0px;--awb-margin-bottom-large:10px;--awb-spacing-left-large:0px;--awb-width-medium:50%;--awb-spacing-right-medium:0px;--awb-spacing-left-medium:0px;--awb-width-small:100%;--awb-spacing-right-small:0px;--awb-spacing-left-small:0px;\"><div class=\"fusion-column-wrapper fusion-column-has-shadow fusion-flex-justify-content-flex-start fusion-content-layout-column\"><div class=\"fusion-text fusion-text-12\"><p style=\"text-align: justify;\">I progetti di infrastrutture pubbliche e private per l\u2019estero necessitano di una <strong>traduzione specifica<\/strong> di elaborati, anche in campo ambientale. Il settore energetico \u00e8 un impegno in costante crescita in tutto il mondo ed \u00e8 importante rispettare tutte <strong>le normative delle autorit\u00e0 a cui la documentazione \u00e8 destinata<\/strong>. I nostri traduttori lavorano con professionalit\u00e0 a <strong>traduzioni del settore energetico<\/strong> e sono sempre aggiornati sulle ultime tecnologie, sulle innovazioni e sulle evoluzioni. <strong>I termini e i vocaboli sono nuovi e complessi<\/strong> ed \u00e8 una sfida che i partner di 101 ProServices sono pronti a soddisfare nei tempi concordati.<\/p>\n<p style=\"text-align: justify;\">Lo scopo della nostra agenzia di traduzioni \u00e8 quella di consegnare una documentazione perfetta, in grado di rispettare le regole linguistiche di destinazione. Contattaci per avere un preventivo gratuito e senza impegno sul nostro <strong>servizio di traduzione professionale di documenti e manuali del settore edile.<\/strong><\/p>\n<\/div><\/div><\/div><div class=\"fusion-layout-column fusion_builder_column fusion-builder-column-14 fusion_builder_column_1_2 1_2 fusion-flex-column\" style=\"--awb-bg-size:cover;--awb-width-large:50%;--awb-margin-top-large:10px;--awb-spacing-right-large:0px;--awb-margin-bottom-large:10px;--awb-spacing-left-large:calc( 0.04 * calc( 100% - 0px ) );--awb-width-medium:50%;--awb-order-medium:0;--awb-spacing-right-medium:0px;--awb-spacing-left-medium:calc( 0.04 * calc( 100% - 0px ) );--awb-width-small:100%;--awb-order-small:0;--awb-spacing-right-small:0px;--awb-spacing-left-small:0px;\"><div class=\"fusion-column-wrapper fusion-column-has-shadow fusion-flex-justify-content-flex-start fusion-content-layout-column\"><div class=\"fusion-image-element \" style=\"--awb-aspect-ratio: 100 \/ 80;--awb-caption-title-font-family:var(--h2_typography-font-family);--awb-caption-title-font-weight:var(--h2_typography-font-weight);--awb-caption-title-font-style:var(--h2_typography-font-style);--awb-caption-title-size:var(--h2_typography-font-size);--awb-caption-title-transform:var(--h2_typography-text-transform);--awb-caption-title-line-height:var(--h2_typography-line-height);--awb-caption-title-letter-spacing:var(--h2_typography-letter-spacing);\"><span class=\" fusion-imageframe imageframe-none imageframe-2 hover-type-none has-aspect-ratio\"><img decoding=\"async\" width=\"800\" height=\"600\" title=\"Traduzioni-settore-edile\" src=\"https:\/\/www.101proservices.com\/wp-content\/uploads\/Traduzioni-settore-edile.jpg\" class=\"img-responsive wp-image-9319 img-with-aspect-ratio\" data-parent-fit=\"cover\" data-parent-container=\".fusion-image-element\" alt \/><\/span><\/div><\/div><\/div><\/div><\/div><\/p>\n","protected":false},"excerpt":{"rendered":"","protected":false},"author":6,"featured_media":0,"parent":9605,"menu_order":2,"comment_status":"closed","ping_status":"closed","template":"100-width.php","meta":{"inline_featured_image":false,"footnotes":""},"class_list":["post-9954","page","type-page","status-publish","hentry"],"_links":{"self":[{"href":"https:\/\/www.101proservices.com\/ro\/wp-json\/wp\/v2\/pages\/9954","targetHints":{"allow":["GET"]}}],"collection":[{"href":"https:\/\/www.101proservices.com\/ro\/wp-json\/wp\/v2\/pages"}],"about":[{"href":"https:\/\/www.101proservices.com\/ro\/wp-json\/wp\/v2\/types\/page"}],"author":[{"embeddable":true,"href":"https:\/\/www.101proservices.com\/ro\/wp-json\/wp\/v2\/users\/6"}],"replies":[{"embeddable":true,"href":"https:\/\/www.101proservices.com\/ro\/wp-json\/wp\/v2\/comments?post=9954"}],"version-history":[{"count":3,"href":"https:\/\/www.101proservices.com\/ro\/wp-json\/wp\/v2\/pages\/9954\/revisions"}],"predecessor-version":[{"id":9957,"href":"https:\/\/www.101proservices.com\/ro\/wp-json\/wp\/v2\/pages\/9954\/revisions\/9957"}],"up":[{"embeddable":true,"href":"https:\/\/www.101proservices.com\/ro\/wp-json\/wp\/v2\/pages\/9605"}],"wp:attachment":[{"href":"https:\/\/www.101proservices.com\/ro\/wp-json\/wp\/v2\/media?parent=9954"}],"curies":[{"name":"wp","href":"https:\/\/api.w.org\/{rel}","templated":true}]}}