{"id":9907,"date":"2022-02-10T11:42:29","date_gmt":"2022-02-10T10:42:29","guid":{"rendered":"https:\/\/staging.101proservices.com\/?page_id=9907"},"modified":"2024-11-19T11:35:04","modified_gmt":"2024-11-19T10:35:04","slug":"intrebari-frecvente","status":"publish","type":"page","link":"https:\/\/www.101proservices.com\/ro\/intrebari-frecvente\/","title":{"rendered":"Intreb\u0103ri frecvente &#8211; FAQ"},"content":{"rendered":"<div class=\"fusion-fullwidth fullwidth-box fusion-builder-row-1 fusion-flex-container nonhundred-percent-fullwidth non-hundred-percent-height-scrolling\" style=\"--awb-border-radius-top-left:0px;--awb-border-radius-top-right:0px;--awb-border-radius-bottom-right:0px;--awb-border-radius-bottom-left:0px;--awb-flex-wrap:wrap;\" ><div class=\"fusion-builder-row fusion-row fusion-flex-align-items-flex-start fusion-flex-content-wrap\" style=\"max-width:calc( 1280px + 0px );margin-left: calc(-0px \/ 2 );margin-right: calc(-0px \/ 2 );\"><div class=\"fusion-layout-column fusion_builder_column fusion-builder-column-0 fusion_builder_column_1_1 1_1 fusion-flex-column\" style=\"--awb-bg-size:cover;--awb-width-large:100%;--awb-margin-top-large:10px;--awb-spacing-right-large:0px;--awb-margin-bottom-large:10px;--awb-spacing-left-large:0px;--awb-width-medium:100%;--awb-spacing-right-medium:0px;--awb-spacing-left-medium:0px;--awb-width-small:100%;--awb-spacing-right-small:0px;--awb-spacing-left-small:0px;\"><div class=\"fusion-column-wrapper fusion-column-has-shadow fusion-flex-justify-content-flex-start fusion-content-layout-column\"><div class=\"fusion-title title fusion-title-1 fusion-sep-none fusion-title-center fusion-title-text fusion-title-size-two\" style=\"--awb-margin-top-small:0px;--awb-margin-right-small:0px;--awb-margin-bottom-small:20px;--awb-margin-left-small:0px;\"><h2 class=\"fusion-title-heading title-heading-center fusion-responsive-typography-calculated\" style=\"margin:0;--fontSize:28;line-height:1.25;\"><strong>Intreb\u0103ri frecvente<\/strong><\/h2><\/div><div class=\"fusion-text fusion-text-1\"><p style=\"text-align: justify;\">Cele mai frecvente intreb\u0103ri care ne vin de la clien\u0163ii nostri \u0219i toate informa\u0163iile necesare despre cum pute\u0163i avea o traducere profesional\u0103 sau un serviciu de interpretariat, timpul de lucru, indica\u0163ii despre cum s\u0103 face\u0163i cererea, cum se calculeaz\u0103 pre\u0163urile traducerilor \u0219i multe altele, folositoare pentru utilizatorii care navigheaz\u0103 pe site-ul nostru web.<\/p>\n<\/div><\/div><\/div><\/div><\/div>\n","protected":false},"excerpt":{"rendered":"","protected":false},"author":6,"featured_media":0,"parent":0,"menu_order":4,"comment_status":"closed","ping_status":"closed","template":"100-width.php","meta":{"inline_featured_image":false,"footnotes":""},"class_list":["post-9907","page","type-page","status-publish","hentry"],"_links":{"self":[{"href":"https:\/\/www.101proservices.com\/ro\/wp-json\/wp\/v2\/pages\/9907","targetHints":{"allow":["GET"]}}],"collection":[{"href":"https:\/\/www.101proservices.com\/ro\/wp-json\/wp\/v2\/pages"}],"about":[{"href":"https:\/\/www.101proservices.com\/ro\/wp-json\/wp\/v2\/types\/page"}],"author":[{"embeddable":true,"href":"https:\/\/www.101proservices.com\/ro\/wp-json\/wp\/v2\/users\/6"}],"replies":[{"embeddable":true,"href":"https:\/\/www.101proservices.com\/ro\/wp-json\/wp\/v2\/comments?post=9907"}],"version-history":[{"count":2,"href":"https:\/\/www.101proservices.com\/ro\/wp-json\/wp\/v2\/pages\/9907\/revisions"}],"predecessor-version":[{"id":9909,"href":"https:\/\/www.101proservices.com\/ro\/wp-json\/wp\/v2\/pages\/9907\/revisions\/9909"}],"wp:attachment":[{"href":"https:\/\/www.101proservices.com\/ro\/wp-json\/wp\/v2\/media?parent=9907"}],"curies":[{"name":"wp","href":"https:\/\/api.w.org\/{rel}","templated":true}]}}