{"id":9889,"date":"2024-10-23T16:32:24","date_gmt":"2024-10-23T14:32:24","guid":{"rendered":"https:\/\/staging.101proservices.com\/?page_id=9889"},"modified":"2024-11-19T11:05:55","modified_gmt":"2024-11-19T10:05:55","slug":"blogul","status":"publish","type":"page","link":"https:\/\/www.101proservices.com\/ro\/blogul\/","title":{"rendered":"Blog"},"content":{"rendered":"<div class=\"fusion-fullwidth fullwidth-box fusion-builder-row-1 fusion-flex-container nonhundred-percent-fullwidth non-hundred-percent-height-scrolling\" style=\"--awb-border-radius-top-left:0px;--awb-border-radius-top-right:0px;--awb-border-radius-bottom-right:0px;--awb-border-radius-bottom-left:0px;--awb-flex-wrap:wrap;\" ><div class=\"fusion-builder-row fusion-row fusion-flex-align-items-flex-start fusion-flex-content-wrap\" style=\"max-width:calc( 1280px + 0px );margin-left: calc(-0px \/ 2 );margin-right: calc(-0px \/ 2 );\"><div class=\"fusion-layout-column fusion_builder_column fusion-builder-column-0 fusion_builder_column_1_1 1_1 fusion-flex-column\" style=\"--awb-bg-size:cover;--awb-width-large:100%;--awb-margin-top-large:10px;--awb-spacing-right-large:0px;--awb-margin-bottom-large:10px;--awb-spacing-left-large:0px;--awb-width-medium:100%;--awb-spacing-right-medium:0px;--awb-spacing-left-medium:0px;--awb-width-small:100%;--awb-spacing-right-small:0px;--awb-spacing-left-small:0px;\"><div class=\"fusion-column-wrapper fusion-column-has-shadow fusion-flex-justify-content-flex-start fusion-content-layout-column\"><div class=\"fusion-title title fusion-title-1 fusion-sep-none fusion-title-center fusion-title-text fusion-title-size-two\" style=\"--awb-margin-top-small:0px;--awb-margin-right-small:0px;--awb-margin-bottom-small:20px;--awb-margin-left-small:0px;\"><h2 class=\"fusion-title-heading title-heading-center fusion-responsive-typography-calculated\" style=\"margin:0;--fontSize:28;line-height:1.25;\"><p style=\"text-align: center;\"><strong>Le ultime notizie dalla redazione di 101Proservices<\/strong><\/p><\/h2><\/div><div class=\"fusion-blog-shortcode fusion-blog-shortcode-1 fusion-blog-archive fusion-blog-layout-grid-wrapper fusion-blog-pagination\"><style type=\"text\/css\">.fusion-blog-shortcode-1 .fusion-blog-layout-grid .fusion-post-grid{padding:20px;}.fusion-blog-shortcode-1 .fusion-posts-container{margin-left: -20px !important; margin-right:-20px !important;}<\/style><div class=\"fusion-posts-container fusion-posts-container-pagination fusion-blog-rollover fusion-blog-layout-grid fusion-blog-layout-grid-3 isotope fusion-blog-equal-heights\" data-pages=\"1\" data-grid-col-space=\"40\" style=\"margin: -20px -20px 0;min-height:500px;\"><article id=\"blog-1-post-10499\" class=\"fusion-post-grid post-10499 post type-post status-publish format-standard has-post-thumbnail hentry category-uncategorized-ro\">\n<div class=\"fusion-post-wrapper\" style=\"background-color:rgba(255,255,255,1);border:none;\">\n\n\t\t\t<div class=\"fusion-flexslider flexslider fusion-flexslider-loading fusion-post-slideshow\" style=\"border-color:rgba(255,255,255,0);\">\n\t\t<ul class=\"slides\">\n\t\t\t\n\t\t\t\t\t\t\t\t\t\t\t\t\t\t<li><div  class=\"fusion-image-wrapper\" aria-haspopup=\"true\">\n\t\t\t\t<img decoding=\"async\" width=\"750\" height=\"480\" src=\"https:\/\/www.101proservices.com\/wp-content\/uploads\/TRADUZIONI-EDITORIALI.jpg\" class=\"attachment-full size-full wp-post-image\" alt=\"\" srcset=\"https:\/\/www.101proservices.com\/wp-content\/uploads\/TRADUZIONI-EDITORIALI-200x128.jpg 200w, https:\/\/www.101proservices.com\/wp-content\/uploads\/TRADUZIONI-EDITORIALI-400x256.jpg 400w, https:\/\/www.101proservices.com\/wp-content\/uploads\/TRADUZIONI-EDITORIALI-600x384.jpg 600w, https:\/\/www.101proservices.com\/wp-content\/uploads\/TRADUZIONI-EDITORIALI.jpg 750w\" sizes=\"(min-width: 2200px) 100vw, (min-width: 824px) 400px, (min-width: 732px) 600px, (min-width: 640px) 732px, \" \/><div class=\"fusion-rollover\">\n\t<div class=\"fusion-rollover-content\">\n\n\t\t\t\t\t\t\t\t\t\t\t\t\t\t<a class=\"fusion-rollover-link\" href=\"https:\/\/www.101proservices.com\/ro\/traduceri-editoriale\/\">Traduceri editoriale<\/a>\n\t\t\t\n\t\t\t\t\t\t\t\t\n\t\t\n\t\t\t\t\t\t\t\t\n\t\t\t\t\t\t\t\t\n\t\t\n\t\t\t\t\t\t<a class=\"fusion-link-wrapper\" href=\"https:\/\/www.101proservices.com\/ro\/traduceri-editoriale\/\" aria-label=\"Traduceri editoriale\"><\/a>\n\t<\/div>\n<\/div>\n<\/div>\n<\/li>\n\t\t\t\n\t\t\t\n\t\t\t\t\t\t\t\t\t\t\t\t\t\t\t\t\t\t\t\t\t\t\t\t\t\t\t\t\t\t\t\t\t\t\t\t\t\t\t\t\t\t\t\t\t\t\t\t\t\t\t\t\t\t\t\t\t\t\t\t\t\t\t\t\t\t\t\t<\/ul>\n\t<\/div>\n\t<div class=\"fusion-post-content-wrapper\" style=\"padding:30px 25px 20px 25px;\"><div class=\"fusion-post-content post-content\"><h2 class=\"blog-shortcode-post-title entry-title\"><a href=\"https:\/\/www.101proservices.com\/ro\/traduceri-editoriale\/\">Traduceri editoriale<\/a><\/h2><span class=\"vcard\" style=\"display: none;\"><span class=\"fn\"><a href=\"https:\/\/www.101proservices.com\/ro\/author\/copywriter\/\" title=\"Articole de copywriter\" rel=\"author\">copywriter<\/a><\/span><\/span><span class=\"updated\" style=\"display:none;\">2025-01-10T10:32:41+01:00<\/span><div class=\"fusion-content-sep sep-none\"><\/div><div class=\"fusion-post-content-container\"><p> Serviciu de traducere texte editoriale cu exper\u021bi vorbitori nativi  Biroul 101ProServices efectueaz\u0103 traduceri editoriale \u00een toate sectoarele realizate de traduc\u0103tori califica\u021bi cu experien\u021b\u0103<a href=\"https:\/\/www.101proservices.com\/ro\/traduceri-editoriale\/\"> [...]<\/a><\/p><\/div><\/div><\/div><div class=\"fusion-clearfix\"><\/div><\/div>\n<\/article>\n<div class=\"fusion-clearfix\"><\/div><\/div><\/div><\/div><\/div><\/div><\/div>\n","protected":false},"excerpt":{"rendered":"","protected":false},"author":6,"featured_media":0,"parent":0,"menu_order":0,"comment_status":"closed","ping_status":"closed","template":"100-width.php","meta":{"inline_featured_image":false,"footnotes":""},"class_list":["post-9889","page","type-page","status-publish","hentry"],"_links":{"self":[{"href":"https:\/\/www.101proservices.com\/ro\/wp-json\/wp\/v2\/pages\/9889","targetHints":{"allow":["GET"]}}],"collection":[{"href":"https:\/\/www.101proservices.com\/ro\/wp-json\/wp\/v2\/pages"}],"about":[{"href":"https:\/\/www.101proservices.com\/ro\/wp-json\/wp\/v2\/types\/page"}],"author":[{"embeddable":true,"href":"https:\/\/www.101proservices.com\/ro\/wp-json\/wp\/v2\/users\/6"}],"replies":[{"embeddable":true,"href":"https:\/\/www.101proservices.com\/ro\/wp-json\/wp\/v2\/comments?post=9889"}],"version-history":[{"count":3,"href":"https:\/\/www.101proservices.com\/ro\/wp-json\/wp\/v2\/pages\/9889\/revisions"}],"predecessor-version":[{"id":9892,"href":"https:\/\/www.101proservices.com\/ro\/wp-json\/wp\/v2\/pages\/9889\/revisions\/9892"}],"wp:attachment":[{"href":"https:\/\/www.101proservices.com\/ro\/wp-json\/wp\/v2\/media?parent=9889"}],"curies":[{"name":"wp","href":"https:\/\/api.w.org\/{rel}","templated":true}]}}