{"id":9884,"date":"2024-10-28T11:31:54","date_gmt":"2024-10-28T10:31:54","guid":{"rendered":"https:\/\/staging.101proservices.com\/?page_id=9884"},"modified":"2024-11-19T10:59:55","modified_gmt":"2024-11-19T09:59:55","slug":"traduceri-engleza-italiana","status":"publish","type":"page","link":"https:\/\/www.101proservices.com\/ro\/servicii-de-traducere-lingvistica\/traduceri-engleza-italiana\/","title":{"rendered":"Traduceri \u00een Englez\u0103"},"content":{"rendered":"<p><div class=\"fusion-fullwidth fullwidth-box fusion-builder-row-1 fusion-flex-container nonhundred-percent-fullwidth non-hundred-percent-height-scrolling\" style=\"--awb-border-radius-top-left:0px;--awb-border-radius-top-right:0px;--awb-border-radius-bottom-right:0px;--awb-border-radius-bottom-left:0px;--awb-flex-wrap:wrap;\" ><div class=\"fusion-builder-row fusion-row fusion-flex-align-items-flex-start fusion-flex-content-wrap\" style=\"max-width:calc( 1280px + 0px );margin-left: calc(-0px \/ 2 );margin-right: calc(-0px \/ 2 );\"><div class=\"fusion-layout-column fusion_builder_column fusion-builder-column-0 fusion_builder_column_1_1 1_1 fusion-flex-column\" style=\"--awb-bg-size:cover;--awb-width-large:100%;--awb-margin-top-large:10px;--awb-spacing-right-large:0px;--awb-margin-bottom-large:10px;--awb-spacing-left-large:0px;--awb-width-medium:100%;--awb-spacing-right-medium:0px;--awb-spacing-left-medium:0px;--awb-width-small:100%;--awb-spacing-right-small:0px;--awb-spacing-left-small:0px;\"><div class=\"fusion-column-wrapper fusion-column-has-shadow fusion-flex-justify-content-flex-start fusion-content-layout-column\"><div class=\"fusion-text fusion-text-1\"><div id=\"attachment_2744\" style=\"width: 560px\" class=\"wp-caption alignleft\"><img decoding=\"async\" aria-describedby=\"caption-attachment-2744\" class=\"wp-image-2744\" style=\"padding: 15px;\" title=\"Traduceri profesionale din italian\u0103 \u00een englez\u0103 cu traduc\u0103tori \u0219i translatori autoriza\u021bi\" src=\"https:\/\/www.101proservices.com\/wp-content\/uploads\/2019\/05\/inglese.jpg\" alt=\"Bandiera inglese\" width=\"550\" height=\"352\" srcset=\"https:\/\/www.101proservices.com\/wp-content\/uploads\/inglese-200x128.jpg 200w, https:\/\/www.101proservices.com\/wp-content\/uploads\/inglese-300x192.jpg 300w, https:\/\/www.101proservices.com\/wp-content\/uploads\/inglese-400x256.jpg 400w, https:\/\/www.101proservices.com\/wp-content\/uploads\/inglese-460x295.jpg 460w, https:\/\/www.101proservices.com\/wp-content\/uploads\/inglese-600x384.jpg 600w, https:\/\/www.101proservices.com\/wp-content\/uploads\/inglese.jpg 750w\" sizes=\"(max-width: 550px) 100vw, 550px\" \/><p id=\"caption-attachment-2744\" class=\"wp-caption-text\">Traduceri profesionale din italian\u0103 \u00een englez\u0103<\/p><\/div>\n<h2 style=\"text-align: justify;\" data-wp-editing=\"1\">Traduceri profesionale din italian\u0103 \u00een englez\u0103 cu traduc\u0103tori \u0219i translatori autoriza\u021bi<\/h2>\n<p style=\"text-align: justify;\"><strong>Biroul nostru de traduceri din italian\u0103 \u00een englez\u0103<\/strong> cu sediul \u00een <strong>Roma<\/strong>, ofer\u0103 <strong>servicii profesionale de traducere <\/strong>tututor celor care doresc s\u0103-\u0219i dezvolte afacerea la nivel interna\u0163ional, traduceri corecte \u0219i de calitate.<\/p>\n<p style=\"text-align: justify;\"><strong>Traducerea profesional\u0103 a unui text din italian\u0103 \u00een englez\u0103<\/strong> permite deschiderea unor ocazii noi \u00een c\u00e2mpul muncii care azi ar putea fi dificil de ob\u021binut din cauza unei preg\u0103tiri neadecvate sau mai bine spus din cauza lipsei unei structur\u0103ri a propriei societ\u0103\u021bii.<\/p>\n<\/div><div class=\"fusion-separator fusion-full-width-sep\" style=\"align-self: center;margin-left: auto;margin-right: auto;width:100%;\"><\/div><div class=\"fusion-text fusion-text-2\"><p style=\"text-align: justify;\">Dac\u0103 acest fapt este dificil de realizat, mai exact introducerea de <strong>personal traduc\u0103tori sau translatori profesioni\u0219ti \u00een interiorul propriei structuri organizative<\/strong>, adresarea unui birou de traduc\u0103tori calificati, simplific\u0103 \u0219i usureaza desfasurarea de <strong>traduceri de texte din limba italian\u0103 \u00een limbile germanice, mai exact textele traduse \u00een englez\u0103<\/strong>.<\/p>\n<p style=\"text-align: justify;\">Cheia succesului inseamn\u0103 s\u0103 ne adres\u0103m unor profesioni\u0219ti in domeniul traducerilor, in timp ce folosind serviciile online ale unor traduc\u0103toriori automatici este o solutie u\u0219oar\u0103 dar cu rezultate slabe \u0219i pe care nu ne putem baza. Asta se intampl\u0103 pentru c\u0103 traduc\u0103torii online nu reusesc s\u0103 interpreteze in mod corect toate exclama\u0163iile \u0219i modurile de exprimare, care nu pot fi traduse literar dar au nevoie de o corect\u0103 interpretare.<\/p>\n<p style=\"text-align: justify;\">Interpretarea unei fraze sau a unui concept, poate fi incredita\u0163\u0103 exclusiv unui personal calificat care cunoa\u0219te orice intortochere pentru a transforma fraza sau conceptul din italiana in engleza \u0219i invers.<\/p>\n<\/div><\/div><\/div><\/div><\/div><div class=\"fusion-fullwidth fullwidth-box fusion-builder-row-2 fusion-flex-container nonhundred-percent-fullwidth non-hundred-percent-height-scrolling\" style=\"--awb-border-radius-top-left:0px;--awb-border-radius-top-right:0px;--awb-border-radius-bottom-right:0px;--awb-border-radius-bottom-left:0px;--awb-padding-top:0px;--awb-padding-bottom:50px;--awb-margin-bottom:20px;--awb-background-color:#000000;--awb-flex-wrap:wrap;\" ><div class=\"fusion-builder-row fusion-row fusion-flex-align-items-flex-start fusion-flex-content-wrap\" style=\"max-width:1331.2px;margin-left: calc(-4% \/ 2 );margin-right: calc(-4% \/ 2 );\"><div class=\"fusion-layout-column fusion_builder_column fusion-builder-column-1 fusion_builder_column_1_1 1_1 fusion-flex-column fusion-flex-align-self-flex-start fusion-column-no-min-height\" style=\"--awb-bg-size:cover;--awb-width-large:100%;--awb-margin-top-large:0px;--awb-spacing-right-large:1.92%;--awb-margin-bottom-large:20px;--awb-spacing-left-large:1.92%;--awb-width-medium:100%;--awb-spacing-right-medium:1.92%;--awb-spacing-left-medium:1.92%;--awb-width-small:100%;--awb-spacing-right-small:1.92%;--awb-spacing-left-small:1.92%;\"><div class=\"fusion-column-wrapper fusion-column-has-shadow fusion-flex-justify-content-flex-start fusion-content-layout-column\"><div class=\"fusion-section-separator section-separator bigtriangle fusion-section-separator-1\" style=\"--awb-spacer-height:99px;--awb-svg-margin-left:1.92%;--awb-svg-margin-right:1.92%;--awb-svg-margin-left-medium:1.92%;--awb-svg-margin-right-medium:1.92%;--awb-svg-margin-left-small:1.92%;--awb-svg-margin-right-small:1.92%;--awb-divider-height:99px;--awb-spacer-padding-top:inherit;--awb-sep-padding:0;--awb-svg-padding:0;\"><div class=\"fusion-section-separator-svg\"><svg class=\"fusion-big-triangle-candy\" xmlns=\"http:\/\/www.w3.org\/2000\/svg\" version=\"1.1\" width=\"100%\" height=\"100\" viewBox=\"0 0 100 100\" preserveAspectRatio=\"none\" fill=\"rgba(255,255,255,1)\"><path d=\"M-1 -1 L50 99 L101 -1 Z\"><\/path><\/svg><\/div><div class=\"fusion-section-separator-spacer\"><div class=\"fusion-section-separator-spacer-height\"><\/div><\/div><\/div><\/div><\/div><div class=\"fusion-layout-column fusion_builder_column fusion-builder-column-2 fusion_builder_column_1_1 1_1 fusion-flex-column\" style=\"--awb-bg-size:cover;--awb-width-large:100%;--awb-margin-top-large:30px;--awb-spacing-right-large:1.92%;--awb-margin-bottom-large:10px;--awb-spacing-left-large:1.92%;--awb-width-medium:100%;--awb-spacing-right-medium:1.92%;--awb-spacing-left-medium:1.92%;--awb-width-small:100%;--awb-spacing-right-small:1.92%;--awb-spacing-left-small:1.92%;\"><div class=\"fusion-column-wrapper fusion-column-has-shadow fusion-flex-justify-content-flex-start fusion-content-layout-column\"><div class=\"fusion-separator fusion-full-width-sep\" style=\"align-self: center;margin-left: auto;margin-right: auto;margin-top:20px;margin-bottom:20px;width:100%;\"><\/div><div class=\"fusion-text fusion-text-3\"><p style=\"text-align: center; font-size: 26px;\"><span style=\"color: #ffffff;\">Efectuam si traduceri cu combinatii lingvistice, puteti gasi unele posibile combinatii lingvistice pe care biroul nostru de traduceri le ofera<\/span><\/p>\n<\/div><\/div><\/div><div class=\"fusion-layout-column fusion_builder_column fusion-builder-column-3 fusion_builder_column_1_5 1_5 fusion-flex-column\" style=\"--awb-bg-size:cover;--awb-width-large:20%;--awb-margin-top-large:10px;--awb-spacing-right-large:9.6%;--awb-margin-bottom-large:10px;--awb-spacing-left-large:9.6%;--awb-width-medium:100%;--awb-spacing-right-medium:1.92%;--awb-spacing-left-medium:1.92%;--awb-width-small:100%;--awb-spacing-right-small:1.92%;--awb-spacing-left-small:1.92%;\"><div class=\"fusion-column-wrapper fusion-column-has-shadow fusion-flex-justify-content-flex-start fusion-content-layout-column\"><\/div><\/div><div class=\"fusion-layout-column fusion_builder_column fusion-builder-column-4 fusion_builder_column_3_5 3_5 fusion-flex-column\" style=\"--awb-bg-size:cover;--awb-width-large:60%;--awb-margin-top-large:10px;--awb-spacing-right-large:3.2%;--awb-margin-bottom-large:10px;--awb-spacing-left-large:3.2%;--awb-width-medium:100%;--awb-spacing-right-medium:1.92%;--awb-spacing-left-medium:1.92%;--awb-width-small:100%;--awb-spacing-right-small:1.92%;--awb-spacing-left-small:1.92%;\"><div class=\"fusion-column-wrapper fusion-column-has-shadow fusion-flex-justify-content-flex-start fusion-content-layout-column\"><div ><a class=\"fusion-button button-flat button-xlarge button-custom fusion-button-default button-1 fusion-button-default-span fusion-button-default-type\" style=\"--button_accent_color:#ae1e80;--button_border_color:#ae1e80;--button_accent_hover_color:#ffffff;--button_border_hover_color:#ffffff;--button_border_width-top:2px;--button_border_width-right:2px;--button_border_width-bottom:2px;--button_border_width-left:2px;--button_gradient_top_color:#ffffff;--button_gradient_bottom_color:#ffffff;--button_gradient_top_color_hover:#ae1e80;--button_gradient_bottom_color_hover:#ae1e80;width:calc(100%);\" target=\"_self\" href=\"https:\/\/www.101proservices.com\/ro\/servicii-de-traducere-lingvistica\/\"><span class=\"fusion-button-text awb-button__text awb-button__text--default\">Vezi combinatiile lingvistice pe care le oferim<\/span><\/a><\/div><\/div><\/div><div class=\"fusion-layout-column fusion_builder_column fusion-builder-column-5 fusion_builder_column_1_5 1_5 fusion-flex-column\" style=\"--awb-bg-size:cover;--awb-width-large:20%;--awb-margin-top-large:10px;--awb-spacing-right-large:9.6%;--awb-margin-bottom-large:10px;--awb-spacing-left-large:9.6%;--awb-width-medium:100%;--awb-spacing-right-medium:1.92%;--awb-spacing-left-medium:1.92%;--awb-width-small:100%;--awb-spacing-right-small:1.92%;--awb-spacing-left-small:1.92%;\"><div class=\"fusion-column-wrapper fusion-column-has-shadow fusion-flex-justify-content-flex-start fusion-content-layout-column\"><\/div><\/div><\/div><\/div><div class=\"fusion-fullwidth fullwidth-box fusion-builder-row-3 fusion-flex-container nonhundred-percent-fullwidth non-hundred-percent-height-scrolling\" style=\"--awb-border-radius-top-left:0px;--awb-border-radius-top-right:0px;--awb-border-radius-bottom-right:0px;--awb-border-radius-bottom-left:0px;--awb-flex-wrap:wrap;\" ><div class=\"fusion-builder-row fusion-row fusion-flex-align-items-flex-start fusion-flex-content-wrap\" style=\"max-width:calc( 1280px + 0px );margin-left: calc(-0px \/ 2 );margin-right: calc(-0px \/ 2 );\"><div class=\"fusion-layout-column fusion_builder_column fusion-builder-column-6 fusion_builder_column_1_1 1_1 fusion-flex-column\" style=\"--awb-bg-size:cover;--awb-border-color:#ae1e80;--awb-border-top:0px;--awb-border-right:0px;--awb-border-bottom:0px;--awb-border-left:0px;--awb-border-style:solid;--awb-width-large:100%;--awb-margin-top-large:10px;--awb-spacing-right-large:0px;--awb-margin-bottom-large:10px;--awb-spacing-left-large:0px;--awb-width-medium:100%;--awb-spacing-right-medium:0px;--awb-spacing-left-medium:0px;--awb-width-small:100%;--awb-spacing-right-small:0px;--awb-spacing-left-small:0px;\"><div class=\"fusion-column-wrapper fusion-column-has-shadow fusion-flex-justify-content-flex-start fusion-content-layout-column\"><div class=\"fusion-text fusion-text-4\"><p style=\"text-align: justify;\">Italiana este una din limbile cu gramatica cea mai complex\u0103, ceea ce face ca traducerea ei \u00een limba englez\u0103 s\u0103 fie destul de greu, f\u0103r\u0103 sa se faca gre\u015feli. Totodat\u0103, este dificil\u0103 \u0219i transmiterea mesajului corect, far\u0103 modificarea versiunii mesajului original.<\/p>\n<p style=\"text-align: justify;\">Cum am specificat deja exist\u0103 <strong>programe de traducere online gratuite care permit o traducere rapid\u0103 a textului<\/strong> dar pericolul este acela c\u0103 se poate pierde fluiditatea unei coversa\u0163ii sau sensul unui mesaj. Este suficient s\u0103 ne gandim la <strong>traducerea spoturilor publicitare<\/strong>, unde grija \u0219i studiul cuvintelor sau frazelor este o metod\u0103 de a atrage interesul publicului. Dac\u0103 nu se reu\u0219e\u0219te traducerea lui cu aceea\u0219i eficien\u0163\u0103, rezultatul nu v\u0103 putea fi dec\u00e2t dezastruos, pierz\u00e2nd eficien\u0163a comunic\u0103rii.<\/p>\n<p style=\"text-align: justify;\">Acest aspect are o deosebit\u0103 importan\u0163\u0103 \u00een special pentru societ\u0103\u021bi care au ca scop transformarea spotului publicitar \u00een poten\u0163iali clienti. A\u0219adar, este necesar s\u0103 ne g\u00e2ndim dac\u0103 trebuie s\u0103 folosim <strong>programele automate de traducere gratuit\u0103 <\/strong>pe care le gasim online, sau s\u0103 mandateze <strong>serviciul de traducere din italian\u0103 \u00een englez\u0103<\/strong>, sau invers, profesioni\u0219tilor care, \u00een fiecare zi, se ocup\u0103 de traduceri.<\/p>\n<\/div><\/div><\/div><div class=\"fusion-layout-column fusion_builder_column fusion-builder-column-7 fusion_builder_column_1_1 1_1 fusion-flex-column\" style=\"--awb-padding-top:20px;--awb-padding-right:20px;--awb-padding-bottom:20px;--awb-padding-left:20px;--awb-bg-color:#dddddd;--awb-bg-color-hover:#dddddd;--awb-bg-size:cover;--awb-border-color:#ae1e80;--awb-border-top:0px;--awb-border-right:0px;--awb-border-bottom:0px;--awb-border-left:0px;--awb-border-style:solid;--awb-width-large:100%;--awb-margin-top-large:10px;--awb-spacing-right-large:0px;--awb-margin-bottom-large:10px;--awb-spacing-left-large:0px;--awb-width-medium:100%;--awb-spacing-right-medium:0px;--awb-spacing-left-medium:0px;--awb-width-small:100%;--awb-spacing-right-small:0px;--awb-spacing-left-small:0px;\"><div class=\"fusion-column-wrapper fusion-column-has-shadow fusion-flex-justify-content-flex-start fusion-content-layout-column\"><div class=\"fusion-text fusion-text-5\"><h2 style=\"text-align: center;\"><span style=\"color: #ae1e80;\">Traducere din englez\u0103 \u00een italian\u0103<\/span><\/h2>\n<p style=\"text-align: justify;\">Prin <strong>serviciul de traducere de texte din limba englez\u0103 \u00een limba italian\u0103<\/strong>, tot ceea ce a fost evidentiat \u00een paragraful de mai sus cap\u0103t\u0103 un sens mai concret din punctul de vedere al comunic\u0103rii. L\u0103s\u00e2nd la o parte pentru un moment firul <strong>comunic\u0103rii publicitare<\/strong>, mai exact marketingul, <strong>limba englez\u0103<\/strong> este prin tradi\u0163ie \u0219i istorie, cea mai folosit\u0103 limb\u0103 din lume \u0219i \u00een englez\u0103 sunt scrise <strong>documente \u015ftiin\u0163ifice \u0219i manuale tehnice care vor fi mai apoi traduse \u00een limba de interes.<\/strong><\/p>\n<p style=\"text-align: justify;\">Limba englez\u0103 are \u00een lume 350 milioane de vorbitori nativi, asta inseamn\u0103 ca azi sunt milioane de oameni care zilnic pentru munca sau pentru recreere, scriu sau comunic\u0103 \u00een limba englez\u0103. Acest fapt a permis limbii engleze s\u0103 fie limba standard, recunoscut\u0103 la nivel global cu toate ca imp\u0103rt\u0103\u015fe\u015fte cu <a href=\"https:\/\/www.101proservices.com\/ro\/traduceri-franceza-italiana\/\"><strong>limba francez\u0103<\/strong><\/a> 27% din cuvinte (asem\u0103nare care se concentreaz\u0103 \u00een cuvinte \u0219i \u00een sens).<\/p>\n<p style=\"text-align: justify;\">Reamintind ca aceast\u0103 limb\u0103 germanic\u0103 este oficial vorbit\u0103 zilnic \u00een <strong>Marea Britanie, Irlanda, Malta, Statele Unite, Australia, Canada \u0219i Jamaica<\/strong>, extinz\u00e2ndu-se p\u00e2n\u0103 \u00een multe state africane. Dac\u0103 societatea dumneavoastr\u0103 are rela\u0163ii de lucru \u00een \u0163\u0103rile de mai sus, este important pentru afacere s\u0103 apela\u0163i la translatori calificati: fiind \u00een joc reputa\u0163ia pripriei societ\u0103\u021bi.<\/p>\n<\/div><\/div><\/div><\/div><\/div><div class=\"fusion-fullwidth fullwidth-box fusion-builder-row-4 fusion-flex-container nonhundred-percent-fullwidth non-hundred-percent-height-scrolling\" style=\"--awb-background-position:left top;--awb-border-sizes-top:0px;--awb-border-sizes-bottom:0px;--awb-border-sizes-left:0px;--awb-border-sizes-right:0px;--awb-border-radius-top-left:0px;--awb-border-radius-top-right:0px;--awb-border-radius-bottom-right:0px;--awb-border-radius-bottom-left:0px;--awb-padding-right:30px;--awb-padding-left:30px;--awb-margin-top:20px;--awb-background-color:#b11376;--awb-flex-wrap:wrap;\" ><div class=\"fusion-builder-row fusion-row fusion-flex-align-items-flex-start fusion-flex-content-wrap\" style=\"max-width:1331.2px;margin-left: calc(-4% \/ 2 );margin-right: calc(-4% \/ 2 );\"><div class=\"fusion-layout-column fusion_builder_column fusion-builder-column-8 fusion_builder_column_2_3 2_3 fusion-flex-column fusion-flex-align-self-flex-start fusion-column-no-min-height\" style=\"--awb-bg-size:cover;--awb-width-large:66.666666666667%;--awb-margin-top-large:0%;--awb-spacing-right-large:2.88%;--awb-margin-bottom-large:10px;--awb-spacing-left-large:2.88%;--awb-width-medium:100%;--awb-spacing-right-medium:1.92%;--awb-spacing-left-medium:1.92%;--awb-width-small:100%;--awb-spacing-right-small:1.92%;--awb-spacing-left-small:1.92%;\"><div class=\"fusion-column-wrapper fusion-column-has-shadow fusion-flex-justify-content-flex-start fusion-content-layout-column\"><div class=\"fusion-separator fusion-no-small-visibility fusion-no-medium-visibility fusion-full-width-sep\" style=\"align-self: center;margin-left: auto;margin-right: auto;margin-top:20px;width:100%;\"><\/div><div class=\"fusion-text fusion-text-6\"><h3 style=\"font-size: 28px; color: #ffffff; text-align: center;\">Pentru traduceri Italian\u0103 Engleza \u0219i invers<\/h3>\n<\/div><\/div><\/div><div class=\"fusion-layout-column fusion_builder_column fusion-builder-column-9 fusion_builder_column_1_3 1_3 fusion-flex-column\" style=\"--awb-padding-top:20px;--awb-padding-bottom:20px;--awb-bg-size:cover;--awb-width-large:33.333333333333%;--awb-margin-top-large:10px;--awb-spacing-right-large:5.76%;--awb-margin-bottom-large:10px;--awb-spacing-left-large:5.76%;--awb-width-medium:100%;--awb-spacing-right-medium:1.92%;--awb-spacing-left-medium:1.92%;--awb-width-small:100%;--awb-spacing-right-small:1.92%;--awb-spacing-left-small:1.92%;\"><div class=\"fusion-column-wrapper fusion-column-has-shadow fusion-flex-justify-content-flex-start fusion-content-layout-column\"><div ><a class=\"fusion-button button-flat button-xlarge button-custom fusion-button-default button-2 fusion-button-default-span fusion-button-default-type\" style=\"--button_accent_color:#b11376;--button_border_color:#b11376;--button_accent_hover_color:#ffffff;--button_border_hover_color:#ffffff;--button_border_width-top:2px;--button_border_width-right:2px;--button_border_width-bottom:2px;--button_border_width-left:2px;--button_gradient_top_color:#ffffff;--button_gradient_bottom_color:#ffffff;--button_gradient_top_color_hover:#b11376;--button_gradient_bottom_color_hover:#b11376;width:calc(100%);\" target=\"_self\" href=\"https:\/\/www.101proservices.com\/ro\/contacte\/ \"><span class=\"fusion-button-text awb-button__text awb-button__text--default\">CERE\u021aI O OFERT\u0102<\/span><\/a><\/div><\/div><\/div><\/div><\/div><\/p>\n","protected":false},"excerpt":{"rendered":"","protected":false},"author":6,"featured_media":0,"parent":9898,"menu_order":0,"comment_status":"closed","ping_status":"closed","template":"100-width.php","meta":{"inline_featured_image":false,"footnotes":""},"class_list":["post-9884","page","type-page","status-publish","hentry"],"_links":{"self":[{"href":"https:\/\/www.101proservices.com\/ro\/wp-json\/wp\/v2\/pages\/9884","targetHints":{"allow":["GET"]}}],"collection":[{"href":"https:\/\/www.101proservices.com\/ro\/wp-json\/wp\/v2\/pages"}],"about":[{"href":"https:\/\/www.101proservices.com\/ro\/wp-json\/wp\/v2\/types\/page"}],"author":[{"embeddable":true,"href":"https:\/\/www.101proservices.com\/ro\/wp-json\/wp\/v2\/users\/6"}],"replies":[{"embeddable":true,"href":"https:\/\/www.101proservices.com\/ro\/wp-json\/wp\/v2\/comments?post=9884"}],"version-history":[{"count":4,"href":"https:\/\/www.101proservices.com\/ro\/wp-json\/wp\/v2\/pages\/9884\/revisions"}],"predecessor-version":[{"id":9888,"href":"https:\/\/www.101proservices.com\/ro\/wp-json\/wp\/v2\/pages\/9884\/revisions\/9888"}],"up":[{"embeddable":true,"href":"https:\/\/www.101proservices.com\/ro\/wp-json\/wp\/v2\/pages\/9898"}],"wp:attachment":[{"href":"https:\/\/www.101proservices.com\/ro\/wp-json\/wp\/v2\/media?parent=9884"}],"curies":[{"name":"wp","href":"https:\/\/api.w.org\/{rel}","templated":true}]}}