{"id":9712,"date":"2020-12-07T10:55:36","date_gmt":"2020-12-07T09:55:36","guid":{"rendered":"https:\/\/staging.101proservices.com\/?page_id=9712"},"modified":"2024-11-12T18:55:58","modified_gmt":"2024-11-12T17:55:58","slug":"contacte","status":"publish","type":"page","link":"https:\/\/www.101proservices.com\/ro\/contacte\/","title":{"rendered":"Contacte"},"content":{"rendered":"<p><div class=\"fusion-fullwidth fullwidth-box fusion-builder-row-1 fusion-flex-container nonhundred-percent-fullwidth non-hundred-percent-height-scrolling\" style=\"--awb-border-radius-top-left:0px;--awb-border-radius-top-right:0px;--awb-border-radius-bottom-right:0px;--awb-border-radius-bottom-left:0px;--awb-margin-top:20px;--awb-flex-wrap:wrap;\" ><div class=\"fusion-builder-row fusion-row fusion-flex-align-items-flex-start fusion-flex-content-wrap\" style=\"max-width:1331.2px;margin-left: calc(-4% \/ 2 );margin-right: calc(-4% \/ 2 );\"><div class=\"fusion-layout-column fusion_builder_column fusion-builder-column-0 fusion_builder_column_2_3 2_3 fusion-flex-column\" style=\"--awb-bg-blend:overlay;--awb-bg-size:cover;--awb-width-large:66.666666666667%;--awb-margin-top-large:10px;--awb-spacing-right-large:2.88%;--awb-margin-bottom-large:10px;--awb-spacing-left-large:2.88%;--awb-width-medium:100%;--awb-spacing-right-medium:1.92%;--awb-spacing-left-medium:1.92%;--awb-width-small:100%;--awb-spacing-right-small:1.92%;--awb-spacing-left-small:1.92%;\"><div class=\"fusion-column-wrapper fusion-column-has-shadow fusion-flex-justify-content-flex-start fusion-content-layout-column\"><div class=\"fusion-text fusion-text-1\"><p style=\"text-align: center; font-size: 20px;\"><strong>Scrie\u0163i-ne pentru a primi mai multe informa\u0163ii \u0219i detalii despre cerere, echipa 101ProServices este la dispozi\u0163ia dvs!<\/strong><\/p>\n<\/div><div class=\"fusion-text fusion-text-2\"><p><em>C\u00e2mpurile cu asterisc (<span style=\"color: #ff0000;\">*<\/span>) sunt obligatorii.<\/em><\/p>\n<\/div><script defer src=\"\/\/www.123formbuilder.com\/embed\/4850991.js\" data-role=\"form\" data-custom-vars=\"language=it\" data-default-width=\"650px\"><\/script><\/div><\/div><div class=\"fusion-layout-column fusion_builder_column fusion-builder-column-1 fusion_builder_column_1_3 1_3 fusion-flex-column\" style=\"--awb-bg-blend:overlay;--awb-bg-size:cover;--awb-width-large:33.333333333333%;--awb-margin-top-large:10px;--awb-spacing-right-large:5.76%;--awb-margin-bottom-large:10px;--awb-spacing-left-large:5.76%;--awb-width-medium:100%;--awb-spacing-right-medium:1.92%;--awb-spacing-left-medium:1.92%;--awb-width-small:100%;--awb-spacing-right-small:1.92%;--awb-spacing-left-small:1.92%;\"><div class=\"fusion-column-wrapper fusion-column-has-shadow fusion-flex-justify-content-flex-start fusion-content-layout-column\"><div class=\"fusion-text fusion-text-3\"><p style=\"font-size: 20px;\"><span style=\"color: #b11376;\"><strong>101 PROSERVICES S.R.L. (Italia)<\/strong><\/span><\/p>\n<\/div><ul style=\"--awb-iconcolor:#b11376;--awb-line-height:30.6px;--awb-icon-width:30.6px;--awb-icon-height:30.6px;--awb-icon-margin:12.6px;--awb-content-margin:43.2px;\" class=\"fusion-checklist fusion-checklist-1 fusion-checklist-default type-icons\"><li class=\"fusion-li-item\" style=\"\"><span class=\"icon-wrapper circle-no\"><i class=\"fusion-li-icon fa-whatsapp fab\" aria-hidden=\"true\"><\/i><\/span><div class=\"fusion-li-item-content\">\n<p style=\"font-size: 16px;\"><b>Mobil\/Whatsapp:<\/b> <a href=\"tel:+393899981463\">(+39) 389.99.81.463<\/a><\/p>\n<\/div><\/li><li class=\"fusion-li-item\" style=\"\"><span class=\"icon-wrapper circle-no\"><i class=\"fusion-li-icon fa-envelope far\" aria-hidden=\"true\"><\/i><\/span><div class=\"fusion-li-item-content\">\n<p style=\"font-size: 16px;\"><b>E-mail: <\/b><a href=\"mailto:info@101proservices.com\">info@101proservices.com<\/a><\/p>\n<\/div><\/li><li class=\"fusion-li-item\" style=\"\"><span class=\"icon-wrapper circle-no\"><i class=\"fusion-li-icon fa-envelope-open far\" aria-hidden=\"true\"><\/i><\/span><div class=\"fusion-li-item-content\">\n<p style=\"font-size: 16px;\"><b><strong>Posta certificata<\/strong>: <\/b><a href=\"mailto:101proservices@pec.it\">101proservices@pec.it<\/a><\/p>\n<\/div><\/li><li class=\"fusion-li-item\" style=\"\"><span class=\"icon-wrapper circle-no\"><i class=\"fusion-li-icon fa-map-marker-alt fas\" aria-hidden=\"true\"><\/i><\/span><div class=\"fusion-li-item-content\">\n<p style=\"font-size: 16px;\"><strong>Sediu Social\/Punct de lucru<\/strong>: Via Noto, 15\/17, 00182 Roma, Italia (Metro A &#8211; Ponte Lungo)<\/p>\n<\/div><\/li><li class=\"fusion-li-item\" style=\"\"><span class=\"icon-wrapper circle-no\"><i class=\"fusion-li-icon fa-clock fas\" aria-hidden=\"true\"><\/i><\/span><div class=\"fusion-li-item-content\"><b>Ore:<\/b> Luni-vineri 9.00am &#8211; 1.00pm e 2.30pm &#8211; 6.00pm <br \/>S\u00e2mb\u0103t\u0103 11.00am &#8211; 3.00pm<\/div><\/li><li class=\"fusion-li-item\" style=\"\"><span class=\"icon-wrapper circle-no\"><i class=\"fusion-li-icon fa-building far\" aria-hidden=\"true\"><\/i><\/span><div class=\"fusion-li-item-content\">\n<p style=\"font-size: 16px;\"><strong>Punct de lucru<\/strong>: Via Aldo Moro, 70 &#8211; 00047 Marino (RM) Doar cu programare<\/p>\n<\/div><\/li><\/ul><div class=\"fusion-separator fusion-full-width-sep\" style=\"align-self: center;margin-left: auto;margin-right: auto;margin-top:50px;margin-bottom:50px;width:100%;\"><div class=\"fusion-separator-border sep-single sep-solid\" style=\"--awb-height:20px;--awb-amount:20px;--awb-sep-color:#000000;border-color:#000000;border-top-width:2px;\"><\/div><\/div><div class=\"fusion-text fusion-text-4\"><p style=\"font-size: 20px;\"><span style=\"color: #b11376;\"><strong>101 PROSERVICES S.R.L. (Rom\u00e2nia)<\/strong><\/span><\/p>\n<\/div><ul style=\"--awb-iconcolor:#b11376;--awb-line-height:30.6px;--awb-icon-width:30.6px;--awb-icon-height:30.6px;--awb-icon-margin:12.6px;--awb-content-margin:43.2px;\" class=\"fusion-checklist fusion-checklist-2 fusion-checklist-default type-icons\"><li class=\"fusion-li-item\" style=\"\"><span class=\"icon-wrapper circle-no\"><i class=\"fusion-li-icon fa-whatsapp fab\" aria-hidden=\"true\"><\/i><\/span><div class=\"fusion-li-item-content\">\n<p style=\"font-size: 16px;\"><b>Mobil: <\/b>+4\/ 0763 030 488<\/p>\n<\/div><\/li><li class=\"fusion-li-item\" style=\"\"><span class=\"icon-wrapper circle-no\"><i class=\"fusion-li-icon fa-envelope far\" aria-hidden=\"true\"><\/i><\/span><div class=\"fusion-li-item-content\">\n<p style=\"font-size: 16px;\"><b>E-mail: <\/b><a href=\"mailto:craiova@101proservices.com\">craiova@101proservices.com<\/a><\/p>\n<\/div><\/li><li class=\"fusion-li-item\" style=\"\"><span class=\"icon-wrapper circle-no\"><i class=\"fusion-li-icon fa-building far\" aria-hidden=\"true\"><\/i><\/span><div class=\"fusion-li-item-content\">\n<p style=\"font-size: 16px;\"><strong>Sediu Social\/Punct de lucru<\/strong>: str. George Breazul, nr. 2, bl. H22, sc. 1, ap. 9, Mun. Craiova, jud. Dolj, 200040<\/p>\n<\/div><\/li><\/ul><\/div><\/div><\/div><\/div><div class=\"fusion-fullwidth fullwidth-box fusion-builder-row-2 fusion-flex-container hundred-percent-fullwidth non-hundred-percent-height-scrolling\" style=\"--awb-border-radius-top-left:0px;--awb-border-radius-top-right:0px;--awb-border-radius-bottom-right:0px;--awb-border-radius-bottom-left:0px;--awb-flex-wrap:wrap;\" ><div class=\"fusion-builder-row fusion-row fusion-flex-align-items-flex-start fusion-flex-content-wrap\" style=\"width:calc( 100% + 0px ) !important;max-width:calc( 100% + 0px ) !important;margin-left: calc(-0px \/ 2 );margin-right: calc(-0px \/ 2 );\"><div class=\"fusion-layout-column fusion_builder_column fusion-builder-column-2 fusion_builder_column_1_2 1_2 fusion-flex-column\" style=\"--awb-bg-blend:overlay;--awb-bg-size:cover;--awb-width-large:50%;--awb-margin-top-large:10px;--awb-spacing-right-large:10px;--awb-margin-bottom-large:10px;--awb-spacing-left-large:0px;--awb-width-medium:100%;--awb-spacing-right-medium:0px;--awb-spacing-left-medium:0px;--awb-width-small:100%;--awb-spacing-right-small:0px;--awb-spacing-left-small:0px;\"><div class=\"fusion-column-wrapper fusion-column-has-shadow fusion-flex-justify-content-flex-start fusion-content-layout-column\"><iframe src=\"https:\/\/www.google.com\/maps\/embed?pb=!1m18!1m12!1m3!1d742.6635308783283!2d12.51924992925082!3d41.87878749723266!2m3!1f0!2f0!3f0!3m2!1i1024!2i768!4f13.1!3m3!1m2!1s0x132f61f192bbc887%3A0x6e66e76522b42f97!2sVia%20Noto%2C%2015%2C%2000182%20Roma%20RM!5e0!3m2!1sit!2sit!4v1669633502818!5m2!1sit!2sit\" width=\"100%\" height=\"450\" style=\"border:0;\" allowfullscreen=\"\" loading=\"lazy\" referrerpolicy=\"no-referrer-when-downgrade\"><\/iframe><\/div><\/div><div class=\"fusion-layout-column fusion_builder_column fusion-builder-column-3 fusion_builder_column_1_2 1_2 fusion-flex-column\" style=\"--awb-bg-blend:overlay;--awb-bg-size:cover;--awb-width-large:50%;--awb-margin-top-large:10px;--awb-spacing-right-large:0px;--awb-margin-bottom-large:10px;--awb-spacing-left-large:10px;--awb-width-medium:100%;--awb-spacing-right-medium:0px;--awb-spacing-left-medium:0px;--awb-width-small:100%;--awb-spacing-right-small:0px;--awb-spacing-left-small:0px;\"><div class=\"fusion-column-wrapper fusion-column-has-shadow fusion-flex-justify-content-flex-start fusion-content-layout-column\"><iframe src=\"https:\/\/www.google.com\/maps\/embed?pb=!1m18!1m12!1m3!1d2975.955247390563!2d12.605771115437507!3d41.76462267923123!2m3!1f0!2f0!3f0!3m2!1i1024!2i768!4f13.1!3m3!1m2!1s0x13258f4502d68c81%3A0xb8d3ebb089134505!2sVia%20Aldo%20Moro%2C%2070%2C%2000040%20Marino%20RM!5e0!3m2!1sit!2sit!4v1612527820649!5m2!1sit!2sit\" width=\"100%\" height=\"450\" frameborder=\"0\" style=\"border:0\" allowfullscreen><\/iframe><\/div><\/div><\/div><\/div><\/p>\n","protected":false},"excerpt":{"rendered":"","protected":false},"author":6,"featured_media":0,"parent":0,"menu_order":14,"comment_status":"closed","ping_status":"closed","template":"100-width.php","meta":{"inline_featured_image":false,"footnotes":""},"class_list":["post-9712","page","type-page","status-publish","hentry"],"_links":{"self":[{"href":"https:\/\/www.101proservices.com\/ro\/wp-json\/wp\/v2\/pages\/9712","targetHints":{"allow":["GET"]}}],"collection":[{"href":"https:\/\/www.101proservices.com\/ro\/wp-json\/wp\/v2\/pages"}],"about":[{"href":"https:\/\/www.101proservices.com\/ro\/wp-json\/wp\/v2\/types\/page"}],"author":[{"embeddable":true,"href":"https:\/\/www.101proservices.com\/ro\/wp-json\/wp\/v2\/users\/6"}],"replies":[{"embeddable":true,"href":"https:\/\/www.101proservices.com\/ro\/wp-json\/wp\/v2\/comments?post=9712"}],"version-history":[{"count":1,"href":"https:\/\/www.101proservices.com\/ro\/wp-json\/wp\/v2\/pages\/9712\/revisions"}],"predecessor-version":[{"id":9714,"href":"https:\/\/www.101proservices.com\/ro\/wp-json\/wp\/v2\/pages\/9712\/revisions\/9714"}],"wp:attachment":[{"href":"https:\/\/www.101proservices.com\/ro\/wp-json\/wp\/v2\/media?parent=9712"}],"curies":[{"name":"wp","href":"https:\/\/api.w.org\/{rel}","templated":true}]}}