{"id":10175,"date":"2024-10-30T17:49:28","date_gmt":"2024-10-30T16:49:28","guid":{"rendered":"https:\/\/staging.101proservices.com\/?page_id=10175"},"modified":"2024-11-22T17:58:44","modified_gmt":"2024-11-22T16:58:44","slug":"servicii-de-interpretare","status":"publish","type":"page","link":"https:\/\/www.101proservices.com\/ro\/servicii-pentru-straini\/servicii-de-interpretare\/","title":{"rendered":"Interpretariat"},"content":{"rendered":"<p><div class=\"fusion-fullwidth fullwidth-box fusion-builder-row-1 fusion-flex-container nonhundred-percent-fullwidth non-hundred-percent-height-scrolling\" style=\"--awb-border-radius-top-left:0px;--awb-border-radius-top-right:0px;--awb-border-radius-bottom-right:0px;--awb-border-radius-bottom-left:0px;--awb-flex-wrap:wrap;\" ><div class=\"fusion-builder-row fusion-row fusion-flex-align-items-flex-start fusion-flex-content-wrap\" style=\"max-width:1331.2px;margin-left: calc(-4% \/ 2 );margin-right: calc(-4% \/ 2 );\"><div class=\"fusion-layout-column fusion_builder_column fusion-builder-column-0 fusion_builder_column_1_1 1_1 fusion-flex-column\" style=\"--awb-bg-size:cover;--awb-width-large:100%;--awb-margin-top-large:10px;--awb-spacing-right-large:1.92%;--awb-margin-bottom-large:10px;--awb-spacing-left-large:1.92%;--awb-width-medium:100%;--awb-spacing-right-medium:1.92%;--awb-spacing-left-medium:1.92%;--awb-width-small:100%;--awb-spacing-right-small:1.92%;--awb-spacing-left-small:1.92%;\"><div class=\"fusion-column-wrapper fusion-column-has-shadow fusion-flex-justify-content-flex-start fusion-content-layout-column\"><div class=\"fusion-text fusion-text-1\"><h2 style=\"text-align: justify;\">Ce este interpretariatul \u0219i ce il deosebeste de interpretare.<\/h2>\n<p style=\"text-align: justify;\"><strong>Interpretariatul<\/strong> este o activitate care const\u0103 \u00een stabilirea unei comunic\u0103ri orale sau a semnelor intre doi sau mai mult participan\u0163i la o conversa\u0163ie care nu imp\u0103rt\u0103\u015fesc acela\u015fi cod lingvistic. Trebuie remarcat faptul c\u0103 uneori cuvintele <strong>interpretariat <\/strong>\u015fi<strong> interpretare<\/strong> pot s\u0103 denumeasc\u0103 aceea\u0219i activitate, dar, \u00een timp ce prima arat\u0103 o activitate in general (inteleas\u0103 ca profesie), a doua se refer\u0103 in special la <strong>performan\u0163a translatorului<\/strong>.<\/p>\n<p style=\"text-align: justify;\"><strong>Interpretarea<\/strong> face parte, impreun\u0103 cu traducerea, din conceptul general de <strong>mediere lingvistic\u0103 \u0219i cultural<\/strong>\u0103. Interpretul \/ Translatorul, nu este un traduc\u0103tor: este vorba despre dou\u0103 profesii cu atribu\u0163ii diferite, chiar dac\u0103 deseori se confund\u0103 una cu cealalt\u0103. In general, se poate spune ca <strong>traducerea<\/strong> este transmiterea mesajului dintr-o limb\u0103 in alta \u00een scris, \u00een timp ce <strong>intrepretarea<\/strong> se face pe canal verbal sau cu ajutorul mimicii (\u00een cazul limbii semnelor). A\u0219adar, \u00een momentul in\u0163elegerii limbii \u0219i a sensului transmis, cele dou\u0103 opera\u0163ii sunt asem\u0103n\u0103toare, apoi str\u0103zile se bifurc\u0103.<\/p>\n<\/div><div class=\"fusion-builder-row fusion-builder-row-inner fusion-row fusion-flex-align-items-flex-start fusion-flex-content-wrap\" style=\"--awb-flex-grow:0;--awb-flex-grow-medium:0;--awb-flex-grow-small:0;--awb-flex-shrink:0;--awb-flex-shrink-medium:0;--awb-flex-shrink-small:0;width:104% !important;max-width:104% !important;margin-left: calc(-4% \/ 2 );margin-right: calc(-4% \/ 2 );\"><div class=\"fusion-layout-column fusion_builder_column_inner fusion-builder-nested-column-0 fusion_builder_column_inner_1_2 1_2 fusion-flex-column\" style=\"--awb-bg-size:cover;--awb-width-large:50%;--awb-margin-top-large:10px;--awb-spacing-right-large:3.84%;--awb-margin-bottom-large:10px;--awb-spacing-left-large:3.84%;--awb-width-medium:100%;--awb-spacing-right-medium:1.92%;--awb-spacing-left-medium:1.92%;--awb-width-small:100%;--awb-spacing-right-small:1.92%;--awb-spacing-left-small:1.92%;\"><div class=\"fusion-column-wrapper fusion-column-has-shadow fusion-flex-justify-content-flex-start fusion-content-layout-column\"><div class=\"fusion-image-element \" style=\"--awb-caption-title-font-family:var(--h2_typography-font-family);--awb-caption-title-font-weight:var(--h2_typography-font-weight);--awb-caption-title-font-style:var(--h2_typography-font-style);--awb-caption-title-size:var(--h2_typography-font-size);--awb-caption-title-transform:var(--h2_typography-text-transform);--awb-caption-title-line-height:var(--h2_typography-line-height);--awb-caption-title-letter-spacing:var(--h2_typography-letter-spacing);\"><span class=\" fusion-imageframe imageframe-none imageframe-1 hover-type-none\"><img decoding=\"async\" width=\"900\" height=\"600\" title=\"Servizi di interpretariato\" src=\"https:\/\/www.101proservices.com\/wp-content\/uploads\/2019\/05\/interpretariato-1.jpg\" alt class=\"img-responsive wp-image-9071\" srcset=\"https:\/\/www.101proservices.com\/wp-content\/uploads\/interpretariato-1-200x133.jpg 200w, https:\/\/www.101proservices.com\/wp-content\/uploads\/interpretariato-1-400x267.jpg 400w, https:\/\/www.101proservices.com\/wp-content\/uploads\/interpretariato-1-600x400.jpg 600w, https:\/\/www.101proservices.com\/wp-content\/uploads\/interpretariato-1-800x533.jpg 800w, https:\/\/www.101proservices.com\/wp-content\/uploads\/interpretariato-1.jpg 900w\" sizes=\"(max-width: 1024px) 100vw, (max-width: 640px) 100vw, 800px\" \/><\/span><\/div><\/div><\/div><div class=\"fusion-layout-column fusion_builder_column_inner fusion-builder-nested-column-1 fusion_builder_column_inner_1_2 1_2 fusion-flex-column\" style=\"--awb-bg-size:cover;--awb-width-large:50%;--awb-margin-top-large:10px;--awb-spacing-right-large:3.84%;--awb-margin-bottom-large:10px;--awb-spacing-left-large:3.84%;--awb-width-medium:100%;--awb-spacing-right-medium:1.92%;--awb-spacing-left-medium:1.92%;--awb-width-small:100%;--awb-spacing-right-small:1.92%;--awb-spacing-left-small:1.92%;\"><div class=\"fusion-column-wrapper fusion-column-has-shadow fusion-flex-justify-content-flex-start fusion-content-layout-column\"><div class=\"fusion-text fusion-text-2\"><p>Concentrandu-ne pe <strong>interpretariat<\/strong>, interpretarea nu inseamn\u0103 traducerea cuv\u00e2nt cu cuv\u00e2nt, ci transmiterea fidel\u0103 a mesajului dintr-o limb\u0103 \u00een alta. Spre deosebire de traduc\u0103tor, translatorului <strong>consecutiv <\/strong>sau<strong> simultan<\/strong> lucreaz\u0103 pe mesaje trec\u0103toare pe care trebuie s\u0103 la transmit\u0103 instant; inseamn\u0103 ca are pu\u0163in timp la dispozi\u0163ie s\u0103 se gandeasc\u0103 \u0219i s\u0103 caute stilul adecvat. A\u0219adar translatorul presteaz\u0103 activitatea \u00een timp real \u0219i \u00een contact direct cu vorbitorul \u0219i destinatarul mesajului, \u00een timp ce accesul cititorului \u0219i opera de mediere a unui traducator se desf\u0103\u015foar\u0103 \u00een locuri \u0219i momente diferite care pot s\u0103 insemne \u0219i secole.<\/p>\n<p>&#8222;<em>Traduc\u0103torul este cu siguran\u0163\u0103 singurul cititor autentic al unui text. Mai mult decat orice critic, poate chiar decat autorul insu\u0219i. Din moment ce criticul este doar pe\u0163itor, autorul este tat\u0103 \u0219i so\u0163, \u00een timp ce traduc\u0103torul este amant<\/em>&#8221;<\/p>\n<\/div><\/div><\/div><\/div><\/div><\/div><\/div><\/div><div class=\"fusion-fullwidth fullwidth-box fusion-builder-row-2 fusion-flex-container nonhundred-percent-fullwidth non-hundred-percent-height-scrolling\" style=\"--awb-background-position:left top;--awb-border-sizes-top:0px;--awb-border-sizes-bottom:0px;--awb-border-sizes-left:0px;--awb-border-sizes-right:0px;--awb-border-radius-top-left:0px;--awb-border-radius-top-right:0px;--awb-border-radius-bottom-right:0px;--awb-border-radius-bottom-left:0px;--awb-padding-right:30px;--awb-padding-left:30px;--awb-margin-top:20px;--awb-background-color:#b11376;--awb-flex-wrap:wrap;\" ><div class=\"fusion-builder-row fusion-row fusion-flex-align-items-flex-start fusion-flex-content-wrap\" style=\"max-width:1331.2px;margin-left: calc(-4% \/ 2 );margin-right: calc(-4% \/ 2 );\"><div class=\"fusion-layout-column fusion_builder_column fusion-builder-column-1 fusion_builder_column_2_3 2_3 fusion-flex-column fusion-flex-align-self-flex-start fusion-column-no-min-height\" style=\"--awb-bg-size:cover;--awb-width-large:66.666666666667%;--awb-margin-top-large:0%;--awb-spacing-right-large:2.88%;--awb-margin-bottom-large:10px;--awb-spacing-left-large:2.88%;--awb-width-medium:100%;--awb-spacing-right-medium:1.92%;--awb-spacing-left-medium:1.92%;--awb-width-small:100%;--awb-spacing-right-small:1.92%;--awb-spacing-left-small:1.92%;\"><div class=\"fusion-column-wrapper fusion-column-has-shadow fusion-flex-justify-content-flex-start fusion-content-layout-column\"><div class=\"fusion-separator fusion-no-small-visibility fusion-no-medium-visibility fusion-full-width-sep\" style=\"align-self: center;margin-left: auto;margin-right: auto;margin-top:20px;width:100%;\"><\/div><div class=\"fusion-text fusion-text-3\"><h3 style=\"font-size: 28px; color: #ffffff; text-align: center;\"><span style=\"color: #ffffff;\">Dac\u0103 aveti nevoie de un interpret\/translator <\/span><\/h3>\n<\/div><\/div><\/div><div class=\"fusion-layout-column fusion_builder_column fusion-builder-column-2 fusion_builder_column_1_3 1_3 fusion-flex-column\" style=\"--awb-padding-top:20px;--awb-padding-bottom:20px;--awb-bg-size:cover;--awb-width-large:33.333333333333%;--awb-margin-top-large:10px;--awb-spacing-right-large:5.76%;--awb-margin-bottom-large:10px;--awb-spacing-left-large:5.76%;--awb-width-medium:100%;--awb-spacing-right-medium:1.92%;--awb-spacing-left-medium:1.92%;--awb-width-small:100%;--awb-spacing-right-small:1.92%;--awb-spacing-left-small:1.92%;\"><div class=\"fusion-column-wrapper fusion-column-has-shadow fusion-flex-justify-content-flex-start fusion-content-layout-column\"><div ><a class=\"fusion-button button-flat button-xlarge button-custom fusion-button-default button-1 fusion-button-default-span fusion-button-default-type\" style=\"--button_accent_color:#b11376;--button_border_color:#b11376;--button_accent_hover_color:#ffffff;--button_border_hover_color:#ffffff;--button_border_width-top:2px;--button_border_width-right:2px;--button_border_width-bottom:2px;--button_border_width-left:2px;--button_gradient_top_color:#ffffff;--button_gradient_bottom_color:#ffffff;--button_gradient_top_color_hover:#b11376;--button_gradient_bottom_color_hover:#b11376;width:calc(100%);\" target=\"_self\" href=\"https:\/\/www.101proservices.com\/ro\/contacte\/\"><span class=\"fusion-button-text awb-button__text awb-button__text--default\">CERE\u021aI O OFERT\u0102<\/span><\/a><\/div><\/div><\/div><\/div><\/div><\/p>\n","protected":false},"excerpt":{"rendered":"","protected":false},"author":6,"featured_media":0,"parent":9911,"menu_order":6,"comment_status":"closed","ping_status":"closed","template":"100-width.php","meta":{"inline_featured_image":false,"footnotes":""},"class_list":["post-10175","page","type-page","status-publish","hentry"],"_links":{"self":[{"href":"https:\/\/www.101proservices.com\/ro\/wp-json\/wp\/v2\/pages\/10175","targetHints":{"allow":["GET"]}}],"collection":[{"href":"https:\/\/www.101proservices.com\/ro\/wp-json\/wp\/v2\/pages"}],"about":[{"href":"https:\/\/www.101proservices.com\/ro\/wp-json\/wp\/v2\/types\/page"}],"author":[{"embeddable":true,"href":"https:\/\/www.101proservices.com\/ro\/wp-json\/wp\/v2\/users\/6"}],"replies":[{"embeddable":true,"href":"https:\/\/www.101proservices.com\/ro\/wp-json\/wp\/v2\/comments?post=10175"}],"version-history":[{"count":4,"href":"https:\/\/www.101proservices.com\/ro\/wp-json\/wp\/v2\/pages\/10175\/revisions"}],"predecessor-version":[{"id":10179,"href":"https:\/\/www.101proservices.com\/ro\/wp-json\/wp\/v2\/pages\/10175\/revisions\/10179"}],"up":[{"embeddable":true,"href":"https:\/\/www.101proservices.com\/ro\/wp-json\/wp\/v2\/pages\/9911"}],"wp:attachment":[{"href":"https:\/\/www.101proservices.com\/ro\/wp-json\/wp\/v2\/media?parent=10175"}],"curies":[{"name":"wp","href":"https:\/\/api.w.org\/{rel}","templated":true}]}}