{"id":10171,"date":"2024-10-30T17:42:36","date_gmt":"2024-10-30T16:42:36","guid":{"rendered":"https:\/\/staging.101proservices.com\/?page_id=10171"},"modified":"2024-11-22T17:53:12","modified_gmt":"2024-11-22T16:53:12","slug":"declaratie-de-valoare","status":"publish","type":"page","link":"https:\/\/www.101proservices.com\/ro\/servicii-pentru-straini\/declaratie-de-valoare\/","title":{"rendered":"Declara\u021bie de valoare"},"content":{"rendered":"<p><div class=\"fusion-fullwidth fullwidth-box fusion-builder-row-1 fusion-flex-container nonhundred-percent-fullwidth non-hundred-percent-height-scrolling\" style=\"--awb-border-radius-top-left:0px;--awb-border-radius-top-right:0px;--awb-border-radius-bottom-right:0px;--awb-border-radius-bottom-left:0px;--awb-flex-wrap:wrap;\" ><div class=\"fusion-builder-row fusion-row fusion-flex-align-items-flex-start fusion-flex-content-wrap\" style=\"max-width:1331.2px;margin-left: calc(-4% \/ 2 );margin-right: calc(-4% \/ 2 );\"><div class=\"fusion-layout-column fusion_builder_column fusion-builder-column-0 fusion_builder_column_1_1 1_1 fusion-flex-column\" style=\"--awb-bg-size:cover;--awb-width-large:100%;--awb-margin-top-large:10px;--awb-spacing-right-large:1.92%;--awb-margin-bottom-large:10px;--awb-spacing-left-large:1.92%;--awb-width-medium:100%;--awb-spacing-right-medium:1.92%;--awb-spacing-left-medium:1.92%;--awb-width-small:100%;--awb-spacing-right-small:1.92%;--awb-spacing-left-small:1.92%;\"><div class=\"fusion-column-wrapper fusion-column-has-shadow fusion-flex-justify-content-flex-start fusion-content-layout-column\"><div class=\"fusion-text fusion-text-1\"><h2 style=\"text-align: center;\">Recunoa\u0219terea titlului de studiu prin intermediul declara\u021biei de valoare<\/h2>\n<p style=\"text-align: justify;\"><strong>Biroul de traduceri 101ProServices<\/strong> poate s\u0103 v\u0103 ajute <strong>s\u0103 ob\u0163ine\u0163i Declara\u021bia de Valoare pentru titlul dvs. de studiu<\/strong>. Ne angaj\u0103m s\u0103 preg\u0103tim tot dosarul necesar echival\u0103rii titlurilor ob\u021binute \u00een str\u0103in\u0103tate, inclusiv obtinerea de documente necesare din str\u0103in\u0103tate unde va fi f\u0103cut\u0103 cererea pentru <strong>declara\u021bia de valoarea a titlului de studiu<\/strong>. Declara\u021bia de valoarea este un document eliberat de c\u0103tre autorit\u0103\u0163ile consulare italiene celor care au ob\u021binut o diplom\u0103 de studiu \u00een str\u0103in\u0103tate \u0219i doresc s\u0103 continue studiile \u00een Italia sau s\u0103 inceap\u0103 procedura de echivalare a titlurilor de studiu de recunoa\u0219tere profesional\u0103.<\/p>\n<p style=\"text-align: justify;\">Datele prezente in Declara\u0163ia de Valoare se refer\u0103 la Institu\u0163ia \u015ecolar\u0103 sau Universitar\u0103, valoarea titlului de studiu in \u0162ara in care acesta a fost ob\u0163inut, durata cursurilor, \u015fi orice alt\u0103 informa\u0163ie considerat\u0103 util\u0103 pentru evaluarea titlului in Italia. <strong>Suntem specializa\u0163i in mod deosebit in ob\u0163inerea declara\u0163iei de valoare din Rom\u00e2nia<\/strong>.<\/p>\n<div id=\"attachment_3602\" style=\"width: 588px\" class=\"wp-caption alignleft\"><img decoding=\"async\" aria-describedby=\"caption-attachment-3602\" class=\"wp-image-3602\" src=\"https:\/\/www.101proservices.com\/wp-content\/uploads\/2019\/06\/riconoscimento-titolo-di-studio.jpg\" alt=\"Declara\u021bii de valoare titlu de studiu\" width=\"578\" height=\"370\" srcset=\"https:\/\/www.101proservices.com\/wp-content\/uploads\/riconoscimento-titolo-di-studio-200x128.jpg 200w, https:\/\/www.101proservices.com\/wp-content\/uploads\/riconoscimento-titolo-di-studio-300x192.jpg 300w, https:\/\/www.101proservices.com\/wp-content\/uploads\/riconoscimento-titolo-di-studio-400x256.jpg 400w, https:\/\/www.101proservices.com\/wp-content\/uploads\/riconoscimento-titolo-di-studio-460x295.jpg 460w, https:\/\/www.101proservices.com\/wp-content\/uploads\/riconoscimento-titolo-di-studio-600x384.jpg 600w, https:\/\/www.101proservices.com\/wp-content\/uploads\/riconoscimento-titolo-di-studio.jpg 750w\" sizes=\"(max-width: 578px) 100vw, 578px\" \/><p id=\"caption-attachment-3602\" class=\"wp-caption-text\">Declara\u021bii de valoare titlu de studiu<\/p><\/div>\n<p>Declara\u0163ia de valoare se elibereaz\u0103 pentru urm\u0103toarele titluri:<\/p>\n<p>&#8211; diplom\u0103 \/ certificat 8 clase<br \/>\n&#8211; certificat de absolvire<br \/>\n&#8211; diplom\u0103 de absolvire a inv\u0103\u0163\u0103mantului obligatoriu 10 clase<br \/>\n&#8211; diplom\u0103 scoala profesional\u0103 (minim 3 ani)<br \/>\n&#8211; diplom\u0103 de bacalaureat<br \/>\n&#8211; diplom\u0103 de licen\u0163\u0103<br \/>\n&#8211; diplom\u0103 de master<br \/>\n&#8211; diplom\u0103 de doctorat<\/p>\n<\/div><div class=\"fusion-separator fusion-full-width-sep\" style=\"align-self: center;margin-left: auto;margin-right: auto;width:100%;\"><\/div><div class=\"fusion-text fusion-text-2\"><h2 style=\"text-align: justify;\">Documentele necesare pentru ob\u0163inerea declara\u021biei de valoare pentru cet\u0103\u0163enii rom\u00e2ni<\/h2>\n<p style=\"text-align: justify;\">\u00cen Rom\u00e2nia, \u201c<strong>Declara\u021bia de valoare<\/strong>\u201d se poate obtine \u00een urma unei program\u0103ri la <strong>Canceleria Consulara a Ambasadei Italiei <\/strong>la Bucuresti sau la<strong> Consulatul General din Timisoara<\/strong>.<\/p>\n<p style=\"text-align: justify;\"><strong>Declara\u021bia de Valoare<\/strong> este necesara pentru obtinerea:<\/p>\n<p style=\"text-align: justify;\">&#8211; recunoa\u0219terii titlului de studiu;<br \/>\n&#8211; recunoa\u0219terii profesionale.<\/p>\n<p style=\"text-align: justify;\">Cet\u0103\u0163enii rom\u00e2ni sau str\u0103ini \u00een posesul unui titlu academic de studiu \u2013 ob\u021binut \u00een Rom\u00e2nia pe l\u00e2ng\u0103 o institu\u021bie scolar\u0103 de stat sau privat\u0103 acreditat\u0103 \u2013 care doresc s\u0103 ob\u0163in\u0103 un titlu de studiu echivalent cu cel italian, pot s\u0103 depun\u0103 cererea pe lang\u0103 o institu\u021bie \u015fcolar\u0103 la alegere.<\/p>\n<\/div><\/div><\/div><\/div><\/div><div class=\"fusion-fullwidth fullwidth-box fusion-builder-row-2 fusion-flex-container nonhundred-percent-fullwidth non-hundred-percent-height-scrolling\" style=\"--awb-border-radius-top-left:0px;--awb-border-radius-top-right:0px;--awb-border-radius-bottom-right:0px;--awb-border-radius-bottom-left:0px;--awb-flex-wrap:wrap;\" ><div class=\"fusion-builder-row fusion-row fusion-flex-align-items-flex-start fusion-flex-content-wrap\" style=\"max-width:1331.2px;margin-left: calc(-4% \/ 2 );margin-right: calc(-4% \/ 2 );\"><div class=\"fusion-layout-column fusion_builder_column fusion-builder-column-1 fusion_builder_column_1_1 1_1 fusion-flex-column\" style=\"--awb-bg-size:cover;--awb-width-large:100%;--awb-margin-top-large:10px;--awb-spacing-right-large:1.92%;--awb-margin-bottom-large:10px;--awb-spacing-left-large:1.92%;--awb-width-medium:100%;--awb-spacing-right-medium:1.92%;--awb-spacing-left-medium:1.92%;--awb-width-small:100%;--awb-spacing-right-small:1.92%;--awb-spacing-left-small:1.92%;\"><div class=\"fusion-column-wrapper fusion-column-has-shadow fusion-flex-justify-content-flex-start fusion-content-layout-column\"><div class=\"fusion-text fusion-text-3\"><p>Documentele de prezentat la Ambasada Italiei in Romania sunt urmatoarele:<\/p>\n<ul>\n<li>Adeverin\u0163a de autenticitate\u201d din partea institu\u0163iei \u015fcolare care a eliberat titlul de studiu<\/li>\n<li>Copii legalizate si traducerile in limba italian\u0103<\/li>\n<li>In cazul in care au intervenit modific\u0103ri in nume sau prenume, copia unui act de stare civil\u0103 (na\u015ftere, casatorie, divor\u0163) din care s\u0103 reiese schimbarea numelui sau a prenumelui<\/li>\n<li>Copia unui document de identitate in curs de valabilitate<\/li>\n<li>Imputernicire sau procur\u0103, dac\u0103 posesorul diplomei nu poate s\u0103 se prezinte personal, impreun\u0103 cu copia unui document de identitate a imputernicitului<\/li>\n<\/ul>\n<h2 style=\"text-align: justify;\">Documentele necesare pentru recunoa\u0219terea profesional\u0103 titluri de studiu romanesti<\/h2>\n<ul>\n<li>Titlul de studiu (diploma, certificat, atestat etc.) \u00een origial;<\/li>\n<li>Copie xerox a titlului de studiu (apostilat la Prefectura de competenta).<\/li>\n<li>Traducerea \u00een italian\u0103 a titlului de studiu realizata de un traducator autorizat \u0219i legalizat\u0103 de un notar public \u0219i cu stampila \u201capostil\u0103\u201d.<\/li>\n<li>O serie de copii xerox, nelegalizate, a documentelor originale, copii legalizate cu \u201capostil\u0103;<\/li>\n<li>Programa analitic\u0103, \u00een original, legalizat\u0103;<\/li>\n<li>Foaia matricol\u0103, \u00een original, legalizat\u0103;<\/li>\n<li>Traducerile \u00een italian\u0103 (efectuate de un traducator autorizat de ministerul justitiei) atat a foii matricole c\u00e2t \u0219i a programei analitice, legalizate;<\/li>\n<\/ul>\n<h3 style=\"text-align: center;\">Ne-am ocupat cu succes in ultimii ani de ob\u0163inerea Declara\u0163iilor de valoare pentru studen\u0163ii de la medicin\u0103 \/ stomatologie din Arad (Rom\u00e2nia) \u015fi de eliberarea certificatului de conformitate, Directiva 2005\/36\/CE care permite inscrierea la Ministerul S\u0103n\u0103t\u0103\u0163ii pentru exercitarea profesiei de medic.<\/h3>\n<\/div><\/div><\/div><\/div><\/div><div class=\"fusion-fullwidth fullwidth-box fusion-builder-row-3 fusion-flex-container nonhundred-percent-fullwidth non-hundred-percent-height-scrolling\" style=\"--awb-background-position:left top;--awb-border-sizes-top:0px;--awb-border-sizes-bottom:0px;--awb-border-sizes-left:0px;--awb-border-sizes-right:0px;--awb-border-radius-top-left:0px;--awb-border-radius-top-right:0px;--awb-border-radius-bottom-right:0px;--awb-border-radius-bottom-left:0px;--awb-padding-right:30px;--awb-padding-left:30px;--awb-margin-top:20px;--awb-background-color:#b11376;--awb-flex-wrap:wrap;\" ><div class=\"fusion-builder-row fusion-row fusion-flex-align-items-flex-start fusion-flex-content-wrap\" style=\"max-width:1331.2px;margin-left: calc(-4% \/ 2 );margin-right: calc(-4% \/ 2 );\"><div class=\"fusion-layout-column fusion_builder_column fusion-builder-column-2 fusion_builder_column_2_3 2_3 fusion-flex-column fusion-flex-align-self-flex-start fusion-column-no-min-height\" style=\"--awb-bg-size:cover;--awb-width-large:66.666666666667%;--awb-margin-top-large:0%;--awb-spacing-right-large:2.88%;--awb-margin-bottom-large:10px;--awb-spacing-left-large:2.88%;--awb-width-medium:100%;--awb-spacing-right-medium:1.92%;--awb-spacing-left-medium:1.92%;--awb-width-small:100%;--awb-spacing-right-small:1.92%;--awb-spacing-left-small:1.92%;\"><div class=\"fusion-column-wrapper fusion-column-has-shadow fusion-flex-justify-content-flex-start fusion-content-layout-column\"><div class=\"fusion-separator fusion-no-small-visibility fusion-no-medium-visibility fusion-full-width-sep\" style=\"align-self: center;margin-left: auto;margin-right: auto;margin-top:20px;width:100%;\"><\/div><div class=\"fusion-text fusion-text-4\"><h3 style=\"font-size: 28px; color: #ffffff; text-align: center;\"><span style=\"color: #ffffff;\">Declara\u021bie de valoare<\/span><\/h3>\n<\/div><\/div><\/div><div class=\"fusion-layout-column fusion_builder_column fusion-builder-column-3 fusion_builder_column_1_3 1_3 fusion-flex-column\" style=\"--awb-padding-top:20px;--awb-padding-bottom:20px;--awb-bg-size:cover;--awb-width-large:33.333333333333%;--awb-margin-top-large:10px;--awb-spacing-right-large:5.76%;--awb-margin-bottom-large:10px;--awb-spacing-left-large:5.76%;--awb-width-medium:100%;--awb-spacing-right-medium:1.92%;--awb-spacing-left-medium:1.92%;--awb-width-small:100%;--awb-spacing-right-small:1.92%;--awb-spacing-left-small:1.92%;\"><div class=\"fusion-column-wrapper fusion-column-has-shadow fusion-flex-justify-content-flex-start fusion-content-layout-column\"><div ><a class=\"fusion-button button-flat button-xlarge button-custom fusion-button-default button-1 fusion-button-default-span fusion-button-default-type\" style=\"--button_accent_color:#b11376;--button_border_color:#b11376;--button_accent_hover_color:#ffffff;--button_border_hover_color:#ffffff;--button_border_width-top:2px;--button_border_width-right:2px;--button_border_width-bottom:2px;--button_border_width-left:2px;--button_gradient_top_color:#ffffff;--button_gradient_bottom_color:#ffffff;--button_gradient_top_color_hover:#b11376;--button_gradient_bottom_color_hover:#b11376;width:calc(100%);\" target=\"_self\" href=\"https:\/\/www.101proservices.com\/ro\/contacte\/\"><span class=\"fusion-button-text awb-button__text awb-button__text--default\">CERE\u021aI O OFERT\u0102<\/span><\/a><\/div><\/div><\/div><\/div><\/div><\/p>\n","protected":false},"excerpt":{"rendered":"","protected":false},"author":6,"featured_media":0,"parent":9911,"menu_order":5,"comment_status":"closed","ping_status":"closed","template":"100-width.php","meta":{"inline_featured_image":false,"footnotes":""},"class_list":["post-10171","page","type-page","status-publish","hentry"],"_links":{"self":[{"href":"https:\/\/www.101proservices.com\/ro\/wp-json\/wp\/v2\/pages\/10171","targetHints":{"allow":["GET"]}}],"collection":[{"href":"https:\/\/www.101proservices.com\/ro\/wp-json\/wp\/v2\/pages"}],"about":[{"href":"https:\/\/www.101proservices.com\/ro\/wp-json\/wp\/v2\/types\/page"}],"author":[{"embeddable":true,"href":"https:\/\/www.101proservices.com\/ro\/wp-json\/wp\/v2\/users\/6"}],"replies":[{"embeddable":true,"href":"https:\/\/www.101proservices.com\/ro\/wp-json\/wp\/v2\/comments?post=10171"}],"version-history":[{"count":3,"href":"https:\/\/www.101proservices.com\/ro\/wp-json\/wp\/v2\/pages\/10171\/revisions"}],"predecessor-version":[{"id":10174,"href":"https:\/\/www.101proservices.com\/ro\/wp-json\/wp\/v2\/pages\/10171\/revisions\/10174"}],"up":[{"embeddable":true,"href":"https:\/\/www.101proservices.com\/ro\/wp-json\/wp\/v2\/pages\/9911"}],"wp:attachment":[{"href":"https:\/\/www.101proservices.com\/ro\/wp-json\/wp\/v2\/media?parent=10171"}],"curies":[{"name":"wp","href":"https:\/\/api.w.org\/{rel}","templated":true}]}}