{"id":10139,"date":"2024-10-30T16:06:51","date_gmt":"2024-10-30T15:06:51","guid":{"rendered":"https:\/\/staging.101proservices.com\/?page_id=10139"},"modified":"2024-11-22T15:59:55","modified_gmt":"2024-11-22T14:59:55","slug":"traducerea-titlurilor-de-studiu-si-a-programelor-scolare-sau-analitice","status":"publish","type":"page","link":"https:\/\/www.101proservices.com\/ro\/servicii-pentru-straini\/traducerea-titlurilor-de-studiu-si-a-programelor-scolare-sau-analitice\/","title":{"rendered":"Traducerea titlurilor de studiu \u015fi a Programelor \u015fcolare sau Programelor analitice"},"content":{"rendered":"<p><div class=\"fusion-fullwidth fullwidth-box fusion-builder-row-1 fusion-flex-container nonhundred-percent-fullwidth non-hundred-percent-height-scrolling\" style=\"--awb-border-radius-top-left:0px;--awb-border-radius-top-right:0px;--awb-border-radius-bottom-right:0px;--awb-border-radius-bottom-left:0px;--awb-flex-wrap:wrap;\" ><div class=\"fusion-builder-row fusion-row fusion-flex-align-items-flex-start fusion-flex-content-wrap\" style=\"max-width:calc( 1280px + 0px );margin-left: calc(-0px \/ 2 );margin-right: calc(-0px \/ 2 );\"><div class=\"fusion-layout-column fusion_builder_column fusion-builder-column-0 fusion_builder_column_1_1 1_1 fusion-flex-column\" style=\"--awb-bg-blend:overlay;--awb-bg-size:cover;--awb-width-large:100%;--awb-margin-top-large:10px;--awb-spacing-right-large:0px;--awb-margin-bottom-large:0px;--awb-spacing-left-large:0px;--awb-width-medium:100%;--awb-spacing-right-medium:0px;--awb-spacing-left-medium:0px;--awb-width-small:100%;--awb-spacing-right-small:0px;--awb-spacing-left-small:0px;\"><div class=\"fusion-column-wrapper fusion-column-has-shadow fusion-flex-justify-content-flex-start fusion-content-layout-column\"><div class=\"fusion-text fusion-text-1\"><h2 style=\"text-align: center;\">Traduceri profesionale a titlurilor de studiu \u015fi a altor documente legalizate \u015fi adeverin\u0163e cu care putem lucra sau studia \u00een<\/h2>\n<\/div><div class=\"fusion-separator fusion-has-icon\" style=\"align-self: center;margin-left: auto;margin-right: auto;margin-bottom:10px;width:100%;max-width:20%;\"><div class=\"fusion-separator-border sep-single sep-solid\" style=\"--awb-height:20px;--awb-amount:20px;--awb-sep-color:#ae1e80;border-color:#ae1e80;border-top-width:2px;\"><\/div><span class=\"icon-wrapper\" style=\"border-color:transparent;font-size:30px;width: 1.75em; height: 1.75em;border-width:2px;padding:2px;margin-top:-1px\"><i class=\"fa-language fas\" style=\"font-size: inherit;color:#ae1e80;\" aria-hidden=\"true\"><\/i><\/span><div class=\"fusion-separator-border sep-single sep-solid\" style=\"--awb-height:20px;--awb-amount:20px;--awb-sep-color:#ae1e80;border-color:#ae1e80;border-top-width:2px;\"><\/div><\/div>\n<div class=\"fusion-text fusion-text-2\"><p style=\"text-align: justify;\">Odat\u0103 cu avansarea globaliz\u0103rii, tot mai mul\u021bi studen\u021bi \u0219i angaja\u0163i aleg s\u0103 se mute \u00eentr-o \u021bar\u0103 str\u0103in\u0103 pentru <strong>a-\u0219i extinde cuno\u0219tin\u021bele<\/strong> sau <strong>pentru a-\u0219i \u00eembun\u0103t\u0103\u021bi locul de munc\u0103<\/strong>. Pentru ca o calificare s\u0103 devin\u0103 valabil\u0103 \u00eentr-o alt\u0103 \u021bar\u0103 dec\u00e2t cea \u00een care a fost ob\u021binut\u0103, este necesar s\u0103 se demareze toate procedurile de legalizare pentru recunoa\u0219terea acesteia \u0219i s\u0103 se realizeze traducerea documentelor solicitate de birourile competente. 101 ProServices este birou de traduceri \u00een Roma \u0219i care opereaz\u0103 \u00een toat\u0103 Italia si Rom\u00e2nia \u0219i care se ocup\u0103 de traducerea certificatelor \u0219colare, a diplomelor de liceu, a certificatelor de absolvire, a programelor \u0219colare sau a programelor analitice din \u015fi spre orice limb\u0103.<\/p>\n<p style=\"text-align: justify;\"><strong>Traducerile<\/strong> noastre ale <strong>titlului de studiu<\/strong> vor fi valabile \u00een Italia \u0219i \u00een str\u0103in\u0103tate, deoarece sunt certificate sau legalizate conform legii, la Tribunal sau la Notar.<\/p>\n<\/div><\/div><\/div><\/div><\/div><div class=\"fusion-fullwidth fullwidth-box fusion-builder-row-2 fusion-flex-container fusion-parallax-none nonhundred-percent-fullwidth non-hundred-percent-height-scrolling\" style=\"--awb-background-position:center top;--awb-border-radius-top-left:0px;--awb-border-radius-top-right:0px;--awb-border-radius-bottom-right:0px;--awb-border-radius-bottom-left:0px;--awb-padding-top:0px;--awb-padding-bottom:50px;--awb-margin-bottom:20px;--awb-background-image:linear-gradient(180deg, rgba(0,0,0,0.4) 0%,rgba(0,0,0,0.4) 100%),url(https:\/\/www.101proservices.com\/wp-content\/uploads\/2019\/06\/Legalizzazione-ambasciate2.jpg);;--awb-background-size:cover;--awb-flex-wrap:wrap;\" ><div class=\"fusion-builder-row fusion-row fusion-flex-align-items-center fusion-flex-justify-content-center fusion-flex-content-wrap\" style=\"max-width:1331.2px;margin-left: calc(-4% \/ 2 );margin-right: calc(-4% \/ 2 );\"><div class=\"fusion-layout-column fusion_builder_column fusion-builder-column-1 fusion_builder_column_1_1 1_1 fusion-flex-column\" style=\"--awb-bg-size:cover;--awb-width-large:100%;--awb-margin-top-large:10px;--awb-spacing-right-large:1.92%;--awb-margin-bottom-large:10px;--awb-spacing-left-large:1.92%;--awb-width-medium:100%;--awb-order-medium:0;--awb-spacing-right-medium:1.92%;--awb-spacing-left-medium:1.92%;--awb-width-small:100%;--awb-order-small:0;--awb-spacing-right-small:1.92%;--awb-spacing-left-small:1.92%;\"><div class=\"fusion-column-wrapper fusion-column-has-shadow fusion-flex-justify-content-flex-start fusion-content-layout-column\"><div class=\"fusion-text fusion-text-3\" style=\"--awb-text-color:#ffffff;--awb-margin-top:50px;\"><p style=\"text-align: center; font-size: 26px;\"><span style=\"color: #ffffff;\"><b>Traduzioni di documenti, titoli di studio e programmi scolastici o analitici<br \/>\n<\/b>in qualsiasi lingua di destinazione<\/span><\/p>\n<\/div><\/div><\/div><div class=\"fusion-layout-column fusion_builder_column fusion-builder-column-2 fusion_builder_column_3_5 3_5 fusion-flex-column fusion-flex-align-self-center\" style=\"--awb-bg-blend:overlay;--awb-bg-size:cover;--awb-width-large:60%;--awb-margin-top-large:10px;--awb-spacing-right-large:3.2%;--awb-margin-bottom-large:10px;--awb-spacing-left-large:3.2%;--awb-width-medium:100%;--awb-spacing-right-medium:1.92%;--awb-spacing-left-medium:1.92%;--awb-width-small:100%;--awb-spacing-right-small:1.92%;--awb-spacing-left-small:1.92%;\"><div class=\"fusion-column-wrapper fusion-column-has-shadow fusion-flex-justify-content-center fusion-content-layout-row\"><div ><a class=\"fusion-button button-flat button-xlarge button-custom fusion-button-default button-1 fusion-button-span-no fusion-button-default-type fusion-has-button-gradient\" style=\"--button_accent_color:#ffffff;--button_accent_hover_color:#3bad01;--button_border_hover_color:#3bad01;--button_border_width-top:2px;--button_border_width-right:2px;--button_border_width-bottom:2px;--button_border_width-left:2px;--button_gradient_end:0%;--button_gradient_top_color:#3bad01;--button_gradient_bottom_color:#3bad01;--button_gradient_top_color_hover:#3bad01;--button_gradient_bottom_color_hover:#ffffff;\" target=\"_self\" rel nofollow &#039; href=\"https:\/\/www.101proservices.com\/contatti\/\"><span class=\"fusion-button-text awb-button__text awb-button__text--default\">Richiedi maggiori informazioni<\/span><\/a><\/div><\/div><\/div><\/div><\/div><div class=\"fusion-fullwidth fullwidth-box fusion-builder-row-3 fusion-flex-container nonhundred-percent-fullwidth non-hundred-percent-height-scrolling\" style=\"--awb-border-radius-top-left:0px;--awb-border-radius-top-right:0px;--awb-border-radius-bottom-right:0px;--awb-border-radius-bottom-left:0px;--awb-margin-top:20px;--awb-flex-wrap:wrap;\" ><div class=\"fusion-builder-row fusion-row fusion-flex-align-items-flex-start fusion-flex-content-wrap\" style=\"max-width:calc( 1280px + 0px );margin-left: calc(-0px \/ 2 );margin-right: calc(-0px \/ 2 );\"><div class=\"fusion-layout-column fusion_builder_column fusion-builder-column-3 fusion_builder_column_1_1 1_1 fusion-flex-column\" style=\"--awb-bg-blend:overlay;--awb-bg-size:cover;--awb-width-large:100%;--awb-margin-top-large:10px;--awb-spacing-right-large:0px;--awb-margin-bottom-large:10px;--awb-spacing-left-large:0px;--awb-width-medium:100%;--awb-spacing-right-medium:0px;--awb-spacing-left-medium:0px;--awb-width-small:100%;--awb-spacing-right-small:0px;--awb-spacing-left-small:0px;\"><div class=\"fusion-column-wrapper fusion-column-has-shadow fusion-flex-justify-content-flex-start fusion-content-layout-column\"><div class=\"fusion-text fusion-text-4\"><h2 style=\"text-align: center;\">De ce este important\u0103 traducerea titlului de studiu?<\/h2>\n<\/div><div class=\"fusion-separator fusion-has-icon\" style=\"align-self: center;margin-left: auto;margin-right: auto;margin-bottom:10px;width:100%;max-width:20%;\"><div class=\"fusion-separator-border sep-single sep-solid\" style=\"--awb-height:20px;--awb-amount:20px;--awb-sep-color:#ae1e80;border-color:#ae1e80;border-top-width:2px;\"><\/div><span class=\"icon-wrapper\" style=\"border-color:transparent;font-size:30px;width: 1.75em; height: 1.75em;border-width:2px;padding:2px;margin-top:-1px\"><i class=\"fa-language fas\" style=\"font-size: inherit;color:#ae1e80;\" aria-hidden=\"true\"><\/i><\/span><div class=\"fusion-separator-border sep-single sep-solid\" style=\"--awb-height:20px;--awb-amount:20px;--awb-sep-color:#ae1e80;border-color:#ae1e80;border-top-width:2px;\"><\/div><\/div>\n<\/div><\/div><div class=\"fusion-layout-column fusion_builder_column fusion-builder-column-4 fusion_builder_column_2_5 2_5 fusion-flex-column\" style=\"--awb-bg-size:cover;--awb-width-large:40%;--awb-margin-top-large:10px;--awb-spacing-right-large:calc( 0.05 * calc( 100% - 0px ) );--awb-margin-bottom-large:10px;--awb-spacing-left-large:0px;--awb-width-medium:33.333333333333%;--awb-order-medium:0;--awb-spacing-right-medium:calc( 0.06 * calc( 100% - 0px ) );--awb-spacing-left-medium:0px;--awb-width-small:100%;--awb-order-small:0;--awb-spacing-right-small:0px;--awb-spacing-left-small:0px;\"><div class=\"fusion-column-wrapper fusion-column-has-shadow fusion-flex-justify-content-flex-start fusion-content-layout-column\"><div class=\"fusion-image-element \" style=\"--awb-caption-title-font-family:var(--h2_typography-font-family);--awb-caption-title-font-weight:var(--h2_typography-font-weight);--awb-caption-title-font-style:var(--h2_typography-font-style);--awb-caption-title-size:var(--h2_typography-font-size);--awb-caption-title-transform:var(--h2_typography-text-transform);--awb-caption-title-line-height:var(--h2_typography-line-height);--awb-caption-title-letter-spacing:var(--h2_typography-letter-spacing);\"><span class=\" fusion-imageframe imageframe-none imageframe-1 hover-type-none\"><img decoding=\"async\" width=\"800\" height=\"600\" title=\"Traduzione-dei-titoli-di-studio\" src=\"https:\/\/www.101proservices.com\/wp-content\/uploads\/Traduzione-dei-titoli-di-studio.jpg\" alt class=\"img-responsive wp-image-9309\"\/><\/span><\/div><\/div><\/div><div class=\"fusion-layout-column fusion_builder_column fusion-builder-column-5 fusion_builder_column_3_5 3_5 fusion-flex-column\" style=\"--awb-bg-blend:overlay;--awb-bg-size:cover;--awb-width-large:60%;--awb-margin-top-large:10px;--awb-spacing-right-large:0px;--awb-margin-bottom-large:10px;--awb-spacing-left-large:0px;--awb-width-medium:66.666666666667%;--awb-spacing-right-medium:0px;--awb-spacing-left-medium:0px;--awb-width-small:100%;--awb-spacing-right-small:0px;--awb-spacing-left-small:0px;\"><div class=\"fusion-column-wrapper fusion-column-has-shadow fusion-flex-justify-content-flex-start fusion-content-layout-column\"><div class=\"fusion-text fusion-text-5\"><p style=\"text-align: justify;\">Serviciul nostru de traducere a diplomelor se adreseaz\u0103 studen\u021bilor care trebuie s\u0103 prezinte documentele pentru recunoa\u0219terea notelor, a creditelor \u0219i a examenelor \u00een str\u0103in\u0103tate, pentru a-\u0219i extinde sau continua studiile \u00eentr-o alt\u0103 \u021bar\u0103 dec\u00e2t cea de origine. De asemenea, serviciul este solicitat \u0219i de cei care doresc s\u0103 participe la concursuri publice, la recrut\u0103ri pe baz\u0103 de clasament, la recunoa\u0219terea diplomei, adic\u0103 la echivalarea acesteia, la \u00eenceperea unei cariere profesionale \u00eentr-o societate italian\u0103 pentru cei care au studiat \u00een str\u0103in\u0103tate.<\/p>\n<p style=\"text-align: justify;\">Pentru a satisface solicit\u0103rile birourilor competente, 101 ProServices se ocup\u0103 de traducerea <strong>diplomelor<\/strong>, <strong>a foilor matricole<\/strong>, a <strong>certificatelor de absolvire<\/strong>, a cursurilor de <strong>Master<\/strong>, <strong>doctorat<\/strong> \u0219i <strong>postuniversitare<\/strong>, a <strong>certificatelor \u0219i a programelor \u015fcolare<\/strong>. Ob\u021binerea programelor \u0219colare de la Ministerul educa\u021biei.<\/p>\n<\/div><\/div><\/div><div class=\"fusion-layout-column fusion_builder_column fusion-builder-column-6 fusion_builder_column_1_1 1_1 fusion-flex-column\" style=\"--awb-bg-blend:overlay;--awb-bg-size:cover;--awb-width-large:100%;--awb-margin-top-large:10px;--awb-spacing-right-large:0px;--awb-margin-bottom-large:10px;--awb-spacing-left-large:0px;--awb-width-medium:100%;--awb-spacing-right-medium:0px;--awb-spacing-left-medium:0px;--awb-width-small:100%;--awb-spacing-right-small:0px;--awb-spacing-left-small:0px;\"><div class=\"fusion-column-wrapper fusion-column-has-shadow fusion-flex-justify-content-flex-start fusion-content-layout-column\"><div class=\"fusion-text fusion-text-6\"><p style=\"text-align: justify;\">At\u00e2t pentru studen\u021bi, c\u00e2t \u0219i pentru angaja\u0163i, biroul noastru se ocup\u0103 de t<strong>raducerea legalizat\u0103 cu valoare juridic\u0103<\/strong>, cu excep\u021bia cazului \u00een care diplomele, certificatele \u0219i programele de examen sunt deja \u00een limba englez\u0103, francez\u0103 sau spaniol\u0103. Aceste documente nu trebuie traduse \u0219i sunt deja recunoscute, deoarece sunt conforme cu normele stabilite de Ministerul Afacerilor Externe \u0219i Cooper\u0103rii Interna\u021bionale (MAECI).<\/p>\n<p style=\"text-align: justify;\"><strong style=\"color: var(--awb-text-color); font-family: var(--awb-text-font-family); font-size: var(--awb-font-size); font-style: var(--awb-text-font-style); letter-spacing: var(--awb-letter-spacing); text-align: var(--awb-content-alignment); text-transform: var(--awb-text-transform); background-color: var(--awb-bg-color-hover);\">Traduc\u0103torii de limb\u0103 matern\u0103,<\/strong><span style=\"color: var(--awb-text-color); font-family: var(--awb-text-font-family); font-size: var(--awb-font-size); font-style: var(--awb-text-font-style); font-weight: var(--awb-text-font-weight); letter-spacing: var(--awb-letter-spacing); text-align: var(--awb-content-alignment); text-transform: var(--awb-text-transform); background-color: var(--awb-bg-color-hover);\"> experimenta\u021bi \u0219i profesioni\u0219ti, se angajeaz\u0103 s\u0103 lucreze cu o precizie extrem\u0103, \u00een special atunci c\u00e2nd traduc denumirile cursurilor \u0219i examenelor. \u00cen plus, textele \u0219i formul\u0103rile repetate \u00een diferite documente nu vor fi luate \u00een considerare. De exemplu, \u00een cazul foilor matricole (gimnaziu) \u0219i a foilor matricole de liceu (liceu, \u0219coal\u0103 profesional\u0103\/institut tehnic), unii termeni sunt aproape identici. <\/span><strong style=\"color: var(--awb-text-color); font-family: var(--awb-text-font-family); font-size: var(--awb-font-size); font-style: var(--awb-text-font-style); letter-spacing: var(--awb-letter-spacing); text-align: var(--awb-content-alignment); text-transform: var(--awb-text-transform); background-color: var(--awb-bg-color-hover);\">Biroul noastru \u021bine cont de repeti\u021bii \u0219i ofer\u0103 pre\u021buri personalizate pe baza unei analize atente a documentelor care trebuie traduse<\/strong><span style=\"color: var(--awb-text-color); font-family: var(--awb-text-font-family); font-size: var(--awb-font-size); font-style: var(--awb-text-font-style); font-weight: var(--awb-text-font-weight); letter-spacing: var(--awb-letter-spacing); text-align: var(--awb-content-alignment); text-transform: var(--awb-text-transform); background-color: var(--awb-bg-color-hover);\">.<\/span><\/p>\n<\/div><\/div><\/div><div class=\"fusion-layout-column fusion_builder_column fusion-builder-column-7 fusion_builder_column_1_1 1_1 fusion-flex-column\" style=\"--awb-bg-size:cover;--awb-width-large:100%;--awb-margin-top-large:10px;--awb-spacing-right-large:0px;--awb-margin-bottom-large:10px;--awb-spacing-left-large:0px;--awb-width-medium:100%;--awb-order-medium:0;--awb-spacing-right-medium:0px;--awb-spacing-left-medium:0px;--awb-width-small:100%;--awb-order-small:0;--awb-spacing-right-small:0px;--awb-spacing-left-small:0px;\"><div class=\"fusion-column-wrapper fusion-column-has-shadow fusion-flex-justify-content-flex-start fusion-content-layout-column\"><div class=\"fusion-text fusion-text-7\"><h3 style=\"text-align: center;\">Traducerea titulurilor de studiu<\/h3>\n<\/div><\/div><\/div><div class=\"fusion-layout-column fusion_builder_column fusion-builder-column-8 fusion_builder_column_1_3 1_3 fusion-flex-column\" style=\"--awb-bg-size:cover;--awb-width-large:33.333333333333%;--awb-margin-top-large:10px;--awb-spacing-right-large:0px;--awb-margin-bottom-large:10px;--awb-spacing-left-large:0px;--awb-width-medium:33.333333333333%;--awb-order-medium:0;--awb-spacing-right-medium:0px;--awb-spacing-left-medium:0px;--awb-width-small:100%;--awb-order-small:0;--awb-spacing-right-small:0px;--awb-spacing-left-small:0px;\"><div class=\"fusion-column-wrapper fusion-column-has-shadow fusion-flex-justify-content-flex-start fusion-content-layout-column\"><div class=\"fusion-text fusion-text-8\"><ul>\n<li><em>Foaie matricol\u0103<\/em><\/li>\n<li><em>Master<\/em><\/li>\n<li><em>Diplom\u0103 bacalaureat<\/em><\/li>\n<\/ul>\n<\/div><\/div><\/div><div class=\"fusion-layout-column fusion_builder_column fusion-builder-column-9 fusion_builder_column_1_3 1_3 fusion-flex-column\" style=\"--awb-bg-size:cover;--awb-width-large:33.333333333333%;--awb-margin-top-large:10px;--awb-spacing-right-large:0px;--awb-margin-bottom-large:10px;--awb-spacing-left-large:0px;--awb-width-medium:33.333333333333%;--awb-order-medium:0;--awb-spacing-right-medium:0px;--awb-spacing-left-medium:0px;--awb-width-small:100%;--awb-order-small:0;--awb-spacing-right-small:0px;--awb-spacing-left-small:0px;\"><div class=\"fusion-column-wrapper fusion-column-has-shadow fusion-flex-justify-content-flex-start fusion-content-layout-column\"><div class=\"fusion-text fusion-text-9\"><ul>\n<li><em>Certificat de licen\u0163\u0103<\/em><\/li>\n<li><em>Atestate<\/em><\/li>\n<li><em>Supliment la diplom\u0103<\/em><\/li>\n<\/ul>\n<\/div><\/div><\/div><div class=\"fusion-layout-column fusion_builder_column fusion-builder-column-10 fusion_builder_column_1_3 1_3 fusion-flex-column\" style=\"--awb-bg-size:cover;--awb-width-large:33.333333333333%;--awb-margin-top-large:10px;--awb-spacing-right-large:0px;--awb-margin-bottom-large:10px;--awb-spacing-left-large:0px;--awb-width-medium:33.333333333333%;--awb-order-medium:0;--awb-spacing-right-medium:0px;--awb-spacing-left-medium:0px;--awb-width-small:100%;--awb-order-small:0;--awb-spacing-right-small:0px;--awb-spacing-left-small:0px;\"><div class=\"fusion-column-wrapper fusion-column-has-shadow fusion-flex-justify-content-flex-start fusion-content-layout-column\"><div class=\"fusion-text fusion-text-10\"><ul>\n<li><em>Program\u0103 \u015fcolar\u0103<\/em><\/li>\n<li><em>Program\u0103 analitic\u0103\/\u015fcolar\u0103<\/em><\/li>\n<li><em>Certificat de \u015fcoal\u0103 profesional\u0103<\/em><\/li>\n<\/ul>\n<\/div><\/div><\/div><div class=\"fusion-layout-column fusion_builder_column fusion-builder-column-11 fusion_builder_column_1_1 1_1 fusion-flex-column\" style=\"--awb-bg-size:cover;--awb-width-large:100%;--awb-margin-top-large:10px;--awb-spacing-right-large:0px;--awb-margin-bottom-large:10px;--awb-spacing-left-large:0px;--awb-width-medium:100%;--awb-order-medium:0;--awb-spacing-right-medium:0px;--awb-spacing-left-medium:0px;--awb-width-small:100%;--awb-order-small:0;--awb-spacing-right-small:0px;--awb-spacing-left-small:0px;\"><div class=\"fusion-column-wrapper fusion-column-has-shadow fusion-flex-justify-content-flex-start fusion-content-layout-column\"><div class=\"fusion-text fusion-text-11\"><p style=\"text-align: justify;\">\u00cen conformitate cu cerin\u021bele birourilor competente, 101 ProServices ofer\u0103 un serviciu profesionist pentru titlurile de studiu cu <strong>traduceri legalizate<\/strong> cu valoare legal\u0103. Datorit\u0103 experien\u021bei \u0219i specializ\u0103rii noastre \u00een domeniul traducerilor, <strong>suntem la dispozi\u0163ia dvs<\/strong> <strong>pentru a ne ocupa de toate dosarele<\/strong>, cu aten\u0163ie special\u0103 asupra nevoilor clientului.<\/p>\n<\/div><\/div><\/div><\/div><\/div><div class=\"fusion-fullwidth fullwidth-box fusion-builder-row-4 fusion-flex-container nonhundred-percent-fullwidth non-hundred-percent-height-scrolling\" style=\"--awb-background-position:left top;--awb-border-sizes-top:0px;--awb-border-sizes-bottom:0px;--awb-border-sizes-left:0px;--awb-border-sizes-right:0px;--awb-border-radius-top-left:0px;--awb-border-radius-top-right:0px;--awb-border-radius-bottom-right:0px;--awb-border-radius-bottom-left:0px;--awb-padding-right:30px;--awb-padding-left:30px;--awb-margin-top:0px;--awb-background-color:#b11376;--awb-flex-wrap:wrap;\" ><div class=\"fusion-builder-row fusion-row fusion-flex-align-items-center fusion-flex-justify-content-center fusion-flex-content-wrap\" style=\"max-width:1331.2px;margin-left: calc(-4% \/ 2 );margin-right: calc(-4% \/ 2 );\"><div class=\"fusion-layout-column fusion_builder_column fusion-builder-column-12 fusion_builder_column_2_3 2_3 fusion-flex-column fusion-flex-align-self-flex-start fusion-column-no-min-height\" style=\"--awb-padding-top:20px;--awb-padding-bottom:20px;--awb-padding-bottom-medium:0px;--awb-bg-blend:overlay;--awb-bg-size:cover;--awb-width-large:66.666666666667%;--awb-margin-top-large:0%;--awb-spacing-right-large:2.88%;--awb-margin-bottom-large:0px;--awb-spacing-left-large:2.88%;--awb-width-medium:100%;--awb-spacing-right-medium:1.92%;--awb-margin-bottom-medium:0px;--awb-spacing-left-medium:1.92%;--awb-width-small:100%;--awb-spacing-right-small:1.92%;--awb-spacing-left-small:1.92%;\"><div class=\"fusion-column-wrapper fusion-column-has-shadow fusion-flex-justify-content-center fusion-content-layout-column\"><div class=\"fusion-separator fusion-no-small-visibility fusion-no-medium-visibility fusion-full-width-sep\" style=\"align-self: center;margin-left: auto;margin-right: auto;margin-top:20px;width:100%;\"><\/div><div class=\"fusion-text fusion-text-12\" style=\"--awb-font-size:26px;--awb-text-color:#ffffff;--awb-text-font-family:&quot;Roboto Slab&quot;;--awb-text-font-style:normal;--awb-text-font-weight:600;\"><p style=\"text-align: center;\">Contattaci per le traduzioni dei titoli di studio<\/p>\n<\/div><\/div><\/div><div class=\"fusion-layout-column fusion_builder_column fusion-builder-column-13 fusion_builder_column_1_3 1_3 fusion-flex-column fusion-flex-align-self-center\" style=\"--awb-padding-top:20px;--awb-padding-bottom:20px;--awb-bg-blend:overlay;--awb-bg-size:cover;--awb-width-large:33.333333333333%;--awb-margin-top-large:0px;--awb-spacing-right-large:5.76%;--awb-margin-bottom-large:0px;--awb-spacing-left-large:5.76%;--awb-width-medium:100%;--awb-margin-top-medium:0px;--awb-spacing-right-medium:1.92%;--awb-margin-bottom-medium:0px;--awb-spacing-left-medium:1.92%;--awb-width-small:100%;--awb-spacing-right-small:1.92%;--awb-spacing-left-small:1.92%;\"><div class=\"fusion-column-wrapper fusion-column-has-shadow fusion-flex-justify-content-space-around fusion-content-layout-row fusion-flex-align-items-center\"><div ><a class=\"fusion-button button-flat button-xlarge button-custom fusion-button-default button-2 fusion-button-span-no fusion-button-default-type\" style=\"--button_accent_color:#fff;--button_accent_hover_color:#ffffff;--button_border_hover_color:#ffffff;--button_border_width-top:2px;--button_border_width-right:2px;--button_border_width-bottom:2px;--button_border_width-left:2px;--button_gradient_end:0%;--button_gradient_top_color:#3bad01;--button_gradient_bottom_color:#3bad01;--button_gradient_top_color_hover:#8bc34a;--button_gradient_bottom_color_hover:#8bc34a;\" target=\"_self\" href=\"https:\/\/www.101proservices.com\/ro\/contacte\/\"><span class=\"fusion-button-text awb-button__text awb-button__text--default\">Richiedi preventivo<\/span><\/a><\/div>\n<\/div><\/div><\/div><\/div><\/p>\n","protected":false},"excerpt":{"rendered":"","protected":false},"author":6,"featured_media":0,"parent":9911,"menu_order":1,"comment_status":"closed","ping_status":"closed","template":"100-width.php","meta":{"inline_featured_image":false,"footnotes":""},"class_list":["post-10139","page","type-page","status-publish","hentry"],"_links":{"self":[{"href":"https:\/\/www.101proservices.com\/ro\/wp-json\/wp\/v2\/pages\/10139","targetHints":{"allow":["GET"]}}],"collection":[{"href":"https:\/\/www.101proservices.com\/ro\/wp-json\/wp\/v2\/pages"}],"about":[{"href":"https:\/\/www.101proservices.com\/ro\/wp-json\/wp\/v2\/types\/page"}],"author":[{"embeddable":true,"href":"https:\/\/www.101proservices.com\/ro\/wp-json\/wp\/v2\/users\/6"}],"replies":[{"embeddable":true,"href":"https:\/\/www.101proservices.com\/ro\/wp-json\/wp\/v2\/comments?post=10139"}],"version-history":[{"count":7,"href":"https:\/\/www.101proservices.com\/ro\/wp-json\/wp\/v2\/pages\/10139\/revisions"}],"predecessor-version":[{"id":10146,"href":"https:\/\/www.101proservices.com\/ro\/wp-json\/wp\/v2\/pages\/10139\/revisions\/10146"}],"up":[{"embeddable":true,"href":"https:\/\/www.101proservices.com\/ro\/wp-json\/wp\/v2\/pages\/9911"}],"wp:attachment":[{"href":"https:\/\/www.101proservices.com\/ro\/wp-json\/wp\/v2\/media?parent=10139"}],"curies":[{"name":"wp","href":"https:\/\/api.w.org\/{rel}","templated":true}]}}