{"id":10135,"date":"2024-10-30T15:39:24","date_gmt":"2024-10-30T14:39:24","guid":{"rendered":"https:\/\/staging.101proservices.com\/?page_id=10135"},"modified":"2024-11-22T15:50:54","modified_gmt":"2024-11-22T14:50:54","slug":"cererea-cetateniei-italiene","status":"publish","type":"page","link":"https:\/\/www.101proservices.com\/ro\/servicii-pentru-straini\/cererea-cetateniei-italiene\/","title":{"rendered":"Cererea cet\u0103\u0163eniei italiene"},"content":{"rendered":"<p><div class=\"fusion-fullwidth fullwidth-box fusion-builder-row-1 fusion-flex-container hundred-percent-fullwidth non-hundred-percent-height-scrolling\" style=\"--awb-background-position:left top;--awb-border-sizes-top:0px;--awb-border-sizes-bottom:0px;--awb-border-sizes-left:0px;--awb-border-sizes-right:0px;--awb-border-radius-top-left:0px;--awb-border-radius-top-right:0px;--awb-border-radius-bottom-right:0px;--awb-border-radius-bottom-left:0px;--awb-padding-right:0px;--awb-padding-bottom:0px;--awb-padding-left:0px;--awb-margin-top:30px;--awb-flex-wrap:wrap;\" ><div class=\"fusion-builder-row fusion-row fusion-flex-align-items-stretch fusion-flex-content-wrap\" style=\"width:104% !important;max-width:104% !important;margin-left: calc(-4% \/ 2 );margin-right: calc(-4% \/ 2 );\"><div class=\"fusion-layout-column fusion_builder_column fusion-builder-column-0 fusion_builder_column_1_2 1_2 fusion-flex-column\" style=\"--awb-bg-position:center center;--awb-bg-size:cover;--awb-width-large:50%;--awb-margin-top-large:10px;--awb-spacing-right-large:0.96%;--awb-margin-bottom-large:10px;--awb-spacing-left-large:3.84%;--awb-width-medium:100%;--awb-spacing-right-medium:1.92%;--awb-spacing-left-medium:1.92%;--awb-width-small:100%;--awb-spacing-right-small:1.92%;--awb-spacing-left-small:1.92%;\"><div class=\"fusion-column-wrapper fusion-column-has-shadow fusion-flex-justify-content-flex-start fusion-content-layout-column\"><div class=\"fusion-image-element \" style=\"--awb-caption-title-font-family:var(--h2_typography-font-family);--awb-caption-title-font-weight:var(--h2_typography-font-weight);--awb-caption-title-font-style:var(--h2_typography-font-style);--awb-caption-title-size:var(--h2_typography-font-size);--awb-caption-title-transform:var(--h2_typography-text-transform);--awb-caption-title-line-height:var(--h2_typography-line-height);--awb-caption-title-letter-spacing:var(--h2_typography-letter-spacing);\"><span class=\" fusion-imageframe imageframe-none imageframe-1 hover-type-none\"><img decoding=\"async\" width=\"1250\" height=\"300\" title=\"Pratiche per ottenere cittadinanza italiana\" src=\"https:\/\/www.101proservices.com\/wp-content\/uploads\/2019\/06\/cittadinanza-italiana.jpg\" alt class=\"img-responsive wp-image-9109\"\/><\/span><\/div><\/div><\/div><div class=\"fusion-layout-column fusion_builder_column fusion-builder-column-1 fusion_builder_column_1_2 1_2 fusion-flex-column special\" style=\"--awb-padding-top:15px;--awb-padding-right:15%;--awb-padding-bottom:15px;--awb-padding-left:30px;--awb-bg-size:cover;--awb-width-large:50%;--awb-margin-top-large:10px;--awb-spacing-right-large:3.84%;--awb-margin-bottom-large:10px;--awb-spacing-left-large:0.96%;--awb-width-medium:100%;--awb-spacing-right-medium:1.92%;--awb-spacing-left-medium:1.92%;--awb-width-small:100%;--awb-spacing-right-small:1.92%;--awb-spacing-left-small:1.92%;\"><div class=\"fusion-column-wrapper fusion-column-has-shadow fusion-flex-justify-content-flex-start fusion-content-layout-column\"><div class=\"fusion-text fusion-text-1\"><h2>Dob\u00e2ndirea cet\u0103\u0163eniei italiene<\/h2>\n<\/div><div class=\"fusion-text fusion-text-2\"><p style=\"text-align: justify;\">Cet\u0103\u0163enia italian\u0103 se bazeaz\u0103 pe principiul <em>ius sanguinis<\/em>\u00a0(drept prin s\u00e2nge), prin care copilul nascut din<strong> tat\u0103 italian<\/strong> sau <strong>mam\u0103 italianc\u0103 <\/strong>este <strong>cet\u0103\u0163ean italian<\/strong> de la na\u015ftere.<\/p>\n<p style=\"text-align: justify;\">Totu\u015fi, cet\u0103\u0163enii str\u0103ini, pot opta pentru cet\u0103\u0163enia italian\u0103 doar dac\u0103 indeplinesc anumite condi\u0163ii.<\/p>\n<\/div><\/div><\/div><\/div><\/div><div class=\"fusion-fullwidth fullwidth-box fusion-builder-row-2 fusion-flex-container nonhundred-percent-fullwidth non-hundred-percent-height-scrolling\" style=\"--awb-background-position:left top;--awb-border-sizes-top:0px;--awb-border-sizes-bottom:0px;--awb-border-sizes-left:0px;--awb-border-sizes-right:0px;--awb-border-radius-top-left:0px;--awb-border-radius-top-right:0px;--awb-border-radius-bottom-right:0px;--awb-border-radius-bottom-left:0px;--awb-flex-wrap:wrap;\" ><div class=\"fusion-builder-row fusion-row fusion-flex-align-items-flex-start fusion-flex-content-wrap\" style=\"max-width:calc( 1280px + 0px );margin-left: calc(-0px \/ 2 );margin-right: calc(-0px \/ 2 );\"><div class=\"fusion-layout-column fusion_builder_column fusion-builder-column-2 fusion_builder_column_1_1 1_1 fusion-flex-column\" style=\"--awb-bg-size:cover;--awb-width-large:100%;--awb-margin-top-large:10px;--awb-spacing-right-large:0px;--awb-margin-bottom-large:10px;--awb-spacing-left-large:0px;--awb-width-medium:100%;--awb-spacing-right-medium:0px;--awb-spacing-left-medium:0px;--awb-width-small:100%;--awb-spacing-right-small:0px;--awb-spacing-left-small:0px;\"><div class=\"fusion-column-wrapper fusion-flex-justify-content-flex-start fusion-content-layout-column\"><div class=\"fusion-text fusion-text-3\"><h2><strong>Cum ob\u0163inem cet\u0103\u0163enia italian\u0103?<\/strong><\/h2>\n<p>Cet\u0103\u0163enia italian\u0103 se poate ob\u0163ine \u015fi prin <em>ius soli (drept acodat de teritoriu)<\/em> in anumite condi\u0163ii:<\/p>\n<ul>\n<li>prin na\u015ftere pe teritoriul italian din p\u0103rin\u0163i necunoscu\u0163i;<\/li>\n<li>prin na\u015ftere pe teritoriu italian din parin\u0163i apatrizi (f\u0103r\u0103 cet\u0103\u0163enie);<\/li>\n<li>prin na\u015ftere pe teritoriu italian din parin\u0163i str\u0103ini in imposibilitatea de a transmite acestuia di urm\u0103 propria cet\u0103\u0163enie in baza legii statului din care provin;<\/li>\n<li>pentru str\u0103inul n\u0103scut in Italia, care are re\u015fedin\u0163\u0103 legal\u0103 \u015fi f\u0103r\u0103 intreruperi, pan\u0103 la implinirea v\u00e2rstei de 18 ani, dac\u0103 acesta face cererea de cet\u0103\u0163enie in primul an de la majorat (art. 4, paragraf 2, Legea nr. 91 din 5 februarie 1992).<\/li>\n<\/ul>\n<p>Cet\u0103\u0163enii str\u0103ini pot s\u0103 depun\u0103 cererea de ob\u0163inere a cet\u0103\u0163eniei italiene dac\u0103 indeplinesc anumite condi\u0163ii (venit suficient, prin merit etc.) sau in baza c\u0103s\u0103toriei cu un cet\u0103\u0163ean italian (\u015fi in acest caz atunci c\u00e2nd sunt indeplinite anumite condi\u0163ii specifice cazului).<\/p>\n<p>Str\u0103inul sau apatridul (cel care nu are o cet\u0103\u0163enie din motive etnice, legate de siguran\u0163\u0103 sau nu a mai avut-o pentru c\u0103 fiul n\u0103scut in Italia din p\u0103rin\u0163i str\u0103ini sau c\u0103s\u0103tori\u0163i cu un cet\u0103\u0163ean italian\/cet\u0103\u0163eanc\u0103 italianc\u0103) poate s\u0103 ob\u0163in\u0103 cet\u0103tenia, in urma unei cereri \u015fi acceptarea acesteia din parte Guvernului italian, dac\u0103:<\/p>\n<ul>\n<li>este rezident de cel putin 12 luni in Italia \u015fi are un copil n\u0103scut sau adoptat in timpul c\u0103s\u0103toriei.<\/li>\n<li>dac\u0103 nu sunt copii n\u0103scu\u0163i pe parcursul c\u0103s\u0103toriei perioada de reziden\u0163\u0103 obligatorie este de 24 luni, adica 2 ani de la c\u0103s\u0103toria cu cet\u0103\u0163eanul italian.<\/li>\n<\/ul>\n<p>In schimb, dac\u0103 re\u015fedin\u0163a este stabilit\u0103 in str\u0103in\u0103tate, cet\u0103\u0163enia italian\u0103 poate fi cerut\u0103 doar dac\u0103: au trecut cel putin 18 luni de la c\u0103s\u0103torie \u015fi in timpul c\u0103s\u0103toriei s-au n\u0103scut fii sau au fost adopta\u0163i de c\u0103tre so\u0163i; sau dupa 36 luni de la data c\u0103s\u0103toriei, f\u0103r\u0103 s\u0103 fie in curs cererea de separare, anulare, sau desfacere a c\u0103s\u0103toriei.<\/p>\n<\/div><\/div><\/div><div class=\"fusion-layout-column fusion_builder_column fusion-builder-column-3 fusion_builder_column_1_1 1_1 fusion-flex-column fusion-flex-align-self-flex-start fusion-column-no-min-height\" style=\"--awb-bg-size:cover;--awb-width-large:100%;--awb-margin-top-large:0px;--awb-spacing-right-large:0px;--awb-margin-bottom-large:0px;--awb-spacing-left-large:0px;--awb-width-medium:100%;--awb-spacing-right-medium:0px;--awb-spacing-left-medium:0px;--awb-width-small:100%;--awb-spacing-right-small:0px;--awb-spacing-left-small:0px;\"><div class=\"fusion-column-wrapper fusion-flex-justify-content-flex-start fusion-content-layout-column\"><div class=\"fusion-text fusion-text-4\"><ul>\n<li>Timbru judiciar de 16.00 euro<\/li>\n<li>Extras al certificatului de na\u015ftere care s\u0103 cuprind\u0103 toate datele p\u0103rin\u0163ilor titularului, si traducerea acestuia in limba italian\u0103;<\/li>\n<li>Certificat cazier judiciar din \u0163ara de origine \u015fi alte eventuale \u0163\u0103ri de re\u015fedin\u0163\u0103 \u015fi traducerea acestuia in limba italian\u0103;<\/li>\n<li>Copie a c\u0103r\u0163ii\/permisului de \u015federe (pentru cet\u0103\u0163enii extracomunitari), sau a atestatului de \u015federe (emise de Prim\u0103ria de re\u015fedin\u0163\u0103 in cazul cet\u0103\u0163enilor comunitari);<\/li>\n<li>Declara\u0163iile de venit (CUD, UNICO, 730, ISEE etc. \u2026) referitoare la veniturile ob\u0163inute in ultimii 3 ani in cazul celor care folosesc venitul membrilor familiei. Pentru toate cazurile mai sus men\u0163ionate este necesar un venit personal (sau al membrilor familiei introdu\u015fi in cerere, care s\u0103 corespund\u0103 cu urm\u0103toarele cifre: euro 8.500,00 pentru solicitantul cet\u0103\u0163eniei italiene f\u0103r\u0103 persoane in intre\u0163inere, 10.500,00 euro pentru socilitantul cet\u0103\u0163eniei italiane cu so\u0163\/so\u0163ie in intre\u0163inere \u015fi care variaz\u0103 cu 500,00 euro pentru fiecare minor in intre\u0163inere, pan\u0103 la 2.000,00 euro pentru fiecare persoan\u0103 major\u0103 in intre\u0163inere;<\/li>\n<li>250,00 euro taxa de cet\u0103\u0163enie italian\u0103 de transferat in contul postal nr. 809020 intregistrat pe numele Ministerului de Interne \u2013 DLCI, pentru cet\u0103\u0163enie.<\/li>\n<li>Datele din documentele de identitate italiene \u015fi cele str\u0103ine trebuie s\u0103 coincid\u0103 in toate documentele. A\u015fadar, in cazul in care exist\u0103 diferen\u0163e in datele introduse ( de exemplu schimbarea numelui de familie dup\u0103 c\u0103s\u0103torie, locul na\u015fterii este diferit) este necesar\u0103 prezentarea unor documente doveditoare care s\u0103 ateste motivul care a dus la schimbarea acestora (de exemplu certificatul de c\u0103s\u0103torie sau o declara\u0163ie consular\u0103).<\/li>\n<li>Atestat de limb\u0103 italian\u0103 nivel B1; incep\u00e2nd cu 04 decembrie 2018, printre documentele solicitate, va trebui s\u0103 fie inclus \u015fi: acordul de integrare; sau titlul de studiu eliberat de institu\u0163ia de \u00eenv\u0103\u0163\u0103m\u00e2nt, privat sau de stat, Institu\u0163ie recunoscut\u0103 de Ministerul Educa\u0163iei\u00a0 &#8211; care s\u0103 ateste o cunoa\u015ftere a limbii italiene la un nivel minim B1 al CECRL \u2013 Cadrul European de referin\u0163\u0103 in cuno\u015fterea limbilor str\u0103ine.<\/li>\n<\/ul>\n<\/div><\/div><\/div><\/div><\/div><div class=\"fusion-fullwidth fullwidth-box fusion-builder-row-3 fusion-flex-container nonhundred-percent-fullwidth non-hundred-percent-height-scrolling\" style=\"--awb-background-position:left top;--awb-border-sizes-top:0px;--awb-border-sizes-bottom:0px;--awb-border-sizes-left:0px;--awb-border-sizes-right:0px;--awb-border-radius-top-left:0px;--awb-border-radius-top-right:0px;--awb-border-radius-bottom-right:0px;--awb-border-radius-bottom-left:0px;--awb-padding-top:60px;--awb-padding-bottom:45px;--awb-background-color:#f0f0ed;--awb-flex-wrap:wrap;\" ><div class=\"fusion-builder-row fusion-row fusion-flex-align-items-flex-start fusion-flex-content-wrap\" style=\"max-width:1331.2px;margin-left: calc(-4% \/ 2 );margin-right: calc(-4% \/ 2 );\"><div class=\"fusion-layout-column fusion_builder_column fusion-builder-column-4 fusion_builder_column_1_1 1_1 fusion-flex-column fusion-flex-align-self-flex-start fusion-column-no-min-height\" style=\"--awb-bg-size:cover;--awb-width-large:100%;--awb-margin-top-large:0px;--awb-spacing-right-large:1.92%;--awb-margin-bottom-large:0px;--awb-spacing-left-large:1.92%;--awb-width-medium:100%;--awb-spacing-right-medium:1.92%;--awb-spacing-left-medium:1.92%;--awb-width-small:100%;--awb-spacing-right-small:1.92%;--awb-spacing-left-small:1.92%;\"><div class=\"fusion-column-wrapper fusion-flex-justify-content-flex-start fusion-content-layout-column\"><div class=\"fusion-text fusion-text-5\"><h2 style=\"text-align: center;\"><strong>Cet\u0103\u0163enia italian\u0103 prin c\u0103s\u0103torie<\/strong><\/h2>\n<p>Cet\u0103\u0163enia italian\u0103 prin c\u0103s\u0103torie este de acordat\u0103 de c\u0103tre Ministerul de Interne in urma unei cereri care trebuie inaintat\u0103 Prefecturii de competen\u0163\u0103; cet\u0103\u0163enia prin c\u0103s\u0103torie este acordat\u0103 cet\u0103\u0163enilor str\u0103ini care indeplinesc urmatoarele condi\u0163ii:<\/p>\n<p>cet\u0103\u0163eni c\u0103s\u0103tori\u0163i civil cu cet\u0103\u0163eni italieni \u015fi legal reziden\u0163i in Italia de minim 2 ani de la c\u0103s\u0103torie sau la 3 ani de la data c\u0103s\u0103toriei dac\u0103 sunt reziden\u0163i in str\u0103in\u0103tate.<\/p>\n<ul>\n<li>Cet\u0103\u0163ean str\u0103in c\u0103s\u0103torit civil cu cet\u0103\u0163ean italian \u015fi rezident legal in Italia de cel pu\u0163in 2 ani de la c\u0103s\u0103torie.<\/li>\n<li>Cet\u0103\u0163ean str\u0103in c\u0103s\u0103torit civil cu cet\u0103\u0163ean italian de cel pu\u0163in 3 ani \u015fi rezident in str\u0103in\u0103tate.<\/li>\n<li>Cet\u0103\u0163ean str\u0103in c\u0103s\u0103torit civil cu cet\u0103\u0163ean italian \u015fi rezident legal in Italia de minim 1 an de la c\u0103s\u0103torie in cazul in care exist\u0103 copii n\u0103scu\u0163i in timpul c\u0103s\u0103toriei sau adopta\u0163i de so\u0163i.<\/li>\n<\/ul>\n<h2 style=\"text-align: center;\"><strong>Documentele necesare cererii cet\u0103\u0163eniei italiene prin c\u0103s\u0103torie<\/strong><\/h2>\n<p>Documentele necesare pentru cererea cet\u0103\u0163eniei prin c\u0103s\u0103torie sunt urmatoarele:<\/p>\n<ul>\n<li>Timbru judiciar de 16.00 euro<\/li>\n<\/ul>\n<ul>\n<li>Extras al certificatului de na\u015ftere care s\u0103 cuprind\u0103 toate datele p\u0103rin\u0163ilor titularului, \u015fi traducerea acestuia in limba italian\u0103;<\/li>\n<li>Certificat cazier judiciar din \u0163ara de origine \u015fi alte eventuale \u0163\u0103ri de re\u015fedin\u0163\u0103 \u015fi traducerea acestuia in limba italian\u0103;<\/li>\n<li>250,00 euro taxa de cet\u0103\u0163enie italian\u0103 de transferat in contul postal nr. 809020 intregistrat pe numele Ministerului de Interne \u2013 DLCI, pentru cet\u0103\u0163enie.<\/li>\n<li>Datele din documentele de identitate italiene \u015fi cele str\u0103ine trebuie s\u0103 coincid\u0103 in toate documentele. A\u015fadar, in cazul in care exist\u0103 diferen\u0163e in datele introduse ( de exemplu schimbarea numelui de familie dup\u0103 c\u0103s\u0103torie, locul na\u015fterii este diferit) este necesar\u0103 prezentarea unor documente doveditoare care s\u0103 ateste motivul care a dus la schimbarea acestora (de exemplu certificatul de c\u0103s\u0103torie sau o declara\u0163ie consular\u0103).<\/li>\n<li>Atestat de limb\u0103 italian\u0103 nivel B1; incep\u00e2nd cu 04 decembrie 2018, printre documentele solicitate, va trebui s\u0103 fie inclus \u015fi: acordul de integrare; sau titlul de studiu eliberat de institu\u0163ia de \u00eenv\u0103\u0163\u0103m\u00e2nt, public sau de stat, recunoscut de Ministerul Educa\u0163iei\u00a0 &#8211; care s\u0103 ateste o cunoastere a limbii italiene la un nivel minim B1 al CECRL \u2013 Cadrul European de referin\u0163\u0103 in cuno\u015fterea limbilor str\u0103ine.<\/li>\n<\/ul>\n<p>Dac\u0103 ave\u0163i nevoie de recuno\u015fterea c\u0103s\u0103toriei atunci pute\u0163i beneficia de <strong><a href=\"https:\/\/www.101proservices.com\/ro\/declaratie-de-valoare\/\">serviciul de imputerniciri \u015fi declara\u0163ii \u015fi v\u0103 indrum\u0103m c\u0103tre urmatoarea pagin\u0103 <\/a><\/strong>pentru mai multe detalii.<\/p>\n<\/div><\/div><\/div><div class=\"fusion-layout-column fusion_builder_column fusion-builder-column-5 fusion_builder_column_1_6 1_6 fusion-flex-column\" style=\"--awb-bg-size:cover;--awb-width-large:16.666666666667%;--awb-margin-top-large:10px;--awb-spacing-right-large:11.52%;--awb-margin-bottom-large:10px;--awb-spacing-left-large:11.52%;--awb-width-medium:100%;--awb-spacing-right-medium:1.92%;--awb-spacing-left-medium:1.92%;--awb-width-small:100%;--awb-spacing-right-small:1.92%;--awb-spacing-left-small:1.92%;\"><div class=\"fusion-column-wrapper fusion-flex-justify-content-flex-start fusion-content-layout-column\"><\/div><\/div><div class=\"fusion-layout-column fusion_builder_column fusion-builder-column-6 fusion_builder_column_2_3 2_3 fusion-flex-column\" style=\"--awb-bg-size:cover;--awb-width-large:66.666666666667%;--awb-margin-top-large:10px;--awb-spacing-right-large:2.88%;--awb-margin-bottom-large:10px;--awb-spacing-left-large:2.88%;--awb-width-medium:100%;--awb-spacing-right-medium:1.92%;--awb-spacing-left-medium:1.92%;--awb-width-small:100%;--awb-spacing-right-small:1.92%;--awb-spacing-left-small:1.92%;\"><div class=\"fusion-column-wrapper fusion-flex-justify-content-flex-start fusion-content-layout-column\"><\/div><\/div><div class=\"fusion-layout-column fusion_builder_column fusion-builder-column-7 fusion_builder_column_1_6 1_6 fusion-flex-column\" style=\"--awb-bg-size:cover;--awb-width-large:16.666666666667%;--awb-margin-top-large:10px;--awb-spacing-right-large:11.52%;--awb-margin-bottom-large:10px;--awb-spacing-left-large:11.52%;--awb-width-medium:100%;--awb-spacing-right-medium:1.92%;--awb-spacing-left-medium:1.92%;--awb-width-small:100%;--awb-spacing-right-small:1.92%;--awb-spacing-left-small:1.92%;\"><div class=\"fusion-column-wrapper fusion-flex-justify-content-flex-start fusion-content-layout-column\"><\/div><\/div><div class=\"fusion-layout-column fusion_builder_column fusion-builder-column-8 fusion_builder_column_1_1 1_1 fusion-flex-column fusion-flex-align-self-flex-start fusion-column-no-min-height\" style=\"--awb-bg-size:cover;--awb-width-large:100%;--awb-margin-top-large:0px;--awb-spacing-right-large:1.92%;--awb-margin-bottom-large:0px;--awb-spacing-left-large:1.92%;--awb-width-medium:100%;--awb-spacing-right-medium:1.92%;--awb-spacing-left-medium:1.92%;--awb-width-small:100%;--awb-spacing-right-small:1.92%;--awb-spacing-left-small:1.92%;\"><div class=\"fusion-column-wrapper fusion-flex-justify-content-flex-start fusion-content-layout-column\"><div class=\"fusion-text fusion-text-6\"><h2 style=\"text-align: center;\"><strong>Timpul de a\u015fteptare \u015fi modalitatea depunerii cererii de cet\u0103\u0163enie <\/strong><\/h2>\n<p>Cererile de cet\u0103\u0163enie italian\u0103 pot fi depuse doar ONLINE.<br \/>\nPrefectura de competen\u0163\u0103 in urma verific\u0103rii documentelor transmise ONLINE v\u0103 programeaz\u0103 pentru depunerea cererii.<br \/>\nTimpul maxim de a\u015fteptare \u015fi eliberare a decretului pentru cet\u0103\u0163enia italian\u0103 este de 4 ani.<\/p>\n<\/div><\/div><\/div><div class=\"fusion-layout-column fusion_builder_column fusion-builder-column-9 fusion_builder_column_1_1 1_1 fusion-flex-column fusion-flex-align-self-flex-start fusion-column-no-min-height\" style=\"--awb-bg-size:cover;--awb-width-large:100%;--awb-margin-top-large:0px;--awb-spacing-right-large:1.92%;--awb-margin-bottom-large:0px;--awb-spacing-left-large:1.92%;--awb-width-medium:100%;--awb-spacing-right-medium:1.92%;--awb-spacing-left-medium:1.92%;--awb-width-small:100%;--awb-spacing-right-small:1.92%;--awb-spacing-left-small:1.92%;\"><div class=\"fusion-column-wrapper fusion-flex-justify-content-flex-start fusion-content-layout-column\"><div class=\"fusion-separator fusion-full-width-sep\" style=\"align-self: center;margin-left: auto;margin-right: auto;margin-top:20px;width:100%;max-width:100%;\"><\/div><\/div><\/div><\/div><\/div><div class=\"fusion-fullwidth fullwidth-box fusion-builder-row-4 fusion-flex-container nonhundred-percent-fullwidth non-hundred-percent-height-scrolling\" style=\"--awb-background-position:left top;--awb-border-sizes-top:0px;--awb-border-sizes-bottom:0px;--awb-border-sizes-left:0px;--awb-border-sizes-right:0px;--awb-border-radius-top-left:0px;--awb-border-radius-top-right:0px;--awb-border-radius-bottom-right:0px;--awb-border-radius-bottom-left:0px;--awb-padding-right:30px;--awb-padding-left:30px;--awb-margin-top:20px;--awb-background-color:#b11376;--awb-flex-wrap:wrap;\" ><div class=\"fusion-builder-row fusion-row fusion-flex-align-items-flex-start fusion-flex-content-wrap\" style=\"max-width:1331.2px;margin-left: calc(-4% \/ 2 );margin-right: calc(-4% \/ 2 );\"><div class=\"fusion-layout-column fusion_builder_column fusion-builder-column-10 fusion_builder_column_2_3 2_3 fusion-flex-column fusion-flex-align-self-flex-start fusion-column-no-min-height\" style=\"--awb-bg-size:cover;--awb-width-large:66.666666666667%;--awb-margin-top-large:0%;--awb-spacing-right-large:2.88%;--awb-margin-bottom-large:10px;--awb-spacing-left-large:2.88%;--awb-width-medium:100%;--awb-spacing-right-medium:1.92%;--awb-spacing-left-medium:1.92%;--awb-width-small:100%;--awb-spacing-right-small:1.92%;--awb-spacing-left-small:1.92%;\"><div class=\"fusion-column-wrapper fusion-column-has-shadow fusion-flex-justify-content-flex-start fusion-content-layout-column\"><div class=\"fusion-separator fusion-no-small-visibility fusion-no-medium-visibility fusion-full-width-sep\" style=\"align-self: center;margin-left: auto;margin-right: auto;margin-top:20px;width:100%;\"><\/div><div class=\"fusion-text fusion-text-7\"><h3 style=\"font-size: 28px; color: #ffffff; text-align: center;\">\u00cencerca\u021bi s\u0103 ob\u021bine\u021bi cet\u0103\u021benia italian\u0103?<\/h3>\n<\/div><\/div><\/div><div class=\"fusion-layout-column fusion_builder_column fusion-builder-column-11 fusion_builder_column_1_3 1_3 fusion-flex-column\" style=\"--awb-padding-top:20px;--awb-padding-bottom:20px;--awb-bg-size:cover;--awb-width-large:33.333333333333%;--awb-margin-top-large:10px;--awb-spacing-right-large:5.76%;--awb-margin-bottom-large:10px;--awb-spacing-left-large:5.76%;--awb-width-medium:100%;--awb-spacing-right-medium:1.92%;--awb-spacing-left-medium:1.92%;--awb-width-small:100%;--awb-spacing-right-small:1.92%;--awb-spacing-left-small:1.92%;\"><div class=\"fusion-column-wrapper fusion-column-has-shadow fusion-flex-justify-content-flex-start fusion-content-layout-column\"><div ><a class=\"fusion-button button-flat button-xlarge button-custom fusion-button-default button-1 fusion-button-default-span fusion-button-default-type\" style=\"--button_accent_color:#b11376;--button_border_color:#b11376;--button_accent_hover_color:#ffffff;--button_border_hover_color:#ffffff;--button_border_width-top:2px;--button_border_width-right:2px;--button_border_width-bottom:2px;--button_border_width-left:2px;--button_gradient_top_color:#ffffff;--button_gradient_bottom_color:#ffffff;--button_gradient_top_color_hover:#b11376;--button_gradient_bottom_color_hover:#b11376;width:calc(100%);\" target=\"_self\" href=\"https:\/\/www.101proservices.com\/ro\/contacte\/\"><span class=\"fusion-button-text awb-button__text awb-button__text--default\">CERE\u021aI O OFERT\u0102<\/span><\/a><\/div><\/div><\/div><\/div><\/div><\/p>\n","protected":false},"excerpt":{"rendered":"","protected":false},"author":6,"featured_media":0,"parent":9911,"menu_order":0,"comment_status":"closed","ping_status":"closed","template":"100-width.php","meta":{"inline_featured_image":false,"footnotes":""},"class_list":["post-10135","page","type-page","status-publish","hentry"],"_links":{"self":[{"href":"https:\/\/www.101proservices.com\/ro\/wp-json\/wp\/v2\/pages\/10135","targetHints":{"allow":["GET"]}}],"collection":[{"href":"https:\/\/www.101proservices.com\/ro\/wp-json\/wp\/v2\/pages"}],"about":[{"href":"https:\/\/www.101proservices.com\/ro\/wp-json\/wp\/v2\/types\/page"}],"author":[{"embeddable":true,"href":"https:\/\/www.101proservices.com\/ro\/wp-json\/wp\/v2\/users\/6"}],"replies":[{"embeddable":true,"href":"https:\/\/www.101proservices.com\/ro\/wp-json\/wp\/v2\/comments?post=10135"}],"version-history":[{"count":3,"href":"https:\/\/www.101proservices.com\/ro\/wp-json\/wp\/v2\/pages\/10135\/revisions"}],"predecessor-version":[{"id":10138,"href":"https:\/\/www.101proservices.com\/ro\/wp-json\/wp\/v2\/pages\/10135\/revisions\/10138"}],"up":[{"embeddable":true,"href":"https:\/\/www.101proservices.com\/ro\/wp-json\/wp\/v2\/pages\/9911"}],"wp:attachment":[{"href":"https:\/\/www.101proservices.com\/ro\/wp-json\/wp\/v2\/media?parent=10135"}],"curies":[{"name":"wp","href":"https:\/\/api.w.org\/{rel}","templated":true}]}}