{"id":10131,"date":"2024-10-29T17:50:17","date_gmt":"2024-10-29T16:50:17","guid":{"rendered":"https:\/\/staging.101proservices.com\/?page_id=10131"},"modified":"2024-11-22T15:36:45","modified_gmt":"2024-11-22T14:36:45","slug":"traduceri-poloneza-italiana-poloneza","status":"publish","type":"page","link":"https:\/\/www.101proservices.com\/ro\/servicii-de-traducere-lingvistica\/traduceri-poloneza-italiana-poloneza\/","title":{"rendered":"Traduceri \u00een Polonez\u0103"},"content":{"rendered":"<p><div class=\"fusion-fullwidth fullwidth-box fusion-builder-row-1 fusion-flex-container nonhundred-percent-fullwidth non-hundred-percent-height-scrolling\" style=\"--awb-border-radius-top-left:0px;--awb-border-radius-top-right:0px;--awb-border-radius-bottom-right:0px;--awb-border-radius-bottom-left:0px;--awb-flex-wrap:wrap;\" ><div class=\"fusion-builder-row fusion-row fusion-flex-align-items-flex-start fusion-flex-content-wrap\" style=\"max-width:calc( 1280px + 0px );margin-left: calc(-0px \/ 2 );margin-right: calc(-0px \/ 2 );\"><div class=\"fusion-layout-column fusion_builder_column fusion-builder-column-0 fusion_builder_column_1_1 1_1 fusion-flex-column\" style=\"--awb-bg-size:cover;--awb-width-large:100%;--awb-margin-top-large:10px;--awb-spacing-right-large:0px;--awb-margin-bottom-large:10px;--awb-spacing-left-large:0px;--awb-width-medium:100%;--awb-spacing-right-medium:0px;--awb-spacing-left-medium:0px;--awb-width-small:100%;--awb-spacing-right-small:0px;--awb-spacing-left-small:0px;\"><div class=\"fusion-column-wrapper fusion-column-has-shadow fusion-flex-justify-content-flex-start fusion-content-layout-column\"><div class=\"fusion-text fusion-text-1\"><div id=\"attachment_3143\" style=\"width: 560px\" class=\"wp-caption alignleft\"><img decoding=\"async\" aria-describedby=\"caption-attachment-3143\" class=\"wp-image-3143\" style=\"padding: 15px;\" title=\"Traduceri profesionale din polonez\u0103 in italian\u0103\" src=\"https:\/\/www.101proservices.com\/wp-content\/uploads\/2019\/06\/polacco-traccia-600x384.jpg\" alt=\"Traduceri profesionale din polonez\u0103 in italian\u0103\" width=\"550\" height=\"352\" srcset=\"https:\/\/www.101proservices.com\/wp-content\/uploads\/polacco-traccia-200x128.jpg 200w, https:\/\/www.101proservices.com\/wp-content\/uploads\/polacco-traccia-300x192.jpg 300w, https:\/\/www.101proservices.com\/wp-content\/uploads\/polacco-traccia-400x256.jpg 400w, https:\/\/www.101proservices.com\/wp-content\/uploads\/polacco-traccia-460x295.jpg 460w, https:\/\/www.101proservices.com\/wp-content\/uploads\/polacco-traccia-600x384.jpg 600w, https:\/\/www.101proservices.com\/wp-content\/uploads\/polacco-traccia.jpg 750w\" sizes=\"(max-width: 550px) 100vw, 550px\" \/><p id=\"caption-attachment-3143\" class=\"wp-caption-text\">Traduceri profesionale din polonez\u0103 in italian\u0103<\/p><\/div>\n<h2>Traduceri profesionale din polonez\u0103 in italian\u0103 cu traduc\u0103toriori nativi<\/h2>\n<p style=\"text-align: justify;\">Dac\u0103 sunte\u0163i in cautarea <strong>unui serviciul profesional de traducere din limba polonez\u0103 in limba italian\u0103 sau invers<\/strong>, biroul nostru este specializat \u0219i gata s\u0103 v\u0103 ofere <strong>traduceri de calitate<\/strong> cu <strong>traduc\u0103torii vorbitori nativi de limb\u0103 polonez\u0103<\/strong>. Colaboratorii <strong>polonezi<\/strong> ai biroului <strong>101Proservices<\/strong> sunt profesioni\u0219ti care realizeaz\u0103 traduceri pentru societ\u0103\u0163i cunoscute pe pia\u021b\u0103. Azi multe societ\u0103\u0163i italiene \u0219i-au deschis activit\u0103\u0163i in Polonia, \u0163ara care este <strong>a sasea pia\u021b\u0103 din Uniunea European\u0103<\/strong>. Suntem partener de incredere in <strong>traduceri polonez\u0103-italian\u0103-polonez\u0103<\/strong>, cu respectarea timpului de predare \u0219i rapiditate in lucru.<\/p>\n<\/div><div class=\"fusion-separator fusion-full-width-sep\" style=\"align-self: center;margin-left: auto;margin-right: auto;width:100%;\"><\/div><div class=\"fusion-text fusion-text-2\"><p style=\"text-align: justify;\">Polonia datorit\u0103 intr\u0103rii in Uniunea Eupean\u0103, reprezint\u0103 \u00a0azi o pia\u021b\u0103 plin\u0103 de oportunitati economice. Este o \u0163ar\u0103 care ofer\u0103 ocazii in munc\u0103 pentru societ\u0103\u0163ile noastre. Pentru a in\u0163elege poten\u0163ialul acestei \u0163\u0103ri, vom face o sintez\u0103 rapid\u0103 a sectoarelor comerciale cele mai dezvoltate in Polonia: industria, comer\u0163ul en-gross, comer\u0163ul cu am\u0103nuntul, sectorul hotelier \u0219i restaur\u0103ri. Aproximativ 80% din exporturi sunt indreptate c\u0103tre Europa, in timp ce importurile ajung la un procentaj de 72% provenite tot din pia\u021ba din U.E. S\u0103 ave\u0163i la dispozitie un <strong>partener de incredere in traduceri in limba polonez\u0103<\/strong>, cum este <strong>101Proservices<\/strong>, este sigur un factor pozitiv in cre\u0219terea propriei afaceri comerciale.<\/p>\n<\/div><\/div><\/div><\/div><\/div><div class=\"fusion-fullwidth fullwidth-box fusion-builder-row-2 fusion-flex-container nonhundred-percent-fullwidth non-hundred-percent-height-scrolling\" style=\"--awb-border-radius-top-left:0px;--awb-border-radius-top-right:0px;--awb-border-radius-bottom-right:0px;--awb-border-radius-bottom-left:0px;--awb-padding-top:0px;--awb-padding-bottom:50px;--awb-margin-bottom:20px;--awb-background-color:#000000;--awb-flex-wrap:wrap;\" ><div class=\"fusion-builder-row fusion-row fusion-flex-align-items-flex-start fusion-flex-content-wrap\" style=\"max-width:1331.2px;margin-left: calc(-4% \/ 2 );margin-right: calc(-4% \/ 2 );\"><div class=\"fusion-layout-column fusion_builder_column fusion-builder-column-1 fusion_builder_column_1_1 1_1 fusion-flex-column fusion-flex-align-self-flex-start fusion-column-no-min-height\" style=\"--awb-bg-size:cover;--awb-width-large:100%;--awb-margin-top-large:0px;--awb-spacing-right-large:1.92%;--awb-margin-bottom-large:20px;--awb-spacing-left-large:1.92%;--awb-width-medium:100%;--awb-spacing-right-medium:1.92%;--awb-spacing-left-medium:1.92%;--awb-width-small:100%;--awb-spacing-right-small:1.92%;--awb-spacing-left-small:1.92%;\"><div class=\"fusion-column-wrapper fusion-column-has-shadow fusion-flex-justify-content-flex-start fusion-content-layout-column\"><div class=\"fusion-section-separator section-separator bigtriangle fusion-section-separator-1\" style=\"--awb-spacer-height:99px;--awb-svg-margin-left:1.92%;--awb-svg-margin-right:1.92%;--awb-svg-margin-left-medium:1.92%;--awb-svg-margin-right-medium:1.92%;--awb-svg-margin-left-small:1.92%;--awb-svg-margin-right-small:1.92%;--awb-divider-height:99px;--awb-spacer-padding-top:inherit;--awb-sep-padding:0;--awb-svg-padding:0;\"><div class=\"fusion-section-separator-svg\"><svg class=\"fusion-big-triangle-candy\" xmlns=\"http:\/\/www.w3.org\/2000\/svg\" version=\"1.1\" width=\"100%\" height=\"100\" viewBox=\"0 0 100 100\" preserveAspectRatio=\"none\" fill=\"rgba(255,255,255,1)\"><path d=\"M-1 -1 L50 99 L101 -1 Z\"><\/path><\/svg><\/div><div class=\"fusion-section-separator-spacer\"><div class=\"fusion-section-separator-spacer-height\"><\/div><\/div><\/div><\/div><\/div><div class=\"fusion-layout-column fusion_builder_column fusion-builder-column-2 fusion_builder_column_1_1 1_1 fusion-flex-column\" style=\"--awb-bg-size:cover;--awb-width-large:100%;--awb-margin-top-large:30px;--awb-spacing-right-large:1.92%;--awb-margin-bottom-large:10px;--awb-spacing-left-large:1.92%;--awb-width-medium:100%;--awb-spacing-right-medium:1.92%;--awb-spacing-left-medium:1.92%;--awb-width-small:100%;--awb-spacing-right-small:1.92%;--awb-spacing-left-small:1.92%;\"><div class=\"fusion-column-wrapper fusion-column-has-shadow fusion-flex-justify-content-flex-start fusion-content-layout-column\"><div class=\"fusion-separator fusion-full-width-sep\" style=\"align-self: center;margin-left: auto;margin-right: auto;margin-top:20px;margin-bottom:20px;width:100%;\"><\/div><div class=\"fusion-text fusion-text-3\"><p style=\"text-align: center; font-size: 26px;\"><span style=\"color: #ffffff;\">Efectuam si traduceri cu combinatii lingvistice, puteti gasi unele posibile combinatii lingvistice pe care biroul nostru de traduceri le ofera<\/span><\/p>\n<\/div><\/div><\/div><div class=\"fusion-layout-column fusion_builder_column fusion-builder-column-3 fusion_builder_column_1_5 1_5 fusion-flex-column\" style=\"--awb-bg-size:cover;--awb-width-large:20%;--awb-margin-top-large:10px;--awb-spacing-right-large:9.6%;--awb-margin-bottom-large:10px;--awb-spacing-left-large:9.6%;--awb-width-medium:100%;--awb-spacing-right-medium:1.92%;--awb-spacing-left-medium:1.92%;--awb-width-small:100%;--awb-spacing-right-small:1.92%;--awb-spacing-left-small:1.92%;\"><div class=\"fusion-column-wrapper fusion-column-has-shadow fusion-flex-justify-content-flex-start fusion-content-layout-column\"><\/div><\/div><div class=\"fusion-layout-column fusion_builder_column fusion-builder-column-4 fusion_builder_column_3_5 3_5 fusion-flex-column\" style=\"--awb-bg-size:cover;--awb-width-large:60%;--awb-margin-top-large:10px;--awb-spacing-right-large:3.2%;--awb-margin-bottom-large:10px;--awb-spacing-left-large:3.2%;--awb-width-medium:100%;--awb-spacing-right-medium:1.92%;--awb-spacing-left-medium:1.92%;--awb-width-small:100%;--awb-spacing-right-small:1.92%;--awb-spacing-left-small:1.92%;\"><div class=\"fusion-column-wrapper fusion-column-has-shadow fusion-flex-justify-content-flex-start fusion-content-layout-column\"><div ><a class=\"fusion-button button-flat button-xlarge button-custom fusion-button-default button-1 fusion-button-default-span fusion-button-default-type\" style=\"--button_accent_color:#ae1e80;--button_border_color:#ae1e80;--button_accent_hover_color:#ffffff;--button_border_hover_color:#ffffff;--button_border_width-top:2px;--button_border_width-right:2px;--button_border_width-bottom:2px;--button_border_width-left:2px;--button_gradient_top_color:#ffffff;--button_gradient_bottom_color:#ffffff;--button_gradient_top_color_hover:#ae1e80;--button_gradient_bottom_color_hover:#ae1e80;width:calc(100%);\" target=\"_self\" href=\"https:\/\/www.101proservices.com\/ro\/servicii-de-traducere-lingvistica\/\"><span class=\"fusion-button-text awb-button__text awb-button__text--default\">Vezi combinatiile lingvistice pe care le oferim<\/span><\/a><\/div><\/div><\/div><div class=\"fusion-layout-column fusion_builder_column fusion-builder-column-5 fusion_builder_column_1_5 1_5 fusion-flex-column\" style=\"--awb-bg-size:cover;--awb-width-large:20%;--awb-margin-top-large:10px;--awb-spacing-right-large:9.6%;--awb-margin-bottom-large:10px;--awb-spacing-left-large:9.6%;--awb-width-medium:100%;--awb-spacing-right-medium:1.92%;--awb-spacing-left-medium:1.92%;--awb-width-small:100%;--awb-spacing-right-small:1.92%;--awb-spacing-left-small:1.92%;\"><div class=\"fusion-column-wrapper fusion-column-has-shadow fusion-flex-justify-content-flex-start fusion-content-layout-column\"><\/div><\/div><\/div><\/div><div class=\"fusion-fullwidth fullwidth-box fusion-builder-row-3 fusion-flex-container nonhundred-percent-fullwidth non-hundred-percent-height-scrolling\" style=\"--awb-border-radius-top-left:0px;--awb-border-radius-top-right:0px;--awb-border-radius-bottom-right:0px;--awb-border-radius-bottom-left:0px;--awb-flex-wrap:wrap;\" ><div class=\"fusion-builder-row fusion-row fusion-flex-align-items-flex-start fusion-flex-content-wrap\" style=\"max-width:calc( 1280px + 0px );margin-left: calc(-0px \/ 2 );margin-right: calc(-0px \/ 2 );\"><div class=\"fusion-layout-column fusion_builder_column fusion-builder-column-6 fusion_builder_column_1_1 1_1 fusion-flex-column\" style=\"--awb-bg-size:cover;--awb-border-color:#ae1e80;--awb-border-top:0px;--awb-border-right:0px;--awb-border-bottom:0px;--awb-border-left:0px;--awb-border-style:solid;--awb-width-large:100%;--awb-margin-top-large:10px;--awb-spacing-right-large:0px;--awb-margin-bottom-large:10px;--awb-spacing-left-large:0px;--awb-width-medium:100%;--awb-spacing-right-medium:0px;--awb-spacing-left-medium:0px;--awb-width-small:100%;--awb-spacing-right-small:0px;--awb-spacing-left-small:0px;\"><div class=\"fusion-column-wrapper fusion-column-has-shadow fusion-flex-justify-content-flex-start fusion-content-layout-column\"><div class=\"fusion-text fusion-text-4\"><h2 style=\"text-align: center;\">Traduceri in polonez\u0103 de texte tehnice, financiare \u0219i medicale<\/h2>\n<\/div><div class=\"fusion-text fusion-text-5\"><p style=\"text-align: justify;\">Biroul 101Proservices este specializat in traduceri din diferite domenii, cu traduc\u0103tori specializati \u0219i cu experien\u0163\u0103 de mai multi ani in urm\u0103toarele sectoare de activitate:<\/p>\n<ul>\n<li class=\"p1\"><strong>Traduceri economico-financiare<\/strong><\/li>\n<li class=\"p1\"><strong>Traduceri texte comerciale<\/strong><\/li>\n<li class=\"p1\"><strong>Traduceri juridice<\/strong><\/li>\n<li class=\"p1\"><strong>Traduceri tehnice<\/strong><\/li>\n<li class=\"p1\"><strong>Traduceri medicale<\/strong><\/li>\n<li class=\"p1\"><strong>Traduceri administra\u0163ie<\/strong><\/li>\n<\/ul>\n<p style=\"text-align: justify;\"><strong>Clien\u0163ii no\u0219tri sunt multumi\u0163i de traducerile oferite<\/strong> in domeniile men\u0163ionate, clienti cu care avem o colaborare continu\u0103 pentru <strong>serviciile de traducere din polonez\u0103<\/strong>, prin respectarea termenului de predare \u0219i o excelent\u0103 calitate a traducerilor. Aceste parteneriate ne-au permis s\u0103 devenim punctul lor de referint\u0103 in multe realitati anteprenoriale, care s-au deschis pe pia\u021ba polonez\u0103, \u0219i care num\u0103r\u0103 aproape zece milioane de persoane care folosesc zilnic la munca limba polonez\u0103.<\/p>\n<\/div><\/div><\/div><div class=\"fusion-layout-column fusion_builder_column fusion-builder-column-7 fusion_builder_column_1_1 1_1 fusion-flex-column\" style=\"--awb-padding-top:20px;--awb-padding-right:20px;--awb-padding-bottom:20px;--awb-padding-left:20px;--awb-bg-color:#dddddd;--awb-bg-color-hover:#dddddd;--awb-bg-size:cover;--awb-border-color:#ae1e80;--awb-border-top:0px;--awb-border-right:0px;--awb-border-bottom:0px;--awb-border-left:0px;--awb-border-style:solid;--awb-width-large:100%;--awb-margin-top-large:10px;--awb-spacing-right-large:0px;--awb-margin-bottom-large:10px;--awb-spacing-left-large:0px;--awb-width-medium:100%;--awb-spacing-right-medium:0px;--awb-spacing-left-medium:0px;--awb-width-small:100%;--awb-spacing-right-small:0px;--awb-spacing-left-small:0px;\"><div class=\"fusion-column-wrapper fusion-column-has-shadow fusion-flex-justify-content-flex-start fusion-content-layout-column\"><div class=\"fusion-text fusion-text-6\"><p style=\"text-align: justify;\">Dac\u0103 firma dvs. are contracte comerciale cu Polonia sau este pe cale s\u0103 se lanseze pe aceast\u0103 \u00a0pia\u021b\u0103, puteti conta pe o <strong>colaboare cu biroul nostru de traduceri<\/strong>, care v\u0103 va permite s\u0103 folosi\u0163i traduc\u0103tori profesioni\u0219ti cu care ve\u0163i putea s\u0103 interactiona\u0163i, nu doar pentru a ob\u0163ine traduceri in polonez\u0103 dar \u0219i pentru a primi sfaturi \u0219i informa\u0163ii despre cultura lor.<\/p>\n<p style=\"text-align: justify;\"><strong>Suntem lideri in traduceri in limba polonez\u0103<\/strong>, a\u0219a cum suntem foarte bine preg\u0103ti\u0163i in traducerea limbilor slave cum este <a href=\"https:\/\/www.101proservices.com\/ro\/traduceri-italiana-albaneza-albaneza-italiana\/\"><strong>limba albanez\u0103<\/strong><\/a> dar cuvintele nu sunt suficiente pentru a descriere preg\u0103tirea noastr\u0103. Pune\u0163i-ne la prob\u0103 incredin\u0163\u00e2ndu-ne un proiect de <strong>traducere in polonez\u0103<\/strong>! Completa\u0163i formularul de contact, suna\u0163i-ne s\u0103u scrie\u0163i-ne un e-mail, ve\u0163i fi imediat recontacta\u0163i de c\u0103tre echipa noastr\u0103 \u00a0pentru a stabili tempul de predare \u0219i a primi o ofert\u0103 clar\u0103 \u0219i imediat\u0103. Doar in acest fel ve\u0163i avea certitudinea profesionalismului biroului nostru.<\/p>\n<\/div><\/div><\/div><\/div><\/div><div class=\"fusion-fullwidth fullwidth-box fusion-builder-row-4 fusion-flex-container nonhundred-percent-fullwidth non-hundred-percent-height-scrolling\" style=\"--awb-background-position:left top;--awb-border-sizes-top:0px;--awb-border-sizes-bottom:0px;--awb-border-sizes-left:0px;--awb-border-sizes-right:0px;--awb-border-radius-top-left:0px;--awb-border-radius-top-right:0px;--awb-border-radius-bottom-right:0px;--awb-border-radius-bottom-left:0px;--awb-padding-right:30px;--awb-padding-left:30px;--awb-margin-top:20px;--awb-background-color:#b11376;--awb-flex-wrap:wrap;\" ><div class=\"fusion-builder-row fusion-row fusion-flex-align-items-flex-start fusion-flex-content-wrap\" style=\"max-width:1331.2px;margin-left: calc(-4% \/ 2 );margin-right: calc(-4% \/ 2 );\"><div class=\"fusion-layout-column fusion_builder_column fusion-builder-column-8 fusion_builder_column_2_3 2_3 fusion-flex-column fusion-flex-align-self-flex-start fusion-column-no-min-height\" style=\"--awb-bg-size:cover;--awb-width-large:66.666666666667%;--awb-margin-top-large:0%;--awb-spacing-right-large:2.88%;--awb-margin-bottom-large:10px;--awb-spacing-left-large:2.88%;--awb-width-medium:100%;--awb-spacing-right-medium:1.92%;--awb-spacing-left-medium:1.92%;--awb-width-small:100%;--awb-spacing-right-small:1.92%;--awb-spacing-left-small:1.92%;\"><div class=\"fusion-column-wrapper fusion-column-has-shadow fusion-flex-justify-content-flex-start fusion-content-layout-column\"><div class=\"fusion-separator fusion-no-small-visibility fusion-no-medium-visibility fusion-full-width-sep\" style=\"align-self: center;margin-left: auto;margin-right: auto;margin-top:20px;width:100%;\"><\/div><div class=\"fusion-text fusion-text-7\"><h3 style=\"font-size: 28px; color: #ffffff; text-align: center;\">Pentru traduceri Italian\u0103 Polonez\u0103 \u0219i invers<\/h3>\n<\/div><\/div><\/div><div class=\"fusion-layout-column fusion_builder_column fusion-builder-column-9 fusion_builder_column_1_3 1_3 fusion-flex-column\" style=\"--awb-padding-top:20px;--awb-padding-bottom:20px;--awb-bg-size:cover;--awb-width-large:33.333333333333%;--awb-margin-top-large:10px;--awb-spacing-right-large:5.76%;--awb-margin-bottom-large:10px;--awb-spacing-left-large:5.76%;--awb-width-medium:100%;--awb-spacing-right-medium:1.92%;--awb-spacing-left-medium:1.92%;--awb-width-small:100%;--awb-spacing-right-small:1.92%;--awb-spacing-left-small:1.92%;\"><div class=\"fusion-column-wrapper fusion-column-has-shadow fusion-flex-justify-content-flex-start fusion-content-layout-column\"><div ><a class=\"fusion-button button-flat button-xlarge button-custom fusion-button-default button-2 fusion-button-default-span fusion-button-default-type\" style=\"--button_accent_color:#b11376;--button_border_color:#b11376;--button_accent_hover_color:#ffffff;--button_border_hover_color:#ffffff;--button_border_width-top:2px;--button_border_width-right:2px;--button_border_width-bottom:2px;--button_border_width-left:2px;--button_gradient_top_color:#ffffff;--button_gradient_bottom_color:#ffffff;--button_gradient_top_color_hover:#b11376;--button_gradient_bottom_color_hover:#b11376;width:calc(100%);\" target=\"_self\" href=\"https:\/\/www.101proservices.com\/ro\/contacte\/\"><span class=\"fusion-button-text awb-button__text awb-button__text--default\">CERE\u021ai O OFERT\u0102 DE PRE\u021a<\/span><\/a><\/div><\/div><\/div><\/div><\/div><\/p>\n","protected":false},"excerpt":{"rendered":"","protected":false},"author":6,"featured_media":0,"parent":9898,"menu_order":13,"comment_status":"closed","ping_status":"closed","template":"100-width.php","meta":{"inline_featured_image":false,"footnotes":""},"class_list":["post-10131","page","type-page","status-publish","hentry"],"_links":{"self":[{"href":"https:\/\/www.101proservices.com\/ro\/wp-json\/wp\/v2\/pages\/10131","targetHints":{"allow":["GET"]}}],"collection":[{"href":"https:\/\/www.101proservices.com\/ro\/wp-json\/wp\/v2\/pages"}],"about":[{"href":"https:\/\/www.101proservices.com\/ro\/wp-json\/wp\/v2\/types\/page"}],"author":[{"embeddable":true,"href":"https:\/\/www.101proservices.com\/ro\/wp-json\/wp\/v2\/users\/6"}],"replies":[{"embeddable":true,"href":"https:\/\/www.101proservices.com\/ro\/wp-json\/wp\/v2\/comments?post=10131"}],"version-history":[{"count":3,"href":"https:\/\/www.101proservices.com\/ro\/wp-json\/wp\/v2\/pages\/10131\/revisions"}],"predecessor-version":[{"id":10134,"href":"https:\/\/www.101proservices.com\/ro\/wp-json\/wp\/v2\/pages\/10131\/revisions\/10134"}],"up":[{"embeddable":true,"href":"https:\/\/www.101proservices.com\/ro\/wp-json\/wp\/v2\/pages\/9898"}],"wp:attachment":[{"href":"https:\/\/www.101proservices.com\/ro\/wp-json\/wp\/v2\/media?parent=10131"}],"curies":[{"name":"wp","href":"https:\/\/api.w.org\/{rel}","templated":true}]}}