{"id":10129,"date":"2024-10-29T13:17:07","date_gmt":"2024-10-29T12:17:07","guid":{"rendered":"https:\/\/staging.101proservices.com\/?page_id=10129"},"modified":"2024-11-22T15:31:48","modified_gmt":"2024-11-22T14:31:48","slug":"traduceri-ucraineana-italiana-ucraineana","status":"publish","type":"page","link":"https:\/\/www.101proservices.com\/ro\/servicii-de-traducere-lingvistica\/traduceri-ucraineana-italiana-ucraineana\/","title":{"rendered":"Traduceri \u00een Ucrainean\u0103"},"content":{"rendered":"<p><div class=\"fusion-fullwidth fullwidth-box fusion-builder-row-1 fusion-flex-container nonhundred-percent-fullwidth non-hundred-percent-height-scrolling\" style=\"--awb-border-radius-top-left:0px;--awb-border-radius-top-right:0px;--awb-border-radius-bottom-right:0px;--awb-border-radius-bottom-left:0px;--awb-flex-wrap:wrap;\" ><div class=\"fusion-builder-row fusion-row fusion-flex-align-items-flex-start fusion-flex-content-wrap\" style=\"max-width:calc( 1280px + 0px );margin-left: calc(-0px \/ 2 );margin-right: calc(-0px \/ 2 );\"><div class=\"fusion-layout-column fusion_builder_column fusion-builder-column-0 fusion_builder_column_1_1 1_1 fusion-flex-column\" style=\"--awb-bg-size:cover;--awb-width-large:100%;--awb-margin-top-large:10px;--awb-spacing-right-large:0px;--awb-margin-bottom-large:10px;--awb-spacing-left-large:0px;--awb-width-medium:100%;--awb-spacing-right-medium:0px;--awb-spacing-left-medium:0px;--awb-width-small:100%;--awb-spacing-right-small:0px;--awb-spacing-left-small:0px;\"><div class=\"fusion-column-wrapper fusion-column-has-shadow fusion-flex-justify-content-flex-start fusion-content-layout-column\"><div class=\"fusion-text fusion-text-1\"><div id=\"attachment_2751\" style=\"width: 560px\" class=\"wp-caption alignleft\"><img decoding=\"async\" aria-describedby=\"caption-attachment-2751\" class=\"wp-image-2751\" style=\"padding: 15px;\" src=\"https:\/\/www.101proservices.com\/wp-content\/uploads\/2019\/05\/ucraino-300x192.jpg\" alt=\"Traduceri profesionale din \u0219i spre limba ucrainean\u0103\" width=\"550\" height=\"352\" srcset=\"https:\/\/www.101proservices.com\/wp-content\/uploads\/ucraino-200x128.jpg 200w, https:\/\/www.101proservices.com\/wp-content\/uploads\/ucraino-300x192.jpg 300w, https:\/\/www.101proservices.com\/wp-content\/uploads\/ucraino-400x256.jpg 400w, https:\/\/www.101proservices.com\/wp-content\/uploads\/ucraino-460x295.jpg 460w, https:\/\/www.101proservices.com\/wp-content\/uploads\/ucraino-600x384.jpg 600w, https:\/\/www.101proservices.com\/wp-content\/uploads\/ucraino.jpg 750w\" sizes=\"(max-width: 550px) 100vw, 550px\" \/><p id=\"caption-attachment-2751\" class=\"wp-caption-text\">Traduceri profesionale din \u0219i spre limba ucrainean\u0103<\/p><\/div>\n<h2>Traduceri profesionale din \u0219i spre limba ucrainean\u0103<\/h2>\n<p style=\"text-align: justify;\">Principala caracteristic\u0103 a <strong>limbii ucrainene<\/strong> este asem\u0103narea cu <strong>limba rus\u0103<\/strong> at\u00e2t \u00een alfabet c\u00e2t \u0219i \u00een lexic. Ucraineana este \u00een acest moment vorbit\u0103 de aproximativ 41 de milioane de persoane \u0219i un <strong>traducator nativ ucrainean<\/strong> se poate dovedi extrem de important pentru societ\u0103\u021bile italiene de import \u2013 export.<\/p>\n<p style=\"text-align: justify;\">Azi Italia este pentru Ucraina un partener de importan\u0163\u0103 major\u0103; aceast\u0103 afirma\u0163ie este confirmat\u0103 de cre\u0219terea societ\u0103\u021bilor italiene prezente pe teritoriul ucrainean \u00een ultimii ani.<\/p>\n<\/div><div class=\"fusion-separator fusion-full-width-sep\" style=\"align-self: center;margin-left: auto;margin-right: auto;width:100%;\"><\/div><div class=\"fusion-text fusion-text-2\"><p style=\"text-align: justify;\">Limba ucrainean\u0103 provine dintr-o deviere a alfabetului chirilic \u0219i difera mult \u00een fonetic\u0103 fa\u0163\u0103 de limba rus\u0103. Datorit\u0103 acestor asem\u0103n\u0103ri cu rusa, cu care imparte un procentaj mare de cuvinte, este important s\u0103 ne adres\u0103m <strong>traduc\u0103torilor profesioni\u0219ti \u00een italian\u0103 \u2013 ucrainean\u0103 \u2013 italian\u0103<\/strong>, pentru a fi respectate micile diferen\u0163e \u0219i pentru o corect\u0103 interpretare a sensului \u00een context. \u00cen afara unei mari influen\u0163e ruse, un alt factor care influenteaz\u0103 \u00een mod important \u00een dificultatea <strong>traducerii de texte<\/strong> \u0219i\/sau <strong>documente<\/strong>, este influen\u0163a culturala a limbii poloneze cauzat\u0103 de extinderea geografic\u0103 a Ucrainei. \u00cen cazul \u00een care dori\u0163i s\u0103 analiza\u0163i istoria limbii ucrainene, v\u0103 indrum\u0103m c\u0103tre pagina oficial\u0103 wikipedia: <a href=\"https:\/\/ro.wikipedia.org\/wiki\/Limba_ucrainean\u0103\" target=\"_blank\" rel=\"noopener noreferrer\">https:\/\/ro.wikipedia.org\/wiki\/Limba_ucrainean\u0103<\/a>.<\/p>\n<p style=\"text-align: justify;\">Pentru a beneficia de <strong>serviciile noastre de traducere italian\u0103 \u2013 ucraina \u2013 italian\u0103<\/strong>, v\u0103 invit\u0103m s\u0103 ne contacta\u0163i pentru o oferta gratuit\u0103, care v\u0103 va fi transmis\u0103 \u00een cel mai scurt timp.<\/p>\n<\/div><\/div><\/div><\/div><\/div><div class=\"fusion-fullwidth fullwidth-box fusion-builder-row-2 fusion-flex-container nonhundred-percent-fullwidth non-hundred-percent-height-scrolling\" style=\"--awb-border-radius-top-left:0px;--awb-border-radius-top-right:0px;--awb-border-radius-bottom-right:0px;--awb-border-radius-bottom-left:0px;--awb-padding-top:0px;--awb-padding-bottom:50px;--awb-margin-bottom:20px;--awb-background-color:#000000;--awb-flex-wrap:wrap;\" ><div class=\"fusion-builder-row fusion-row fusion-flex-align-items-flex-start fusion-flex-content-wrap\" style=\"max-width:1331.2px;margin-left: calc(-4% \/ 2 );margin-right: calc(-4% \/ 2 );\"><div class=\"fusion-layout-column fusion_builder_column fusion-builder-column-1 fusion_builder_column_1_1 1_1 fusion-flex-column fusion-flex-align-self-flex-start fusion-column-no-min-height\" style=\"--awb-bg-size:cover;--awb-width-large:100%;--awb-margin-top-large:0px;--awb-spacing-right-large:1.92%;--awb-margin-bottom-large:20px;--awb-spacing-left-large:1.92%;--awb-width-medium:100%;--awb-spacing-right-medium:1.92%;--awb-spacing-left-medium:1.92%;--awb-width-small:100%;--awb-spacing-right-small:1.92%;--awb-spacing-left-small:1.92%;\"><div class=\"fusion-column-wrapper fusion-column-has-shadow fusion-flex-justify-content-flex-start fusion-content-layout-column\"><div class=\"fusion-section-separator section-separator bigtriangle fusion-section-separator-1\" style=\"--awb-spacer-height:99px;--awb-svg-margin-left:1.92%;--awb-svg-margin-right:1.92%;--awb-svg-margin-left-medium:1.92%;--awb-svg-margin-right-medium:1.92%;--awb-svg-margin-left-small:1.92%;--awb-svg-margin-right-small:1.92%;--awb-divider-height:99px;--awb-spacer-padding-top:inherit;--awb-sep-padding:0;--awb-svg-padding:0;\"><div class=\"fusion-section-separator-svg\"><svg class=\"fusion-big-triangle-candy\" xmlns=\"http:\/\/www.w3.org\/2000\/svg\" version=\"1.1\" width=\"100%\" height=\"100\" viewBox=\"0 0 100 100\" preserveAspectRatio=\"none\" fill=\"rgba(255,255,255,1)\"><path d=\"M-1 -1 L50 99 L101 -1 Z\"><\/path><\/svg><\/div><div class=\"fusion-section-separator-spacer\"><div class=\"fusion-section-separator-spacer-height\"><\/div><\/div><\/div><\/div><\/div><div class=\"fusion-layout-column fusion_builder_column fusion-builder-column-2 fusion_builder_column_1_1 1_1 fusion-flex-column\" style=\"--awb-bg-size:cover;--awb-width-large:100%;--awb-margin-top-large:30px;--awb-spacing-right-large:1.92%;--awb-margin-bottom-large:10px;--awb-spacing-left-large:1.92%;--awb-width-medium:100%;--awb-spacing-right-medium:1.92%;--awb-spacing-left-medium:1.92%;--awb-width-small:100%;--awb-spacing-right-small:1.92%;--awb-spacing-left-small:1.92%;\"><div class=\"fusion-column-wrapper fusion-column-has-shadow fusion-flex-justify-content-flex-start fusion-content-layout-column\"><div class=\"fusion-separator fusion-full-width-sep\" style=\"align-self: center;margin-left: auto;margin-right: auto;margin-top:20px;margin-bottom:20px;width:100%;\"><\/div><div class=\"fusion-text fusion-text-3\"><p style=\"text-align: center; font-size: 26px;\"><span style=\"color: #ffffff;\">Efectuam si traduceri cu combinatii lingvistice, puteti gasi unele posibile combinatii lingvistice pe care biroul nostru de traduceri le ofera<\/span><\/p>\n<\/div><\/div><\/div><div class=\"fusion-layout-column fusion_builder_column fusion-builder-column-3 fusion_builder_column_1_5 1_5 fusion-flex-column\" style=\"--awb-bg-size:cover;--awb-width-large:20%;--awb-margin-top-large:10px;--awb-spacing-right-large:9.6%;--awb-margin-bottom-large:10px;--awb-spacing-left-large:9.6%;--awb-width-medium:100%;--awb-spacing-right-medium:1.92%;--awb-spacing-left-medium:1.92%;--awb-width-small:100%;--awb-spacing-right-small:1.92%;--awb-spacing-left-small:1.92%;\"><div class=\"fusion-column-wrapper fusion-column-has-shadow fusion-flex-justify-content-flex-start fusion-content-layout-column\"><\/div><\/div><div class=\"fusion-layout-column fusion_builder_column fusion-builder-column-4 fusion_builder_column_3_5 3_5 fusion-flex-column\" style=\"--awb-bg-size:cover;--awb-width-large:60%;--awb-margin-top-large:10px;--awb-spacing-right-large:3.2%;--awb-margin-bottom-large:10px;--awb-spacing-left-large:3.2%;--awb-width-medium:100%;--awb-spacing-right-medium:1.92%;--awb-spacing-left-medium:1.92%;--awb-width-small:100%;--awb-spacing-right-small:1.92%;--awb-spacing-left-small:1.92%;\"><div class=\"fusion-column-wrapper fusion-column-has-shadow fusion-flex-justify-content-flex-start fusion-content-layout-column\"><div ><a class=\"fusion-button button-flat button-xlarge button-custom fusion-button-default button-1 fusion-button-default-span fusion-button-default-type\" style=\"--button_accent_color:#ae1e80;--button_border_color:#ae1e80;--button_accent_hover_color:#ffffff;--button_border_hover_color:#ffffff;--button_border_width-top:2px;--button_border_width-right:2px;--button_border_width-bottom:2px;--button_border_width-left:2px;--button_gradient_top_color:#ffffff;--button_gradient_bottom_color:#ffffff;--button_gradient_top_color_hover:#ae1e80;--button_gradient_bottom_color_hover:#ae1e80;width:calc(100%);\" target=\"_self\" href=\"https:\/\/www.101proservices.com\/ro\/servicii-de-traducere-lingvistica\/\"><span class=\"fusion-button-text awb-button__text awb-button__text--default\">Vezi combinatiile lingvistice pe care le oferim<\/span><\/a><\/div><\/div><\/div><div class=\"fusion-layout-column fusion_builder_column fusion-builder-column-5 fusion_builder_column_1_5 1_5 fusion-flex-column\" style=\"--awb-bg-size:cover;--awb-width-large:20%;--awb-margin-top-large:10px;--awb-spacing-right-large:9.6%;--awb-margin-bottom-large:10px;--awb-spacing-left-large:9.6%;--awb-width-medium:100%;--awb-spacing-right-medium:1.92%;--awb-spacing-left-medium:1.92%;--awb-width-small:100%;--awb-spacing-right-small:1.92%;--awb-spacing-left-small:1.92%;\"><div class=\"fusion-column-wrapper fusion-column-has-shadow fusion-flex-justify-content-flex-start fusion-content-layout-column\"><\/div><\/div><\/div><\/div><div class=\"fusion-fullwidth fullwidth-box fusion-builder-row-3 fusion-flex-container nonhundred-percent-fullwidth non-hundred-percent-height-scrolling\" style=\"--awb-border-radius-top-left:0px;--awb-border-radius-top-right:0px;--awb-border-radius-bottom-right:0px;--awb-border-radius-bottom-left:0px;--awb-flex-wrap:wrap;\" ><div class=\"fusion-builder-row fusion-row fusion-flex-align-items-flex-start fusion-flex-content-wrap\" style=\"max-width:calc( 1280px + 0px );margin-left: calc(-0px \/ 2 );margin-right: calc(-0px \/ 2 );\"><div class=\"fusion-layout-column fusion_builder_column fusion-builder-column-6 fusion_builder_column_1_1 1_1 fusion-flex-column\" style=\"--awb-bg-size:cover;--awb-border-color:#ae1e80;--awb-border-top:0px;--awb-border-right:0px;--awb-border-bottom:0px;--awb-border-left:0px;--awb-border-style:solid;--awb-width-large:100%;--awb-margin-top-large:10px;--awb-spacing-right-large:0px;--awb-margin-bottom-large:10px;--awb-spacing-left-large:0px;--awb-width-medium:100%;--awb-spacing-right-medium:0px;--awb-spacing-left-medium:0px;--awb-width-small:100%;--awb-spacing-right-small:0px;--awb-spacing-left-small:0px;\"><div class=\"fusion-column-wrapper fusion-column-has-shadow fusion-flex-justify-content-flex-start fusion-content-layout-column\"><div class=\"fusion-text fusion-text-4\"><h2>Curiozitati istorice despre limba ucrainean\u0103.<\/h2>\n<\/div><div class=\"fusion-text fusion-text-5\"><p style=\"text-align: justify;\"><strong>Limba ucrainean\u0103<\/strong> este o <strong>limb\u0103 din subgrupul\u00a0oriental\u00a0al limbilor slave<\/strong> si raportat\u0103 la imperul rus, aceast\u0103 limb\u0103 era denumi\u0103 limba mica\u2013rus\u0103. Limba ucrainean\u0103 este vorbit\u0103 \u00een mod principal \u00een toate \u0163\u0103rile ex-sovietice \u0219i desigur cel mai mare num\u0103r de vorbitori de limba ucrainean\u0103 se gasesc \u00een <strong>Ucraina<\/strong>, cu circa 32 milioane de persoane. Este vorbit\u0103 zilnic de 36 de milioane de persoane r\u0103sp\u00e2ndite \u00een urm\u0103toarele \u021b\u0103ri: <strong>Kazakstan<\/strong>,\u00a0<strong>Moldova<\/strong>,\u00a0<strong>Polonia<\/strong>,\u00a0<strong>Rom\u00e2nia<\/strong>\u00a0\u0219i\u00a0<strong>Lituania<\/strong>.<\/p>\n<p style=\"text-align: justify;\">Propor\u0163iile se pot imp\u0103r\u0163i in felul urm\u0103tor Kazakistan aproximativ 900 mii vorbitori, in Moldova 600 mii vorbitori \u0219i restul vorbitorilor care cumuleaz\u0103 250 mii persoane se impart intre Polonia, Rom\u00e2nia \u0219i Lituania. Originile acestei limbi provin din statul Rus din Kiev \u0219i este considerat\u0103 o limb\u0103 melodic\u0103, in care consoanele sunt impartire in trei categorii: dure, slabe \u0219i lungi. Ucraineana are multe asem\u0103n\u0103ri cu alte limbi slave, in mod deosebit cu limba rus\u0103, bielorus\u0103 \u0219i polonez\u0103.<\/p>\n<\/div><\/div><\/div><div class=\"fusion-layout-column fusion_builder_column fusion-builder-column-7 fusion_builder_column_1_1 1_1 fusion-flex-column\" style=\"--awb-padding-top:20px;--awb-padding-right:20px;--awb-padding-bottom:20px;--awb-padding-left:20px;--awb-bg-color:#dddddd;--awb-bg-color-hover:#dddddd;--awb-bg-size:cover;--awb-border-color:#ae1e80;--awb-border-top:0px;--awb-border-right:0px;--awb-border-bottom:0px;--awb-border-left:0px;--awb-border-style:solid;--awb-width-large:100%;--awb-margin-top-large:10px;--awb-spacing-right-large:0px;--awb-margin-bottom-large:10px;--awb-spacing-left-large:0px;--awb-width-medium:100%;--awb-spacing-right-medium:0px;--awb-spacing-left-medium:0px;--awb-width-small:100%;--awb-spacing-right-small:0px;--awb-spacing-left-small:0px;\"><div class=\"fusion-column-wrapper fusion-column-has-shadow fusion-flex-justify-content-flex-start fusion-content-layout-column\"><div class=\"fusion-text fusion-text-6\"><h2 style=\"text-align: center;\"><span style=\"color: #ae1e80;\">Scurta introducere referitoare la economia Ucrainei \u0219i serviciul de traducere<\/span><\/h2>\n<p style=\"text-align: justify;\">\u00cen ultimii dou\u0103zeci de ani ecomia Ucrainei a crescut intr-atat inc\u00e2t a determinat un impact pozitiv asupra vietii sociale ale populatiei, chiar dac\u0103 \u0219i azi nivelul de via\u0163\u0103 fa\u0163\u0103 de alte \u021b\u0103ri a r\u0103mas inc\u0103 inferior. \u00cen anul 2004 fa\u0163\u0103 de anul precedent venitul pe cap de locuitor a crecut cu circa 15%, triplic\u00e2ndu-se valorile fa\u0163\u0103 de 2003.<\/p>\n<p style=\"text-align: justify;\">Aceast\u0103 cre\u0219tere se datoreaz\u0103 \u00een mod deosebit faptului ca economia ucrainean\u0103 este printre cele mai expansive economii fa\u0163\u0103 de toate \u0163\u0103rile ex-sovietice, fiind pentru investitorii str\u0103ini o na\u0163iune unde se pot investi capitaluri importante. <strong>Aceste particularit\u0103\u0163i au f\u0103cut ca Italia s\u0103 devin\u0103 al doilea partener economic al Ucrainei \u0219i prima \u021bar\u0103 \u00een import.<\/strong><\/p>\n<p style=\"text-align: justify;\">Datorit\u0103 acestei str\u00e2nse colabor\u0103ri intre Italia \u0219i Ucraina, multe societ\u0103\u021bi italiene au investit profiturile lor pentru a dezvolta aceste oportunit\u0103\u0163i economice \u0219i comunicarea at\u00e2t cea scris\u0103 c\u00e2t \u0219i cea oral\u0103 r\u0103m\u00e2ne un factor hot\u0103r\u00e2tor pentru a crea sinergii. Multe societ\u0103\u021bi s-au adresat <strong>serviciului <\/strong>nostru<strong> de traduceri profesionale din limba ucrainean\u0103<\/strong>, pentru a men\u0163ine relatiile comerciale sau pentru a crea condi\u0163iile necesare deschiderii acestei pie\u0163i. <strong>Biroul nostru de traduceri este preg\u0103tit \u0219i calificat pentru a v\u0103 inso\u0163i cu traduceri lingvistice<\/strong>. Contacta\u0163i-ne f\u0103r\u0103 nicio obliga\u0163ie \u00een vederea unei oferte personalizate \u00een baza nevoilor dvs.<\/p>\n<\/div><\/div><\/div><\/div><\/div><div class=\"fusion-fullwidth fullwidth-box fusion-builder-row-4 fusion-flex-container nonhundred-percent-fullwidth non-hundred-percent-height-scrolling\" style=\"--awb-background-position:left top;--awb-border-sizes-top:0px;--awb-border-sizes-bottom:0px;--awb-border-sizes-left:0px;--awb-border-sizes-right:0px;--awb-border-radius-top-left:0px;--awb-border-radius-top-right:0px;--awb-border-radius-bottom-right:0px;--awb-border-radius-bottom-left:0px;--awb-padding-right:30px;--awb-padding-left:30px;--awb-margin-top:20px;--awb-background-color:#b11376;--awb-flex-wrap:wrap;\" ><div class=\"fusion-builder-row fusion-row fusion-flex-align-items-flex-start fusion-flex-content-wrap\" style=\"max-width:1331.2px;margin-left: calc(-4% \/ 2 );margin-right: calc(-4% \/ 2 );\"><div class=\"fusion-layout-column fusion_builder_column fusion-builder-column-8 fusion_builder_column_2_3 2_3 fusion-flex-column fusion-flex-align-self-flex-start fusion-column-no-min-height\" style=\"--awb-bg-size:cover;--awb-width-large:66.666666666667%;--awb-margin-top-large:0%;--awb-spacing-right-large:2.88%;--awb-margin-bottom-large:10px;--awb-spacing-left-large:2.88%;--awb-width-medium:100%;--awb-spacing-right-medium:1.92%;--awb-spacing-left-medium:1.92%;--awb-width-small:100%;--awb-spacing-right-small:1.92%;--awb-spacing-left-small:1.92%;\"><div class=\"fusion-column-wrapper fusion-column-has-shadow fusion-flex-justify-content-flex-start fusion-content-layout-column\"><div class=\"fusion-separator fusion-no-small-visibility fusion-no-medium-visibility fusion-full-width-sep\" style=\"align-self: center;margin-left: auto;margin-right: auto;margin-top:20px;width:100%;\"><\/div><div class=\"fusion-text fusion-text-7\"><h3 style=\"font-size: 28px; color: #ffffff; text-align: center;\">Traduceri Italian\u0103 ucrainean\u0103 \u0219i invers<\/h3>\n<\/div><\/div><\/div><div class=\"fusion-layout-column fusion_builder_column fusion-builder-column-9 fusion_builder_column_1_3 1_3 fusion-flex-column\" style=\"--awb-padding-top:20px;--awb-padding-bottom:20px;--awb-bg-size:cover;--awb-width-large:33.333333333333%;--awb-margin-top-large:10px;--awb-spacing-right-large:5.76%;--awb-margin-bottom-large:10px;--awb-spacing-left-large:5.76%;--awb-width-medium:100%;--awb-spacing-right-medium:1.92%;--awb-spacing-left-medium:1.92%;--awb-width-small:100%;--awb-spacing-right-small:1.92%;--awb-spacing-left-small:1.92%;\"><div class=\"fusion-column-wrapper fusion-column-has-shadow fusion-flex-justify-content-flex-start fusion-content-layout-column\"><div ><a class=\"fusion-button button-flat button-xlarge button-custom fusion-button-default button-2 fusion-button-default-span fusion-button-default-type\" style=\"--button_accent_color:#b11376;--button_border_color:#b11376;--button_accent_hover_color:#ffffff;--button_border_hover_color:#ffffff;--button_border_width-top:2px;--button_border_width-right:2px;--button_border_width-bottom:2px;--button_border_width-left:2px;--button_gradient_top_color:#ffffff;--button_gradient_bottom_color:#ffffff;--button_gradient_top_color_hover:#b11376;--button_gradient_bottom_color_hover:#b11376;width:calc(100%);\" target=\"_self\" href=\"https:\/\/www.101proservices.com\/ro\/contacte\/\"><span class=\"fusion-button-text awb-button__text awb-button__text--default\">CERE\u021aI O OFERT\u0102<\/span><\/a><\/div><\/div><\/div><\/div><\/div><\/p>\n","protected":false},"excerpt":{"rendered":"","protected":false},"author":6,"featured_media":0,"parent":9898,"menu_order":12,"comment_status":"closed","ping_status":"closed","template":"100-width.php","meta":{"inline_featured_image":false,"footnotes":""},"class_list":["post-10129","page","type-page","status-publish","hentry"],"_links":{"self":[{"href":"https:\/\/www.101proservices.com\/ro\/wp-json\/wp\/v2\/pages\/10129","targetHints":{"allow":["GET"]}}],"collection":[{"href":"https:\/\/www.101proservices.com\/ro\/wp-json\/wp\/v2\/pages"}],"about":[{"href":"https:\/\/www.101proservices.com\/ro\/wp-json\/wp\/v2\/types\/page"}],"author":[{"embeddable":true,"href":"https:\/\/www.101proservices.com\/ro\/wp-json\/wp\/v2\/users\/6"}],"replies":[{"embeddable":true,"href":"https:\/\/www.101proservices.com\/ro\/wp-json\/wp\/v2\/comments?post=10129"}],"version-history":[{"count":1,"href":"https:\/\/www.101proservices.com\/ro\/wp-json\/wp\/v2\/pages\/10129\/revisions"}],"predecessor-version":[{"id":10130,"href":"https:\/\/www.101proservices.com\/ro\/wp-json\/wp\/v2\/pages\/10129\/revisions\/10130"}],"up":[{"embeddable":true,"href":"https:\/\/www.101proservices.com\/ro\/wp-json\/wp\/v2\/pages\/9898"}],"wp:attachment":[{"href":"https:\/\/www.101proservices.com\/ro\/wp-json\/wp\/v2\/media?parent=10129"}],"curies":[{"name":"wp","href":"https:\/\/api.w.org\/{rel}","templated":true}]}}