{"id":10123,"date":"2024-10-29T12:02:08","date_gmt":"2024-10-29T11:02:08","guid":{"rendered":"https:\/\/staging.101proservices.com\/?page_id=10123"},"modified":"2024-11-22T15:14:01","modified_gmt":"2024-11-22T14:14:01","slug":"traduceri-rusa-italiana","status":"publish","type":"page","link":"https:\/\/www.101proservices.com\/ro\/servicii-de-traducere-lingvistica\/traduceri-rusa-italiana\/","title":{"rendered":"Traduceri \u00een Rus\u0103"},"content":{"rendered":"<p><div class=\"fusion-fullwidth fullwidth-box fusion-builder-row-1 fusion-flex-container nonhundred-percent-fullwidth non-hundred-percent-height-scrolling\" style=\"--awb-border-radius-top-left:0px;--awb-border-radius-top-right:0px;--awb-border-radius-bottom-right:0px;--awb-border-radius-bottom-left:0px;--awb-flex-wrap:wrap;\" ><div class=\"fusion-builder-row fusion-row fusion-flex-align-items-flex-start fusion-flex-content-wrap\" style=\"max-width:calc( 1280px + 0px );margin-left: calc(-0px \/ 2 );margin-right: calc(-0px \/ 2 );\"><div class=\"fusion-layout-column fusion_builder_column fusion-builder-column-0 fusion_builder_column_1_1 1_1 fusion-flex-column\" style=\"--awb-bg-size:cover;--awb-width-large:100%;--awb-margin-top-large:10px;--awb-spacing-right-large:0px;--awb-margin-bottom-large:10px;--awb-spacing-left-large:0px;--awb-width-medium:100%;--awb-spacing-right-medium:0px;--awb-spacing-left-medium:0px;--awb-width-small:100%;--awb-spacing-right-small:0px;--awb-spacing-left-small:0px;\"><div class=\"fusion-column-wrapper fusion-column-has-shadow fusion-flex-justify-content-flex-start fusion-content-layout-column\"><div class=\"fusion-text fusion-text-1\"><div id=\"attachment_3141\" style=\"width: 560px\" class=\"wp-caption alignleft\"><img decoding=\"async\" aria-describedby=\"caption-attachment-3141\" class=\"wp-image-3141\" style=\"padding: 15px;\" src=\"https:\/\/www.101proservices.com\/wp-content\/uploads\/2019\/06\/russo-traccia-600x384.jpg\" alt=\"Traducere profesional\u0103 din italian\u0103 \u00een rus\u0103 \u0219i din rus\u0103 \u00een italian\u0103\" width=\"550\" height=\"352\" srcset=\"https:\/\/www.101proservices.com\/wp-content\/uploads\/russo-traccia-200x128.jpg 200w, https:\/\/www.101proservices.com\/wp-content\/uploads\/russo-traccia-300x192.jpg 300w, https:\/\/www.101proservices.com\/wp-content\/uploads\/russo-traccia-400x256.jpg 400w, https:\/\/www.101proservices.com\/wp-content\/uploads\/russo-traccia-460x295.jpg 460w, https:\/\/www.101proservices.com\/wp-content\/uploads\/russo-traccia-600x384.jpg 600w, https:\/\/www.101proservices.com\/wp-content\/uploads\/russo-traccia.jpg 750w\" sizes=\"(max-width: 550px) 100vw, 550px\" \/><p id=\"caption-attachment-3141\" class=\"wp-caption-text\">Traducere profesional\u0103 din italian\u0103 \u00een rus\u0103 \u0219i din rus\u0103 \u00een italian\u0103<\/p><\/div>\n<h2>Serviciu de traducere profesional\u0103 din italian\u0103 \u00een rus\u0103 \u0219i din rus\u0103 \u00een italian\u0103<\/h2>\n<p style=\"text-align: justify;\">Vasta experienta a biroului nostru \u00een domeniul traducerilor reprezint\u0103 un punct de referinta pentru cei care sunt \u00een cautarea unui <strong>serviciu profesional de traducere italian\u0103 rus\u0103 sau invers<\/strong>. Datorita unei bune organizari 101Proservices cu <strong>colaboratori<\/strong> nativi vorbitori de limba rus\u0103, reu\u0219im s\u0103 traducem orice fel de <strong>document<\/strong>, de la texte standard pana la domenii specifice din medicina, legale sau tehnice.<\/p>\n<p style=\"text-align: justify;\"><strong>Expertii <\/strong>nostri<strong> traduc\u0103tori \u0219i translatori ru\u0219i nativi<\/strong>, sunt preg\u0103ti\u0163i s\u0103 traduc\u0103 texte cu dificultate mare, precum <strong>bro\u015furi<\/strong>, <strong>documente juridice, bilan\u0163uri de societ\u0103\u021bi, manuale tehnice \u0219i manuale stiintifice, dar <\/strong>\u0219i<strong> s\u0103 abordeze traduceri \u00een simultan\u0103 \u00een domeniul interpretariatului<\/strong>. Traduc\u0103torii nostri de <strong>italian\u0103-rus\u0103-italian\u0103<\/strong>, realizeaz\u0103 o traducere de calitate f\u0103r\u0103 s\u0103 denatureze mesajul original al textului, \u00een timp scurt \u0219i cu impact economic scazut, pre\u0163uri avantajoase fa\u0163\u0103 de pre\u0163ul pie\u021bei.<\/p>\n<p style=\"text-align: justify;\">Oferim zilnic <strong>servicii de traducere \u00een limba rus\u0103 pentru multe brand<\/strong>-uri cunoscute \u0219i aceast\u0103 caracteristic\u0103 ne face unici \u00een panorama traducerilor, clienti importan\u0163i care \u00een fiecare an reinnoiesc parteneriatul cu biroul noastr\u0103 consider\u00e2nd-o serioas\u0103 \u0219i de incredere.<\/p>\n<\/div><\/div><\/div><\/div><\/div><div class=\"fusion-fullwidth fullwidth-box fusion-builder-row-2 fusion-flex-container nonhundred-percent-fullwidth non-hundred-percent-height-scrolling\" style=\"--awb-border-radius-top-left:0px;--awb-border-radius-top-right:0px;--awb-border-radius-bottom-right:0px;--awb-border-radius-bottom-left:0px;--awb-padding-top:0px;--awb-padding-bottom:50px;--awb-margin-bottom:20px;--awb-background-color:#000000;--awb-flex-wrap:wrap;\" ><div class=\"fusion-builder-row fusion-row fusion-flex-align-items-flex-start fusion-flex-content-wrap\" style=\"max-width:1331.2px;margin-left: calc(-4% \/ 2 );margin-right: calc(-4% \/ 2 );\"><div class=\"fusion-layout-column fusion_builder_column fusion-builder-column-1 fusion_builder_column_1_1 1_1 fusion-flex-column fusion-flex-align-self-flex-start fusion-column-no-min-height\" style=\"--awb-bg-size:cover;--awb-width-large:100%;--awb-margin-top-large:0px;--awb-spacing-right-large:1.92%;--awb-margin-bottom-large:20px;--awb-spacing-left-large:1.92%;--awb-width-medium:100%;--awb-spacing-right-medium:1.92%;--awb-spacing-left-medium:1.92%;--awb-width-small:100%;--awb-spacing-right-small:1.92%;--awb-spacing-left-small:1.92%;\"><div class=\"fusion-column-wrapper fusion-column-has-shadow fusion-flex-justify-content-flex-start fusion-content-layout-column\"><div class=\"fusion-section-separator section-separator bigtriangle fusion-section-separator-1\" style=\"--awb-spacer-height:99px;--awb-svg-margin-left:1.92%;--awb-svg-margin-right:1.92%;--awb-svg-margin-left-medium:1.92%;--awb-svg-margin-right-medium:1.92%;--awb-svg-margin-left-small:1.92%;--awb-svg-margin-right-small:1.92%;--awb-divider-height:99px;--awb-spacer-padding-top:inherit;--awb-sep-padding:0;--awb-svg-padding:0;\"><div class=\"fusion-section-separator-svg\"><svg class=\"fusion-big-triangle-candy\" xmlns=\"http:\/\/www.w3.org\/2000\/svg\" version=\"1.1\" width=\"100%\" height=\"100\" viewBox=\"0 0 100 100\" preserveAspectRatio=\"none\" fill=\"rgba(255,255,255,1)\"><path d=\"M-1 -1 L50 99 L101 -1 Z\"><\/path><\/svg><\/div><div class=\"fusion-section-separator-spacer\"><div class=\"fusion-section-separator-spacer-height\"><\/div><\/div><\/div><\/div><\/div><div class=\"fusion-layout-column fusion_builder_column fusion-builder-column-2 fusion_builder_column_1_1 1_1 fusion-flex-column\" style=\"--awb-bg-size:cover;--awb-width-large:100%;--awb-margin-top-large:30px;--awb-spacing-right-large:1.92%;--awb-margin-bottom-large:10px;--awb-spacing-left-large:1.92%;--awb-width-medium:100%;--awb-spacing-right-medium:1.92%;--awb-spacing-left-medium:1.92%;--awb-width-small:100%;--awb-spacing-right-small:1.92%;--awb-spacing-left-small:1.92%;\"><div class=\"fusion-column-wrapper fusion-column-has-shadow fusion-flex-justify-content-flex-start fusion-content-layout-column\"><div class=\"fusion-separator fusion-full-width-sep\" style=\"align-self: center;margin-left: auto;margin-right: auto;margin-top:20px;margin-bottom:20px;width:100%;\"><\/div><div class=\"fusion-text fusion-text-2\"><p style=\"text-align: center; font-size: 26px;\"><span style=\"color: #ffffff;\">Efectuam si traduceri cu combinatii lingvistice, puteti gasi unele posibile combinatii lingvistice pe care biroul nostru de traduceri le ofera<\/span><\/p>\n<\/div><\/div><\/div><div class=\"fusion-layout-column fusion_builder_column fusion-builder-column-3 fusion_builder_column_1_5 1_5 fusion-flex-column\" style=\"--awb-bg-size:cover;--awb-width-large:20%;--awb-margin-top-large:10px;--awb-spacing-right-large:9.6%;--awb-margin-bottom-large:10px;--awb-spacing-left-large:9.6%;--awb-width-medium:100%;--awb-spacing-right-medium:1.92%;--awb-spacing-left-medium:1.92%;--awb-width-small:100%;--awb-spacing-right-small:1.92%;--awb-spacing-left-small:1.92%;\"><div class=\"fusion-column-wrapper fusion-column-has-shadow fusion-flex-justify-content-flex-start fusion-content-layout-column\"><\/div><\/div><div class=\"fusion-layout-column fusion_builder_column fusion-builder-column-4 fusion_builder_column_3_5 3_5 fusion-flex-column\" style=\"--awb-bg-size:cover;--awb-width-large:60%;--awb-margin-top-large:10px;--awb-spacing-right-large:3.2%;--awb-margin-bottom-large:10px;--awb-spacing-left-large:3.2%;--awb-width-medium:100%;--awb-spacing-right-medium:1.92%;--awb-spacing-left-medium:1.92%;--awb-width-small:100%;--awb-spacing-right-small:1.92%;--awb-spacing-left-small:1.92%;\"><div class=\"fusion-column-wrapper fusion-column-has-shadow fusion-flex-justify-content-flex-start fusion-content-layout-column\"><div ><a class=\"fusion-button button-flat button-xlarge button-custom fusion-button-default button-1 fusion-button-default-span fusion-button-default-type\" style=\"--button_accent_color:#ae1e80;--button_border_color:#ae1e80;--button_accent_hover_color:#ffffff;--button_border_hover_color:#ffffff;--button_border_width-top:2px;--button_border_width-right:2px;--button_border_width-bottom:2px;--button_border_width-left:2px;--button_gradient_top_color:#ffffff;--button_gradient_bottom_color:#ffffff;--button_gradient_top_color_hover:#ae1e80;--button_gradient_bottom_color_hover:#ae1e80;width:calc(100%);\" target=\"_self\" href=\"https:\/\/www.101proservices.com\/ro\/servicii-de-traducere-lingvistica\/\"><span class=\"fusion-button-text awb-button__text awb-button__text--default\">Vezi combinatiile lingvistice pe care le oferim<\/span><\/a><\/div><\/div><\/div><div class=\"fusion-layout-column fusion_builder_column fusion-builder-column-5 fusion_builder_column_1_5 1_5 fusion-flex-column\" style=\"--awb-bg-size:cover;--awb-width-large:20%;--awb-margin-top-large:10px;--awb-spacing-right-large:9.6%;--awb-margin-bottom-large:10px;--awb-spacing-left-large:9.6%;--awb-width-medium:100%;--awb-spacing-right-medium:1.92%;--awb-spacing-left-medium:1.92%;--awb-width-small:100%;--awb-spacing-right-small:1.92%;--awb-spacing-left-small:1.92%;\"><div class=\"fusion-column-wrapper fusion-column-has-shadow fusion-flex-justify-content-flex-start fusion-content-layout-column\"><\/div><\/div><\/div><\/div><div class=\"fusion-fullwidth fullwidth-box fusion-builder-row-3 fusion-flex-container nonhundred-percent-fullwidth non-hundred-percent-height-scrolling\" style=\"--awb-border-radius-top-left:0px;--awb-border-radius-top-right:0px;--awb-border-radius-bottom-right:0px;--awb-border-radius-bottom-left:0px;--awb-flex-wrap:wrap;\" ><div class=\"fusion-builder-row fusion-row fusion-flex-align-items-flex-start fusion-flex-content-wrap\" style=\"max-width:calc( 1280px + 0px );margin-left: calc(-0px \/ 2 );margin-right: calc(-0px \/ 2 );\"><div class=\"fusion-layout-column fusion_builder_column fusion-builder-column-6 fusion_builder_column_1_1 1_1 fusion-flex-column\" style=\"--awb-bg-size:cover;--awb-border-color:#ae1e80;--awb-border-top:0px;--awb-border-right:0px;--awb-border-bottom:0px;--awb-border-left:0px;--awb-border-style:solid;--awb-width-large:100%;--awb-margin-top-large:10px;--awb-spacing-right-large:0px;--awb-margin-bottom-large:10px;--awb-spacing-left-large:0px;--awb-width-medium:100%;--awb-spacing-right-medium:0px;--awb-spacing-left-medium:0px;--awb-width-small:100%;--awb-spacing-right-small:0px;--awb-spacing-left-small:0px;\"><div class=\"fusion-column-wrapper fusion-column-has-shadow fusion-flex-justify-content-flex-start fusion-content-layout-column\"><div class=\"fusion-text fusion-text-3\"><p style=\"text-align: justify;\"><strong>Serviciile noastre de traducere profesional\u0103 \u00een limba rus\u0103<\/strong> se concentreaz\u0103 \u00een domeniul <strong>juridic, financiar, comercial, guvernamental, publicitar, <\/strong><a href=\"https:\/\/www.101proservices.com\/ro\/traduceri-medicale\/\"><strong>medical<\/strong><\/a> \u0219i \u00een traducerile <strong>profesionale <\/strong>de<strong> manuale tehnice<\/strong>. Pregatirea noastr\u0103 \u00een sectorul traducerilor ne permite s\u0103 fim un punct de referin\u0163\u0103 pentru societ\u0103\u021bi, pentru ca reu\u0219im s\u0103 facem fa\u0163\u0103 oricarui proiect cu traduceri de calitate \u00een rus\u0103. Echipa noastr\u0103 dedic de calitate atentie sporit\u0103 lucr\u0103rilor desf\u0103\u015furate \u0219i este r\u0103splatit\u0103 atunci c\u00e2nd clien\u0163ii ne acord\u0103 increderea lor \u00een realizarea altor lucr\u0103ri iar asta ne face s\u0103 fim orgolio\u0219i \u0219i <strong>deosebi\u0163i fa\u0163\u0103 de alte birouri de traducere<\/strong>. Acestea au fost posibile datorit\u0103 abilit\u0103\u0163ii noastre de a reuni un staff creat din vorbitori nativi de rus\u0103, fiecare specializat intr-un anume domeniu de activitate. Obiectivul nostru este s\u0103 interpretam imediat realele necestit\u0103\u0163i ale clientului.<\/p>\n<\/div><\/div><\/div><div class=\"fusion-layout-column fusion_builder_column fusion-builder-column-7 fusion_builder_column_1_1 1_1 fusion-flex-column\" style=\"--awb-padding-top:20px;--awb-padding-right:20px;--awb-padding-bottom:20px;--awb-padding-left:20px;--awb-bg-color:#dddddd;--awb-bg-color-hover:#dddddd;--awb-bg-size:cover;--awb-border-color:#ae1e80;--awb-border-top:0px;--awb-border-right:0px;--awb-border-bottom:0px;--awb-border-left:0px;--awb-border-style:solid;--awb-width-large:100%;--awb-margin-top-large:10px;--awb-spacing-right-large:0px;--awb-margin-bottom-large:10px;--awb-spacing-left-large:0px;--awb-width-medium:100%;--awb-spacing-right-medium:0px;--awb-spacing-left-medium:0px;--awb-width-small:100%;--awb-spacing-right-small:0px;--awb-spacing-left-small:0px;\"><div class=\"fusion-column-wrapper fusion-column-has-shadow fusion-flex-justify-content-flex-start fusion-content-layout-column\"><div class=\"fusion-text fusion-text-4\"><h2 style=\"text-align: center;\"><span style=\"color: #ae1e80;\">Traduceri italian\u0103-rus\u0103-italian\u0103<\/span><\/h2>\n<p style=\"text-align: justify;\"><strong>Traduc\u0103torii<\/strong> nostri desfasoara serviciul de <strong>editing<\/strong> \u0219i apoi <strong>corectare<\/strong> inclus \u00een pret, f\u0103r\u0103 a majora pretul stabilit \u0219i pot s\u0103 ofere \u0219i serviciul de <strong>corectare greseli<\/strong> ale traducerilor incredintate altor traduc\u0103tori. \u00cen mod principal actionam \u00een doua feluri \u00een cazul \u00een care ne este solicitata o corectare, mai intai se face un control gramatical \u0219i\/sau de dezvoltare a frazelor unui text tradus de un traducator care nu este nativ. A doua optiune este aceea de a lucra de la inceput pe textul de tradus care prevede \u0219i o completa corectare a traducerii. Oferim, pe langa traducerile de <strong>documente<\/strong> \u0219i <strong>titluri de studiu<\/strong> \u0219i serviciul de <strong>traducere \u00een rus\u0103 pentru Ambasada<\/strong>.<\/p>\n<\/div><\/div><\/div><div class=\"fusion-layout-column fusion_builder_column fusion-builder-column-8 fusion_builder_column_1_1 1_1 fusion-flex-column\" style=\"--awb-bg-size:cover;--awb-width-large:100%;--awb-margin-top-large:30px;--awb-spacing-right-large:0px;--awb-margin-bottom-large:10px;--awb-spacing-left-large:0px;--awb-width-medium:100%;--awb-spacing-right-medium:0px;--awb-spacing-left-medium:0px;--awb-width-small:100%;--awb-spacing-right-small:0px;--awb-spacing-left-small:0px;\"><div class=\"fusion-column-wrapper fusion-column-has-shadow fusion-flex-justify-content-flex-start fusion-content-layout-column\"><div class=\"fusion-text fusion-text-5\"><h2 style=\"text-align: center;\">Scurta introducere \u00een limba rus\u0103<\/h2>\n<p style=\"text-align: justify;\">Rusa este evident limba oficial\u0103 vorbit\u0103 \u00een <strong>Rusia<\/strong> dar este recunoscut\u0103 \u0219i \u00een <strong>Kazakistan<\/strong>\u00a0\u0219i\u00a0<strong>Kirghizistan<\/strong>\u00a0\u0219i se extinde \u0219i \u00een Ucraina (\u00een trecut limba ucrainean\u0103 era numit\u0103 <strong><a href=\"https:\/\/www.101proservices.com\/ro\/traduceri-ucraineana-italiana-ucraineana\/\">limba mica-rus\u0103<\/a><\/strong>), <strong>Bielarus<\/strong> ajung\u00e2nd pana la toate <strong>republicile exsovietice<\/strong>. \u00cen lume rusa este vorbit\u0103 de 180 milioane de persoane dintre care 140 milioane sunt reziden\u0163i chiar \u00een Rusia.<\/p>\n<p style=\"text-align: justify;\">Limba rus\u0103 are o mare insemnatate \u00een pie\u021bele interna\u021bionale, plec\u00e2nd de la furnizarea \u0219i v\u00e2nzarea de Gaz. Totodat\u0103 este cea mai vorbit\u0103 a cincea limb\u0103 din lume. <strong>Limba rus\u0103 apartine grupului de limbi slave orientale<\/strong> \u0219i este scris\u0103 cu altfabet <strong>chirilic<\/strong> care este al treilea alfabet al Uniunii Europene.<\/p>\n<\/div><\/div><\/div><\/div><\/div><div class=\"fusion-fullwidth fullwidth-box fusion-builder-row-4 fusion-flex-container nonhundred-percent-fullwidth non-hundred-percent-height-scrolling\" style=\"--awb-background-position:left top;--awb-border-sizes-top:0px;--awb-border-sizes-bottom:0px;--awb-border-sizes-left:0px;--awb-border-sizes-right:0px;--awb-border-radius-top-left:0px;--awb-border-radius-top-right:0px;--awb-border-radius-bottom-right:0px;--awb-border-radius-bottom-left:0px;--awb-padding-right:30px;--awb-padding-left:30px;--awb-margin-top:20px;--awb-background-color:#b11376;--awb-flex-wrap:wrap;\" ><div class=\"fusion-builder-row fusion-row fusion-flex-align-items-flex-start fusion-flex-content-wrap\" style=\"max-width:1331.2px;margin-left: calc(-4% \/ 2 );margin-right: calc(-4% \/ 2 );\"><div class=\"fusion-layout-column fusion_builder_column fusion-builder-column-9 fusion_builder_column_2_3 2_3 fusion-flex-column fusion-flex-align-self-flex-start fusion-column-no-min-height\" style=\"--awb-bg-size:cover;--awb-width-large:66.666666666667%;--awb-margin-top-large:0%;--awb-spacing-right-large:2.88%;--awb-margin-bottom-large:10px;--awb-spacing-left-large:2.88%;--awb-width-medium:100%;--awb-spacing-right-medium:1.92%;--awb-spacing-left-medium:1.92%;--awb-width-small:100%;--awb-spacing-right-small:1.92%;--awb-spacing-left-small:1.92%;\"><div class=\"fusion-column-wrapper fusion-column-has-shadow fusion-flex-justify-content-flex-start fusion-content-layout-column\"><div class=\"fusion-separator fusion-no-small-visibility fusion-no-medium-visibility fusion-full-width-sep\" style=\"align-self: center;margin-left: auto;margin-right: auto;margin-top:20px;width:100%;\"><\/div><div class=\"fusion-text fusion-text-6\"><h3 style=\"font-size: 28px; color: #ffffff; text-align: center;\">Traduceri Italian\u0103 Rus\u0103 \u0219i invers<\/h3>\n<\/div><\/div><\/div><div class=\"fusion-layout-column fusion_builder_column fusion-builder-column-10 fusion_builder_column_1_3 1_3 fusion-flex-column\" style=\"--awb-padding-top:20px;--awb-padding-bottom:20px;--awb-bg-size:cover;--awb-width-large:33.333333333333%;--awb-margin-top-large:10px;--awb-spacing-right-large:5.76%;--awb-margin-bottom-large:10px;--awb-spacing-left-large:5.76%;--awb-width-medium:100%;--awb-spacing-right-medium:1.92%;--awb-spacing-left-medium:1.92%;--awb-width-small:100%;--awb-spacing-right-small:1.92%;--awb-spacing-left-small:1.92%;\"><div class=\"fusion-column-wrapper fusion-column-has-shadow fusion-flex-justify-content-flex-start fusion-content-layout-column\"><div ><a class=\"fusion-button button-flat button-xlarge button-custom fusion-button-default button-2 fusion-button-default-span fusion-button-default-type\" style=\"--button_accent_color:#b11376;--button_border_color:#b11376;--button_accent_hover_color:#ffffff;--button_border_hover_color:#ffffff;--button_border_width-top:2px;--button_border_width-right:2px;--button_border_width-bottom:2px;--button_border_width-left:2px;--button_gradient_top_color:#ffffff;--button_gradient_bottom_color:#ffffff;--button_gradient_top_color_hover:#b11376;--button_gradient_bottom_color_hover:#b11376;width:calc(100%);\" target=\"_self\" href=\"https:\/\/www.101proservices.com\/ro\/contacte\/ \"><span class=\"fusion-button-text awb-button__text awb-button__text--default\">CERE\u021aI O OFERT\u0102<\/span><\/a><\/div><\/div><\/div><\/div><\/div><\/p>\n","protected":false},"excerpt":{"rendered":"","protected":false},"author":6,"featured_media":0,"parent":9898,"menu_order":11,"comment_status":"closed","ping_status":"closed","template":"100-width.php","meta":{"inline_featured_image":false,"footnotes":""},"class_list":["post-10123","page","type-page","status-publish","hentry"],"_links":{"self":[{"href":"https:\/\/www.101proservices.com\/ro\/wp-json\/wp\/v2\/pages\/10123","targetHints":{"allow":["GET"]}}],"collection":[{"href":"https:\/\/www.101proservices.com\/ro\/wp-json\/wp\/v2\/pages"}],"about":[{"href":"https:\/\/www.101proservices.com\/ro\/wp-json\/wp\/v2\/types\/page"}],"author":[{"embeddable":true,"href":"https:\/\/www.101proservices.com\/ro\/wp-json\/wp\/v2\/users\/6"}],"replies":[{"embeddable":true,"href":"https:\/\/www.101proservices.com\/ro\/wp-json\/wp\/v2\/comments?post=10123"}],"version-history":[{"count":5,"href":"https:\/\/www.101proservices.com\/ro\/wp-json\/wp\/v2\/pages\/10123\/revisions"}],"predecessor-version":[{"id":10128,"href":"https:\/\/www.101proservices.com\/ro\/wp-json\/wp\/v2\/pages\/10123\/revisions\/10128"}],"up":[{"embeddable":true,"href":"https:\/\/www.101proservices.com\/ro\/wp-json\/wp\/v2\/pages\/9898"}],"wp:attachment":[{"href":"https:\/\/www.101proservices.com\/ro\/wp-json\/wp\/v2\/media?parent=10123"}],"curies":[{"name":"wp","href":"https:\/\/api.w.org\/{rel}","templated":true}]}}