{"id":10103,"date":"2024-10-28T18:17:40","date_gmt":"2024-10-28T17:17:40","guid":{"rendered":"https:\/\/staging.101proservices.com\/?page_id=10103"},"modified":"2024-11-20T18:40:35","modified_gmt":"2024-11-20T17:40:35","slug":"traduceri-franceza-italiana","status":"publish","type":"page","link":"https:\/\/www.101proservices.com\/ro\/servicii-de-traducere-lingvistica\/traduceri-franceza-italiana\/","title":{"rendered":"Traduceri \u00een Francez\u0103"},"content":{"rendered":"<p><div class=\"fusion-fullwidth fullwidth-box fusion-builder-row-1 fusion-flex-container nonhundred-percent-fullwidth non-hundred-percent-height-scrolling\" style=\"--awb-border-radius-top-left:0px;--awb-border-radius-top-right:0px;--awb-border-radius-bottom-right:0px;--awb-border-radius-bottom-left:0px;--awb-flex-wrap:wrap;\" ><div class=\"fusion-builder-row fusion-row fusion-flex-align-items-flex-start fusion-flex-content-wrap\" style=\"max-width:calc( 1280px + 0px );margin-left: calc(-0px \/ 2 );margin-right: calc(-0px \/ 2 );\"><div class=\"fusion-layout-column fusion_builder_column fusion-builder-column-0 fusion_builder_column_1_1 1_1 fusion-flex-column\" style=\"--awb-bg-size:cover;--awb-width-large:100%;--awb-margin-top-large:10px;--awb-spacing-right-large:0px;--awb-margin-bottom-large:10px;--awb-spacing-left-large:0px;--awb-width-medium:100%;--awb-spacing-right-medium:0px;--awb-spacing-left-medium:0px;--awb-width-small:100%;--awb-spacing-right-small:0px;--awb-spacing-left-small:0px;\"><div class=\"fusion-column-wrapper fusion-column-has-shadow fusion-flex-justify-content-flex-start fusion-content-layout-column\"><div class=\"fusion-text fusion-text-1\"><div id=\"attachment_3144\" style=\"width: 560px\" class=\"wp-caption alignleft\"><img decoding=\"async\" aria-describedby=\"caption-attachment-3144\" class=\"wp-image-3144\" style=\"padding: 15px;\" src=\"https:\/\/www.101proservices.com\/wp-content\/uploads\/2019\/06\/francese-traccia-600x384.jpg\" alt=\"Traduceri din italian\u0103 \u00een francez\u0103 \" width=\"550\" height=\"352\" srcset=\"https:\/\/www.101proservices.com\/wp-content\/uploads\/francese-traccia-200x128.jpg 200w, https:\/\/www.101proservices.com\/wp-content\/uploads\/francese-traccia-300x192.jpg 300w, https:\/\/www.101proservices.com\/wp-content\/uploads\/francese-traccia-400x256.jpg 400w, https:\/\/www.101proservices.com\/wp-content\/uploads\/francese-traccia-460x295.jpg 460w, https:\/\/www.101proservices.com\/wp-content\/uploads\/francese-traccia-600x384.jpg 600w, https:\/\/www.101proservices.com\/wp-content\/uploads\/francese-traccia.jpg 750w\" sizes=\"(max-width: 550px) 100vw, 550px\" \/><p id=\"caption-attachment-3144\" class=\"wp-caption-text\">Traduceri din italian\u0103 \u00een francez\u0103<\/p><\/div>\n<h2>Efectuam traduceri din italian\u0103 \u00een francez\u0103 cu traduc\u0103tori nativi profesioni\u0219ti<\/h2>\n<p style=\"text-align: justify;\">Biroul nostru se mandre\u015fte cu ani de experien\u0163\u0103 \u00een <strong>sectorul traducerilor<\/strong> si din staff-ul nostru fac parte <strong>traduc\u0103tori profesioni\u0219ti care se ocup\u0103 \u00een mod special de traduceri italian\u0103-francez\u0103<\/strong>. Majoritatea traducerilor italian\u0103-francez\u0103 sunt texte ce provin din <strong>pie\u021bele emergente din vechiul continent<\/strong>. Este important s\u0103 stim c\u0103 limba francez\u0103 este vorbit\u0103 \u00een 50% dintre statele africane, din totalul de 54 de state recunoscute, \u00een 25 intre ele limba francez\u0103 este recunoscut\u0103 oficial \u0219i se vorbe\u015fte fluent. Franceza este mult folosit\u0103 \u00een statele africane \u00een c\u00e2mpul muncii, \u00een setoarele economice \u0219i culturale, fiind una dintre cele mai importante \u0219i recunoscute limbi \u00een aceste \u021b\u0103ri.<\/p>\n<\/div><div class=\"fusion-separator fusion-full-width-sep\" style=\"align-self: center;margin-left: auto;margin-right: auto;width:100%;\"><\/div><div class=\"fusion-text fusion-text-2\"><p style=\"text-align: justify;\">Biroul nostru este la dispozi\u0163ia oric\u0103rei societ\u0103\u021bi pentru <strong>traduceri profesionale din italian\u0103 \u00een francez\u0103 \u0219i viceversa<\/strong>, cu preturi atragatoare pe piata. 101 Proservices ofer\u0103 <strong>traduceri italian\u0103-francez\u0103-italian\u0103<\/strong> realizate de <strong>traduc\u0103tori vorbitori nativi profesioni\u0219ti<\/strong>. Totodat\u0103, suntem specializa\u021bi \u00een <strong>traducerea din \u0219i spre limba francez\u0103 \u00een orice combina\u0163ie lingvistic\u0103<\/strong> care aveti nevoie, \u00een mod deosebit \u00een domenii de lucru cum ar fi <strong>sectorul juridic, tehnic sau medical<\/strong>.<\/p>\n<\/div><\/div><\/div><\/div><\/div><div class=\"fusion-fullwidth fullwidth-box fusion-builder-row-2 fusion-flex-container nonhundred-percent-fullwidth non-hundred-percent-height-scrolling\" style=\"--awb-border-radius-top-left:0px;--awb-border-radius-top-right:0px;--awb-border-radius-bottom-right:0px;--awb-border-radius-bottom-left:0px;--awb-padding-top:0px;--awb-padding-bottom:50px;--awb-margin-bottom:20px;--awb-background-color:#000000;--awb-flex-wrap:wrap;\" ><div class=\"fusion-builder-row fusion-row fusion-flex-align-items-flex-start fusion-flex-content-wrap\" style=\"max-width:1331.2px;margin-left: calc(-4% \/ 2 );margin-right: calc(-4% \/ 2 );\"><div class=\"fusion-layout-column fusion_builder_column fusion-builder-column-1 fusion_builder_column_1_1 1_1 fusion-flex-column fusion-flex-align-self-flex-start fusion-column-no-min-height\" style=\"--awb-bg-size:cover;--awb-width-large:100%;--awb-margin-top-large:0px;--awb-spacing-right-large:1.92%;--awb-margin-bottom-large:20px;--awb-spacing-left-large:1.92%;--awb-width-medium:100%;--awb-spacing-right-medium:1.92%;--awb-spacing-left-medium:1.92%;--awb-width-small:100%;--awb-spacing-right-small:1.92%;--awb-spacing-left-small:1.92%;\"><div class=\"fusion-column-wrapper fusion-column-has-shadow fusion-flex-justify-content-flex-start fusion-content-layout-column\"><div class=\"fusion-section-separator section-separator bigtriangle fusion-section-separator-1\" style=\"--awb-spacer-height:99px;--awb-svg-margin-left:1.92%;--awb-svg-margin-right:1.92%;--awb-svg-margin-left-medium:1.92%;--awb-svg-margin-right-medium:1.92%;--awb-svg-margin-left-small:1.92%;--awb-svg-margin-right-small:1.92%;--awb-divider-height:99px;--awb-spacer-padding-top:inherit;--awb-sep-padding:0;--awb-svg-padding:0;\"><div class=\"fusion-section-separator-svg\"><svg class=\"fusion-big-triangle-candy\" xmlns=\"http:\/\/www.w3.org\/2000\/svg\" version=\"1.1\" width=\"100%\" height=\"100\" viewBox=\"0 0 100 100\" preserveAspectRatio=\"none\" fill=\"rgba(255,255,255,1)\"><path d=\"M-1 -1 L50 99 L101 -1 Z\"><\/path><\/svg><\/div><div class=\"fusion-section-separator-spacer\"><div class=\"fusion-section-separator-spacer-height\"><\/div><\/div><\/div><\/div><\/div><div class=\"fusion-layout-column fusion_builder_column fusion-builder-column-2 fusion_builder_column_1_1 1_1 fusion-flex-column\" style=\"--awb-bg-size:cover;--awb-width-large:100%;--awb-margin-top-large:30px;--awb-spacing-right-large:1.92%;--awb-margin-bottom-large:10px;--awb-spacing-left-large:1.92%;--awb-width-medium:100%;--awb-spacing-right-medium:1.92%;--awb-spacing-left-medium:1.92%;--awb-width-small:100%;--awb-spacing-right-small:1.92%;--awb-spacing-left-small:1.92%;\"><div class=\"fusion-column-wrapper fusion-column-has-shadow fusion-flex-justify-content-flex-start fusion-content-layout-column\"><div class=\"fusion-separator fusion-full-width-sep\" style=\"align-self: center;margin-left: auto;margin-right: auto;margin-top:20px;margin-bottom:20px;width:100%;\"><\/div><div class=\"fusion-text fusion-text-3\"><p style=\"text-align: center; font-size: 26px;\"><span style=\"color: #ffffff;\">Efectuam si traduceri cu combinatii lingvistice, puteti gasi unele posibile combinatii lingvistice pe care biroul nostru de traduceri le ofera<\/span><\/p>\n<\/div><\/div><\/div><div class=\"fusion-layout-column fusion_builder_column fusion-builder-column-3 fusion_builder_column_1_5 1_5 fusion-flex-column\" style=\"--awb-bg-size:cover;--awb-width-large:20%;--awb-margin-top-large:10px;--awb-spacing-right-large:9.6%;--awb-margin-bottom-large:10px;--awb-spacing-left-large:9.6%;--awb-width-medium:100%;--awb-spacing-right-medium:1.92%;--awb-spacing-left-medium:1.92%;--awb-width-small:100%;--awb-spacing-right-small:1.92%;--awb-spacing-left-small:1.92%;\"><div class=\"fusion-column-wrapper fusion-column-has-shadow fusion-flex-justify-content-flex-start fusion-content-layout-column\"><\/div><\/div><div class=\"fusion-layout-column fusion_builder_column fusion-builder-column-4 fusion_builder_column_3_5 3_5 fusion-flex-column\" style=\"--awb-bg-size:cover;--awb-width-large:60%;--awb-margin-top-large:10px;--awb-spacing-right-large:3.2%;--awb-margin-bottom-large:10px;--awb-spacing-left-large:3.2%;--awb-width-medium:100%;--awb-spacing-right-medium:1.92%;--awb-spacing-left-medium:1.92%;--awb-width-small:100%;--awb-spacing-right-small:1.92%;--awb-spacing-left-small:1.92%;\"><div class=\"fusion-column-wrapper fusion-column-has-shadow fusion-flex-justify-content-flex-start fusion-content-layout-column\"><div ><a class=\"fusion-button button-flat button-xlarge button-custom fusion-button-default button-1 fusion-button-default-span fusion-button-default-type\" style=\"--button_accent_color:#ae1e80;--button_border_color:#ae1e80;--button_accent_hover_color:#ffffff;--button_border_hover_color:#ffffff;--button_border_width-top:2px;--button_border_width-right:2px;--button_border_width-bottom:2px;--button_border_width-left:2px;--button_gradient_top_color:#ffffff;--button_gradient_bottom_color:#ffffff;--button_gradient_top_color_hover:#ae1e80;--button_gradient_bottom_color_hover:#ae1e80;width:calc(100%);\" target=\"_self\" href=\"https:\/\/www.101proservices.com\/ro\/servicii-de-traducere-lingvistica\/\"><span class=\"fusion-button-text awb-button__text awb-button__text--default\">Vezi combinatiile lingvistice pe care le oferim<\/span><\/a><\/div><\/div><\/div><div class=\"fusion-layout-column fusion_builder_column fusion-builder-column-5 fusion_builder_column_1_5 1_5 fusion-flex-column\" style=\"--awb-bg-size:cover;--awb-width-large:20%;--awb-margin-top-large:10px;--awb-spacing-right-large:9.6%;--awb-margin-bottom-large:10px;--awb-spacing-left-large:9.6%;--awb-width-medium:100%;--awb-spacing-right-medium:1.92%;--awb-spacing-left-medium:1.92%;--awb-width-small:100%;--awb-spacing-right-small:1.92%;--awb-spacing-left-small:1.92%;\"><div class=\"fusion-column-wrapper fusion-column-has-shadow fusion-flex-justify-content-flex-start fusion-content-layout-column\"><\/div><\/div><\/div><\/div><div class=\"fusion-fullwidth fullwidth-box fusion-builder-row-3 fusion-flex-container nonhundred-percent-fullwidth non-hundred-percent-height-scrolling\" style=\"--awb-border-radius-top-left:0px;--awb-border-radius-top-right:0px;--awb-border-radius-bottom-right:0px;--awb-border-radius-bottom-left:0px;--awb-flex-wrap:wrap;\" ><div class=\"fusion-builder-row fusion-row fusion-flex-align-items-flex-start fusion-flex-content-wrap\" style=\"max-width:calc( 1280px + 0px );margin-left: calc(-0px \/ 2 );margin-right: calc(-0px \/ 2 );\"><div class=\"fusion-layout-column fusion_builder_column fusion-builder-column-6 fusion_builder_column_1_1 1_1 fusion-flex-column\" style=\"--awb-bg-size:cover;--awb-border-color:#ae1e80;--awb-border-top:0px;--awb-border-right:0px;--awb-border-bottom:0px;--awb-border-left:0px;--awb-border-style:solid;--awb-width-large:100%;--awb-margin-top-large:10px;--awb-spacing-right-large:0px;--awb-margin-bottom-large:10px;--awb-spacing-left-large:0px;--awb-width-medium:100%;--awb-spacing-right-medium:0px;--awb-spacing-left-medium:0px;--awb-width-small:100%;--awb-spacing-right-small:0px;--awb-spacing-left-small:0px;\"><div class=\"fusion-column-wrapper fusion-column-has-shadow fusion-flex-justify-content-flex-start fusion-content-layout-column\"><div class=\"fusion-text fusion-text-4\"><h2 style=\"text-align: center;\"><strong>Caracteristicile limbii franceze<\/strong><\/h2>\n<p style=\"text-align: justify;\">Franceza face parte din <strong>limbile romanice<\/strong> din subfamilia italic\u0103, clasificat\u0103 ca <strong>limb\u0103 indoeuropean\u0103<\/strong> ca \u0219i <a href=\"https:\/\/www.101proservices.com\/ro\/traduceri-spaniola-italiana\/\"><strong>limba spaniol\u0103<\/strong><\/a>; ast\u0103zi este vorbit\u0103 de peste <strong>70 milioane de persoane<\/strong>.<\/p>\n<p style=\"text-align: justify;\">Na\u0163iunile care vorbesc limba francez\u0103 sunt desigur Franta, \u00een mare parte Belgia \u0219i Elve\u0163ia \u0219i, asa cum am men\u0163ionat \u00een paragraful anterior, multe <strong>state Africane<\/strong>. Ne putem da seama usor ca dup\u0103 englez\u0103 limba francez\u0103 este una din limbile cele mai folosite \u00een lume pentru a comunica \u00een campul <strong>muncii, culturii \u0219i sectorul diplomatic<\/strong>.<\/p>\n<p style=\"text-align: justify;\"><strong>Fanceza scris\u0103 \u0219i vorbit\u0103 folose\u015fte alfabetul roman<\/strong> dar spre deosebire de limba italian\u0103, foloseste adesea litere mute. Acesta are ca baza lingvistic\u0103 latina din cauza cuceririlor din secolul al doilea din partea Romanilor.<\/p>\n<\/div><\/div><\/div><div class=\"fusion-layout-column fusion_builder_column fusion-builder-column-7 fusion_builder_column_1_1 1_1 fusion-flex-column\" style=\"--awb-padding-top:20px;--awb-padding-right:20px;--awb-padding-bottom:20px;--awb-padding-left:20px;--awb-bg-color:#dddddd;--awb-bg-color-hover:#dddddd;--awb-bg-size:cover;--awb-border-color:#ae1e80;--awb-border-top:0px;--awb-border-right:0px;--awb-border-bottom:0px;--awb-border-left:0px;--awb-border-style:solid;--awb-width-large:100%;--awb-margin-top-large:10px;--awb-spacing-right-large:0px;--awb-margin-bottom-large:10px;--awb-spacing-left-large:0px;--awb-width-medium:100%;--awb-spacing-right-medium:0px;--awb-spacing-left-medium:0px;--awb-width-small:100%;--awb-spacing-right-small:0px;--awb-spacing-left-small:0px;\"><div class=\"fusion-column-wrapper fusion-column-has-shadow fusion-flex-justify-content-flex-start fusion-content-layout-column\"><div class=\"fusion-text fusion-text-5\"><h2 style=\"text-align: center;\"><span style=\"color: #ae1e80;\">Traduceri profesionale italian\u0103-francez\u0103<\/span><\/h2>\n<p style=\"text-align: justify;\">\u00cenaintea efectuarii unui <strong>serviciu de traducere italian\u0103-francez\u0103-italian\u0103<\/strong> biroul nostru obi\u015fnuie\u015fte s\u0103 lucreze textul de tradus \u00een func\u0163ie de domeniul din care face parte. Aceasta deoarce fiecare domeniu este caracterizat de un limbaj specific \u0219i este normal s\u0103 stim s\u0103 recunoastem acest sector, \u00een vederea pred\u0103rii unor texte traduse \u00een mod profesional, corect \u0219i mai ales folosind semantica potrivita. \u00cen urma traducerii <strong>textului din italian\u0103 \u00een francez\u0103 \u0219i invers<\/strong> staff-ul nostru realizeaz\u0103 verific\u0103ri minu\u0163ioase \u0219i cu grij\u0103, \u00een vederea pred\u0103rii unei lucr\u0103ri scrise de calitate ceea ce inseamn\u0103 respectarea dorin\u0163ei clientului.<\/p>\n<p style=\"text-align: justify;\">Pentru a obtine <strong>informa\u0163ii \u00een leg\u0103tur\u0103 cu serviciile de traducere din francez\u0103 spre orice alt\u0103 limb\u0103<\/strong>, v\u0103 rugam s\u0103 ne contacta\u0163i telefonic sau prin completarea c\u00e2mpurilor de contact. \u00cen momentul primirii cererii prin e-mail sau prin contactul telefonic, incepem pa\u0219ii necesari pentru realizarea unei lucr\u0103ri de calitate cu traduc\u0103tori profesioni\u0219ti vorbitori nativi de limba francez\u0103, pu\u0219i la dispozitie de biroul nostru.<\/p>\n<\/div><\/div><\/div><\/div><\/div><div class=\"fusion-fullwidth fullwidth-box fusion-builder-row-4 fusion-flex-container nonhundred-percent-fullwidth non-hundred-percent-height-scrolling\" style=\"--awb-background-position:left top;--awb-border-sizes-top:0px;--awb-border-sizes-bottom:0px;--awb-border-sizes-left:0px;--awb-border-sizes-right:0px;--awb-border-radius-top-left:0px;--awb-border-radius-top-right:0px;--awb-border-radius-bottom-right:0px;--awb-border-radius-bottom-left:0px;--awb-padding-right:30px;--awb-padding-left:30px;--awb-margin-top:20px;--awb-background-color:#b11376;--awb-flex-wrap:wrap;\" ><div class=\"fusion-builder-row fusion-row fusion-flex-align-items-flex-start fusion-flex-content-wrap\" style=\"max-width:1331.2px;margin-left: calc(-4% \/ 2 );margin-right: calc(-4% \/ 2 );\"><div class=\"fusion-layout-column fusion_builder_column fusion-builder-column-8 fusion_builder_column_2_3 2_3 fusion-flex-column fusion-flex-align-self-flex-start fusion-column-no-min-height\" style=\"--awb-bg-size:cover;--awb-width-large:66.666666666667%;--awb-margin-top-large:0%;--awb-spacing-right-large:2.88%;--awb-margin-bottom-large:10px;--awb-spacing-left-large:2.88%;--awb-width-medium:100%;--awb-spacing-right-medium:1.92%;--awb-spacing-left-medium:1.92%;--awb-width-small:100%;--awb-spacing-right-small:1.92%;--awb-spacing-left-small:1.92%;\"><div class=\"fusion-column-wrapper fusion-column-has-shadow fusion-flex-justify-content-flex-start fusion-content-layout-column\"><div class=\"fusion-separator fusion-no-small-visibility fusion-no-medium-visibility fusion-full-width-sep\" style=\"align-self: center;margin-left: auto;margin-right: auto;margin-top:20px;width:100%;\"><\/div><div class=\"fusion-text fusion-text-6\"><h3 style=\"font-size: 28px; color: #ffffff; text-align: center;\"><span style=\"color: #ffffff;\">Pentru traduceri Italian\u0103 Francez\u0103 sau invers <\/span><\/h3>\n<\/div><\/div><\/div><div class=\"fusion-layout-column fusion_builder_column fusion-builder-column-9 fusion_builder_column_1_3 1_3 fusion-flex-column\" style=\"--awb-padding-top:20px;--awb-padding-bottom:20px;--awb-bg-size:cover;--awb-width-large:33.333333333333%;--awb-margin-top-large:10px;--awb-spacing-right-large:5.76%;--awb-margin-bottom-large:10px;--awb-spacing-left-large:5.76%;--awb-width-medium:100%;--awb-spacing-right-medium:1.92%;--awb-spacing-left-medium:1.92%;--awb-width-small:100%;--awb-spacing-right-small:1.92%;--awb-spacing-left-small:1.92%;\"><div class=\"fusion-column-wrapper fusion-column-has-shadow fusion-flex-justify-content-flex-start fusion-content-layout-column\"><div ><a class=\"fusion-button button-flat button-xlarge button-custom fusion-button-default button-2 fusion-button-default-span fusion-button-default-type\" style=\"--button_accent_color:#b11376;--button_border_color:#b11376;--button_accent_hover_color:#ffffff;--button_border_hover_color:#ffffff;--button_border_width-top:2px;--button_border_width-right:2px;--button_border_width-bottom:2px;--button_border_width-left:2px;--button_gradient_top_color:#ffffff;--button_gradient_bottom_color:#ffffff;--button_gradient_top_color_hover:#b11376;--button_gradient_bottom_color_hover:#b11376;width:calc(100%);\" target=\"_self\" href=\"https:\/\/www.101proservices.com\/ro\/contacte\/ \"><span class=\"fusion-button-text awb-button__text awb-button__text--default\">CERE\u021aI O OFERTA<\/span><\/a><\/div><\/div><\/div><\/div><\/div><\/p>\n","protected":false},"excerpt":{"rendered":"","protected":false},"author":6,"featured_media":0,"parent":9898,"menu_order":8,"comment_status":"closed","ping_status":"closed","template":"100-width.php","meta":{"inline_featured_image":false,"footnotes":""},"class_list":["post-10103","page","type-page","status-publish","hentry"],"_links":{"self":[{"href":"https:\/\/www.101proservices.com\/ro\/wp-json\/wp\/v2\/pages\/10103","targetHints":{"allow":["GET"]}}],"collection":[{"href":"https:\/\/www.101proservices.com\/ro\/wp-json\/wp\/v2\/pages"}],"about":[{"href":"https:\/\/www.101proservices.com\/ro\/wp-json\/wp\/v2\/types\/page"}],"author":[{"embeddable":true,"href":"https:\/\/www.101proservices.com\/ro\/wp-json\/wp\/v2\/users\/6"}],"replies":[{"embeddable":true,"href":"https:\/\/www.101proservices.com\/ro\/wp-json\/wp\/v2\/comments?post=10103"}],"version-history":[{"count":5,"href":"https:\/\/www.101proservices.com\/ro\/wp-json\/wp\/v2\/pages\/10103\/revisions"}],"predecessor-version":[{"id":10109,"href":"https:\/\/www.101proservices.com\/ro\/wp-json\/wp\/v2\/pages\/10103\/revisions\/10109"}],"up":[{"embeddable":true,"href":"https:\/\/www.101proservices.com\/ro\/wp-json\/wp\/v2\/pages\/9898"}],"wp:attachment":[{"href":"https:\/\/www.101proservices.com\/ro\/wp-json\/wp\/v2\/media?parent=10103"}],"curies":[{"name":"wp","href":"https:\/\/api.w.org\/{rel}","templated":true}]}}