{"id":10099,"date":"2024-10-28T17:52:11","date_gmt":"2024-10-28T16:52:11","guid":{"rendered":"https:\/\/staging.101proservices.com\/?page_id=10099"},"modified":"2024-11-20T18:34:06","modified_gmt":"2024-11-20T17:34:06","slug":"traduceri-romana-italiana","status":"publish","type":"page","link":"https:\/\/www.101proservices.com\/ro\/servicii-de-traducere-lingvistica\/traduceri-romana-italiana\/","title":{"rendered":"Traduceri \u00een Roman\u0103"},"content":{"rendered":"<p><div class=\"fusion-fullwidth fullwidth-box fusion-builder-row-1 fusion-flex-container nonhundred-percent-fullwidth non-hundred-percent-height-scrolling\" style=\"--awb-border-radius-top-left:0px;--awb-border-radius-top-right:0px;--awb-border-radius-bottom-right:0px;--awb-border-radius-bottom-left:0px;--awb-flex-wrap:wrap;\" ><div class=\"fusion-builder-row fusion-row fusion-flex-align-items-flex-start fusion-flex-content-wrap\" style=\"max-width:calc( 1280px + 0px );margin-left: calc(-0px \/ 2 );margin-right: calc(-0px \/ 2 );\"><div class=\"fusion-layout-column fusion_builder_column fusion-builder-column-0 fusion_builder_column_1_1 1_1 fusion-flex-column\" style=\"--awb-bg-size:cover;--awb-width-large:100%;--awb-margin-top-large:10px;--awb-spacing-right-large:0px;--awb-margin-bottom-large:10px;--awb-spacing-left-large:0px;--awb-width-medium:100%;--awb-spacing-right-medium:0px;--awb-spacing-left-medium:0px;--awb-width-small:100%;--awb-spacing-right-small:0px;--awb-spacing-left-small:0px;\"><div class=\"fusion-column-wrapper fusion-column-has-shadow fusion-flex-justify-content-flex-start fusion-content-layout-column\"><div class=\"fusion-text fusion-text-1\"><div id=\"attachment_2747\" style=\"width: 560px\" class=\"wp-caption alignleft\"><img decoding=\"async\" aria-describedby=\"caption-attachment-2747\" class=\"wp-image-2747\" style=\"padding: 15px;\" src=\"https:\/\/www.101proservices.com\/wp-content\/uploads\/2019\/05\/romeno-300x192.jpg\" alt=\"Traducere din rom\u00e2n\u0103 \u00een italian\u0103\" width=\"550\" height=\"352\" srcset=\"https:\/\/www.101proservices.com\/wp-content\/uploads\/romeno-200x128.jpg 200w, https:\/\/www.101proservices.com\/wp-content\/uploads\/romeno-300x192.jpg 300w, https:\/\/www.101proservices.com\/wp-content\/uploads\/romeno-400x256.jpg 400w, https:\/\/www.101proservices.com\/wp-content\/uploads\/romeno-460x295.jpg 460w, https:\/\/www.101proservices.com\/wp-content\/uploads\/romeno-600x384.jpg 600w, https:\/\/www.101proservices.com\/wp-content\/uploads\/romeno.jpg 750w\" sizes=\"(max-width: 550px) 100vw, 550px\" \/><p id=\"caption-attachment-2747\" class=\"wp-caption-text\">Traducere din rom\u00e2n\u0103 \u00een italian\u0103<\/p><\/div>\n<h2>Serviciu profesional de traducere din rom\u00e2n\u0103 \u00een italian\u0103 \u0219i din italian\u0103 \u00een rom\u00e2n\u0103<\/h2>\n<p><strong>101ProServices este un birou cu traduc\u0103tori specializa\u021bi \u00een traducere \u00een limba rom\u00e2n\u0103<\/strong>. Serviciul oferit este de incredere \u0219i cu pre\u0163uri concuren\u0163iale. <strong>Traducerile din italian\u0103 \u00een rom\u00e2n\u0103 \u0219i <\/strong>din<strong> rom\u00e2n\u0103 \u00een italian\u0103<\/strong> sunt efectuate de <strong>traduc\u0103tori exper\u0163i<\/strong> \u0219i domeniile de specializare sunt, printre alte:<\/p>\n<p class=\"p1\"><strong>&#8211;<\/strong> <strong>Texte \u0219i documente standard<br \/>\n<\/strong><strong>&#8211; Documente comerciale \u0219i manuale tehnice<br \/>\n<\/strong><strong>&#8211; continuturi publicate pe site-uri web<\/strong><\/p>\n<\/div><div class=\"fusion-separator fusion-full-width-sep\" style=\"align-self: center;margin-left: auto;margin-right: auto;width:100%;\"><\/div><div class=\"fusion-text fusion-text-2\"><p style=\"text-align: justify;\">Pe parcursul anilor \u0219i mai exact incep\u00e2nd cu 2007, de la intrarea Rom\u00e2niei in Uniunea European\u0103, multe firme italiene au deschis puncte de lucru sau filiale in Rom\u00e2nia \u0219i asta \u00a0a dus la cre\u0219terea <strong>traducerilor din italian\u0103 in roman\u0103 de documente<\/strong> \u0219i <strong>traduceri de texte comerciale<\/strong>. In afara acestui aspect ce prive\u0219te doar societ\u0103\u0163ile \u0219i comer\u0163ul, sunt multe traduceri realizate de biroul nostru pentru cererea de <strong>documente<\/strong> utile pentru <strong>ambasada<\/strong> pentru motive de <strong>imigrare<\/strong>.<\/p>\n<\/div><div class=\"fusion-text fusion-text-3\"><p style=\"text-align: justify;\">Biroul nostru este specializat \u00een traducere din limba rom\u00e2n\u0103 \u00een italian\u0103 \u0219i invers, traducem documente care trebuie prezentate institu\u021biilor publice \u0219i pentru eliberarea de documente \u00een general. Este important sa ne g\u00e2ndim c\u0103 \u00een acest moment comunitatea de Rom\u00e2ni este cea mai numeroas\u0103 \u00een Italia.<\/p>\n<\/div><\/div><\/div><\/div><\/div><div class=\"fusion-fullwidth fullwidth-box fusion-builder-row-2 fusion-flex-container nonhundred-percent-fullwidth non-hundred-percent-height-scrolling\" style=\"--awb-border-radius-top-left:0px;--awb-border-radius-top-right:0px;--awb-border-radius-bottom-right:0px;--awb-border-radius-bottom-left:0px;--awb-padding-top:0px;--awb-padding-bottom:50px;--awb-margin-bottom:20px;--awb-background-color:#000000;--awb-flex-wrap:wrap;\" ><div class=\"fusion-builder-row fusion-row fusion-flex-align-items-flex-start fusion-flex-content-wrap\" style=\"max-width:1331.2px;margin-left: calc(-4% \/ 2 );margin-right: calc(-4% \/ 2 );\"><div class=\"fusion-layout-column fusion_builder_column fusion-builder-column-1 fusion_builder_column_1_1 1_1 fusion-flex-column fusion-flex-align-self-flex-start fusion-column-no-min-height\" style=\"--awb-bg-size:cover;--awb-width-large:100%;--awb-margin-top-large:0px;--awb-spacing-right-large:1.92%;--awb-margin-bottom-large:20px;--awb-spacing-left-large:1.92%;--awb-width-medium:100%;--awb-spacing-right-medium:1.92%;--awb-spacing-left-medium:1.92%;--awb-width-small:100%;--awb-spacing-right-small:1.92%;--awb-spacing-left-small:1.92%;\"><div class=\"fusion-column-wrapper fusion-column-has-shadow fusion-flex-justify-content-flex-start fusion-content-layout-column\"><div class=\"fusion-section-separator section-separator bigtriangle fusion-section-separator-1\" style=\"--awb-spacer-height:99px;--awb-svg-margin-left:1.92%;--awb-svg-margin-right:1.92%;--awb-svg-margin-left-medium:1.92%;--awb-svg-margin-right-medium:1.92%;--awb-svg-margin-left-small:1.92%;--awb-svg-margin-right-small:1.92%;--awb-divider-height:99px;--awb-spacer-padding-top:inherit;--awb-sep-padding:0;--awb-svg-padding:0;\"><div class=\"fusion-section-separator-svg\"><svg class=\"fusion-big-triangle-candy\" xmlns=\"http:\/\/www.w3.org\/2000\/svg\" version=\"1.1\" width=\"100%\" height=\"100\" viewBox=\"0 0 100 100\" preserveAspectRatio=\"none\" fill=\"rgba(255,255,255,1)\"><path d=\"M-1 -1 L50 99 L101 -1 Z\"><\/path><\/svg><\/div><div class=\"fusion-section-separator-spacer\"><div class=\"fusion-section-separator-spacer-height\"><\/div><\/div><\/div><\/div><\/div><div class=\"fusion-layout-column fusion_builder_column fusion-builder-column-2 fusion_builder_column_1_1 1_1 fusion-flex-column\" style=\"--awb-bg-size:cover;--awb-width-large:100%;--awb-margin-top-large:30px;--awb-spacing-right-large:1.92%;--awb-margin-bottom-large:10px;--awb-spacing-left-large:1.92%;--awb-width-medium:100%;--awb-spacing-right-medium:1.92%;--awb-spacing-left-medium:1.92%;--awb-width-small:100%;--awb-spacing-right-small:1.92%;--awb-spacing-left-small:1.92%;\"><div class=\"fusion-column-wrapper fusion-column-has-shadow fusion-flex-justify-content-flex-start fusion-content-layout-column\"><div class=\"fusion-separator fusion-full-width-sep\" style=\"align-self: center;margin-left: auto;margin-right: auto;margin-top:20px;margin-bottom:20px;width:100%;\"><\/div><div class=\"fusion-text fusion-text-4\"><p style=\"text-align: center; font-size: 26px;\"><span style=\"color: #ffffff;\">Efectuam si traduceri cu combinatii lingvistice, puteti gasi unele posibile combinatii lingvistice pe care biroul nostru de traduceri le ofera<\/span><\/p>\n<\/div><\/div><\/div><div class=\"fusion-layout-column fusion_builder_column fusion-builder-column-3 fusion_builder_column_1_5 1_5 fusion-flex-column\" style=\"--awb-bg-size:cover;--awb-width-large:20%;--awb-margin-top-large:10px;--awb-spacing-right-large:9.6%;--awb-margin-bottom-large:10px;--awb-spacing-left-large:9.6%;--awb-width-medium:100%;--awb-spacing-right-medium:1.92%;--awb-spacing-left-medium:1.92%;--awb-width-small:100%;--awb-spacing-right-small:1.92%;--awb-spacing-left-small:1.92%;\"><div class=\"fusion-column-wrapper fusion-column-has-shadow fusion-flex-justify-content-flex-start fusion-content-layout-column\"><\/div><\/div><div class=\"fusion-layout-column fusion_builder_column fusion-builder-column-4 fusion_builder_column_3_5 3_5 fusion-flex-column\" style=\"--awb-bg-size:cover;--awb-width-large:60%;--awb-margin-top-large:10px;--awb-spacing-right-large:3.2%;--awb-margin-bottom-large:10px;--awb-spacing-left-large:3.2%;--awb-width-medium:100%;--awb-spacing-right-medium:1.92%;--awb-spacing-left-medium:1.92%;--awb-width-small:100%;--awb-spacing-right-small:1.92%;--awb-spacing-left-small:1.92%;\"><div class=\"fusion-column-wrapper fusion-column-has-shadow fusion-flex-justify-content-flex-start fusion-content-layout-column\"><div ><a class=\"fusion-button button-flat button-xlarge button-custom fusion-button-default button-1 fusion-button-default-span fusion-button-default-type\" style=\"--button_accent_color:#ae1e80;--button_border_color:#ae1e80;--button_accent_hover_color:#ffffff;--button_border_hover_color:#ffffff;--button_border_width-top:2px;--button_border_width-right:2px;--button_border_width-bottom:2px;--button_border_width-left:2px;--button_gradient_top_color:#ffffff;--button_gradient_bottom_color:#ffffff;--button_gradient_top_color_hover:#ae1e80;--button_gradient_bottom_color_hover:#ae1e80;width:calc(100%);\" target=\"_self\" href=\"https:\/\/www.101proservices.com\/ro\/servicii-de-traducere-lingvistica\/\"><span class=\"fusion-button-text awb-button__text awb-button__text--default\">Vezi combinatiile lingvistice pe care le oferim<\/span><\/a><\/div><\/div><\/div><div class=\"fusion-layout-column fusion_builder_column fusion-builder-column-5 fusion_builder_column_1_5 1_5 fusion-flex-column\" style=\"--awb-bg-size:cover;--awb-width-large:20%;--awb-margin-top-large:10px;--awb-spacing-right-large:9.6%;--awb-margin-bottom-large:10px;--awb-spacing-left-large:9.6%;--awb-width-medium:100%;--awb-spacing-right-medium:1.92%;--awb-spacing-left-medium:1.92%;--awb-width-small:100%;--awb-spacing-right-small:1.92%;--awb-spacing-left-small:1.92%;\"><div class=\"fusion-column-wrapper fusion-column-has-shadow fusion-flex-justify-content-flex-start fusion-content-layout-column\"><\/div><\/div><\/div><\/div><div class=\"fusion-fullwidth fullwidth-box fusion-builder-row-3 fusion-flex-container nonhundred-percent-fullwidth non-hundred-percent-height-scrolling\" style=\"--awb-border-radius-top-left:0px;--awb-border-radius-top-right:0px;--awb-border-radius-bottom-right:0px;--awb-border-radius-bottom-left:0px;--awb-flex-wrap:wrap;\" ><div class=\"fusion-builder-row fusion-row fusion-flex-align-items-flex-start fusion-flex-content-wrap\" style=\"max-width:calc( 1280px + 0px );margin-left: calc(-0px \/ 2 );margin-right: calc(-0px \/ 2 );\"><div class=\"fusion-layout-column fusion_builder_column fusion-builder-column-6 fusion_builder_column_1_1 1_1 fusion-flex-column\" style=\"--awb-bg-size:cover;--awb-border-color:#ae1e80;--awb-border-top:0px;--awb-border-right:0px;--awb-border-bottom:0px;--awb-border-left:0px;--awb-border-style:solid;--awb-width-large:100%;--awb-margin-top-large:10px;--awb-spacing-right-large:0px;--awb-margin-bottom-large:10px;--awb-spacing-left-large:0px;--awb-width-medium:100%;--awb-spacing-right-medium:0px;--awb-spacing-left-medium:0px;--awb-width-small:100%;--awb-spacing-right-small:0px;--awb-spacing-left-small:0px;\"><div class=\"fusion-column-wrapper fusion-column-has-shadow fusion-flex-justify-content-flex-start fusion-content-layout-column\"><div class=\"fusion-text fusion-text-5\"><h2 style=\"text-align: center;\"><span style=\"color: #b11376;\"><strong>Cateva informatii \u0219i curiozitati despre limba rom\u00e2n\u0103<\/strong><\/span><\/h2>\n<p style=\"text-align: justify;\"><strong>Rom\u00e2na este o limb\u0103 neolatin\u0103 \u0219i apar\u0163ine limbilor romanice<\/strong>; acest aspect provine din faptul ca Imperul Roman a reu\u0219it s\u0103 se extind\u0103 p\u00e2n\u0103 la Dunare. Limba rom\u00e2n\u0103 este recunoscut\u0103 oficial \u00een <strong>Rom\u00e2nia<\/strong> \u0219i <strong>Republica Moldova<\/strong> \u0219i are ramific\u0103ri \u00een <strong>Serbia<\/strong> \u0219i <strong>Grecia<\/strong>, iar cei care comunic\u0103 zilnic \u00een aceast\u0103 limb\u0103 sunt aproximativ 34 de milioane de persoane. De\u0219i se crede ca limba rom\u00e2n\u0103 deriva din <strong><a href=\"https:\/\/www.101proservices.com\/ro\/traduceri-rusa-italiana\/\">limba rus\u0103<\/a><\/strong>, \u00een realitate cele doua limbi impart doar 1,12% din termenii comuni.<\/p>\n<\/div><\/div><\/div><div class=\"fusion-layout-column fusion_builder_column fusion-builder-column-7 fusion_builder_column_1_1 1_1 fusion-flex-column\" style=\"--awb-padding-top:20px;--awb-padding-right:20px;--awb-padding-bottom:20px;--awb-padding-left:20px;--awb-bg-color:#dddddd;--awb-bg-color-hover:#dddddd;--awb-bg-size:cover;--awb-border-color:#ae1e80;--awb-border-top:0px;--awb-border-right:0px;--awb-border-bottom:0px;--awb-border-left:0px;--awb-border-style:solid;--awb-width-large:100%;--awb-margin-top-large:10px;--awb-spacing-right-large:0px;--awb-margin-bottom-large:10px;--awb-spacing-left-large:0px;--awb-width-medium:100%;--awb-spacing-right-medium:0px;--awb-spacing-left-medium:0px;--awb-width-small:100%;--awb-spacing-right-small:0px;--awb-spacing-left-small:0px;\"><div class=\"fusion-column-wrapper fusion-column-has-shadow fusion-flex-justify-content-flex-start fusion-content-layout-column\"><div class=\"fusion-text fusion-text-6\"><p style=\"text-align: justify;\">Limba ROM\u00c2N\u0102 ca \u0219i italian\u0103, face parte din aceea\u0219i familie lingvistic\u0103, ambele derivand din limba latin\u0103. Aceast\u0103 afiliere lingvistic\u0103 d\u0103 na\u015ftere multor asem\u0103n\u0103ri intre cele dou\u0103 limbi. Chiar dac\u0103 prezint\u0103 aspecte lingvistice asem\u0103n\u0103toare, italiana \u0219i rom\u00e2na nu pot fi suprapuse, iar pentru <strong>traducerile comerciale<\/strong>, <strong>de acte sau documente<\/strong> \u0219i \u00een mod deosebit pentru traducerile legalizate de <strong>titluri de studiu<\/strong> este necesar s\u0103 recurgem la serviciile unui <strong>traducator expert care s\u0103 \u015ftie s\u0103 traduc\u0103 cu termeni corec\u0163i din italian\u0103 \u00een rom\u00e2n\u0103 \u0219i invers<\/strong>.<\/p>\n<\/div><\/div><\/div><\/div><\/div><div class=\"fusion-fullwidth fullwidth-box fusion-builder-row-4 fusion-flex-container nonhundred-percent-fullwidth non-hundred-percent-height-scrolling\" style=\"--awb-background-position:left top;--awb-border-sizes-top:0px;--awb-border-sizes-bottom:0px;--awb-border-sizes-left:0px;--awb-border-sizes-right:0px;--awb-border-radius-top-left:0px;--awb-border-radius-top-right:0px;--awb-border-radius-bottom-right:0px;--awb-border-radius-bottom-left:0px;--awb-padding-right:30px;--awb-padding-left:30px;--awb-margin-top:20px;--awb-background-color:#b11376;--awb-flex-wrap:wrap;\" ><div class=\"fusion-builder-row fusion-row fusion-flex-align-items-flex-start fusion-flex-content-wrap\" style=\"max-width:1331.2px;margin-left: calc(-4% \/ 2 );margin-right: calc(-4% \/ 2 );\"><div class=\"fusion-layout-column fusion_builder_column fusion-builder-column-8 fusion_builder_column_2_3 2_3 fusion-flex-column fusion-flex-align-self-flex-start fusion-column-no-min-height\" style=\"--awb-bg-size:cover;--awb-width-large:66.666666666667%;--awb-margin-top-large:0%;--awb-spacing-right-large:2.88%;--awb-margin-bottom-large:10px;--awb-spacing-left-large:2.88%;--awb-width-medium:100%;--awb-spacing-right-medium:1.92%;--awb-spacing-left-medium:1.92%;--awb-width-small:100%;--awb-spacing-right-small:1.92%;--awb-spacing-left-small:1.92%;\"><div class=\"fusion-column-wrapper fusion-column-has-shadow fusion-flex-justify-content-flex-start fusion-content-layout-column\"><div class=\"fusion-separator fusion-no-small-visibility fusion-no-medium-visibility fusion-full-width-sep\" style=\"align-self: center;margin-left: auto;margin-right: auto;margin-top:20px;width:100%;\"><\/div><div class=\"fusion-text fusion-text-7\"><h3 style=\"font-size: 28px; color: #ffffff; text-align: center;\">Pentru taduceri Italian\u0103 Roman\u0103 \u0219i invers<\/h3>\n<\/div><\/div><\/div><div class=\"fusion-layout-column fusion_builder_column fusion-builder-column-9 fusion_builder_column_1_3 1_3 fusion-flex-column fusion-flex-align-self-center\" style=\"--awb-padding-top:20px;--awb-padding-bottom:20px;--awb-bg-size:cover;--awb-width-large:33.333333333333%;--awb-margin-top-large:10px;--awb-spacing-right-large:5.76%;--awb-margin-bottom-large:10px;--awb-spacing-left-large:5.76%;--awb-width-medium:100%;--awb-spacing-right-medium:1.92%;--awb-spacing-left-medium:1.92%;--awb-width-small:100%;--awb-spacing-right-small:1.92%;--awb-spacing-left-small:1.92%;\"><div class=\"fusion-column-wrapper fusion-column-has-shadow fusion-flex-justify-content-center fusion-content-layout-row fusion-flex-align-items-center\"><div ><a class=\"fusion-button button-flat button-xlarge button-custom fusion-button-default button-2 fusion-button-span-no fusion-button-default-type\" style=\"--button_accent_color:#fff;--button_accent_hover_color:#ffffff;--button_border_hover_color:#ffffff;--button_border_width-top:2px;--button_border_width-right:2px;--button_border_width-bottom:2px;--button_border_width-left:2px;--button_gradient_end:0%;--button_gradient_top_color:#3bad01;--button_gradient_bottom_color:#3bad01;--button_gradient_top_color_hover:#8bc34a;--button_gradient_bottom_color_hover:#8bc34a;\" target=\"_self\" href=\"https:\/\/www.101proservices.com\/ro\/contacte\/\"><span class=\"fusion-button-text awb-button__text awb-button__text--default\">Richiedi preventivo<\/span><\/a><\/div>\n<\/div><\/div><\/div><\/div><\/p>\n","protected":false},"excerpt":{"rendered":"","protected":false},"author":6,"featured_media":0,"parent":9898,"menu_order":5,"comment_status":"closed","ping_status":"closed","template":"100-width.php","meta":{"inline_featured_image":false,"footnotes":""},"class_list":["post-10099","page","type-page","status-publish","hentry"],"_links":{"self":[{"href":"https:\/\/www.101proservices.com\/ro\/wp-json\/wp\/v2\/pages\/10099","targetHints":{"allow":["GET"]}}],"collection":[{"href":"https:\/\/www.101proservices.com\/ro\/wp-json\/wp\/v2\/pages"}],"about":[{"href":"https:\/\/www.101proservices.com\/ro\/wp-json\/wp\/v2\/types\/page"}],"author":[{"embeddable":true,"href":"https:\/\/www.101proservices.com\/ro\/wp-json\/wp\/v2\/users\/6"}],"replies":[{"embeddable":true,"href":"https:\/\/www.101proservices.com\/ro\/wp-json\/wp\/v2\/comments?post=10099"}],"version-history":[{"count":3,"href":"https:\/\/www.101proservices.com\/ro\/wp-json\/wp\/v2\/pages\/10099\/revisions"}],"predecessor-version":[{"id":10102,"href":"https:\/\/www.101proservices.com\/ro\/wp-json\/wp\/v2\/pages\/10099\/revisions\/10102"}],"up":[{"embeddable":true,"href":"https:\/\/www.101proservices.com\/ro\/wp-json\/wp\/v2\/pages\/9898"}],"wp:attachment":[{"href":"https:\/\/www.101proservices.com\/ro\/wp-json\/wp\/v2\/media?parent=10099"}],"curies":[{"name":"wp","href":"https:\/\/api.w.org\/{rel}","templated":true}]}}