{"id":10044,"date":"2024-10-28T10:08:01","date_gmt":"2024-10-28T09:08:01","guid":{"rendered":"https:\/\/staging.101proservices.com\/?page_id=10044"},"modified":"2024-11-20T17:43:56","modified_gmt":"2024-11-20T16:43:56","slug":"traduceri-urgente","status":"publish","type":"page","link":"https:\/\/www.101proservices.com\/ro\/servicii-de-traducere\/traduceri-urgente\/","title":{"rendered":"Traduceri urgente"},"content":{"rendered":"<p><div id=\"#intro\" class=\"fusion-container-anchor\"><div class=\"fusion-fullwidth fullwidth-box fusion-builder-row-1 fusion-flex-container nonhundred-percent-fullwidth non-hundred-percent-height-scrolling\" style=\"--awb-border-radius-top-left:0px;--awb-border-radius-top-right:0px;--awb-border-radius-bottom-right:0px;--awb-border-radius-bottom-left:0px;--awb-padding-top:30px;--awb-flex-wrap:wrap;\" ><div class=\"fusion-builder-row fusion-row fusion-flex-align-items-flex-start fusion-flex-content-wrap\" style=\"max-width:calc( 1280px + 0px );margin-left: calc(-0px \/ 2 );margin-right: calc(-0px \/ 2 );\"><div class=\"fusion-layout-column fusion_builder_column fusion-builder-column-0 fusion_builder_column_1_1 1_1 fusion-flex-column\" style=\"--awb-bg-size:cover;--awb-width-large:100%;--awb-margin-top-large:10px;--awb-spacing-right-large:0px;--awb-margin-bottom-large:10px;--awb-spacing-left-large:0px;--awb-width-medium:100%;--awb-spacing-right-medium:0px;--awb-spacing-left-medium:0px;--awb-width-small:100%;--awb-spacing-right-small:0px;--awb-spacing-left-small:0px;\"><div class=\"fusion-column-wrapper fusion-flex-justify-content-flex-start fusion-content-layout-column\"><div class=\"fusion-text fusion-text-1\"><h2 style=\"text-align: center;\">Ave\u0163i nevoie de o traducere la urgen\u021b\u0103?<\/h2>\n<\/div><div class=\"fusion-separator fusion-has-icon\" style=\"align-self: center;margin-left: auto;margin-right: auto;margin-bottom:10px;width:100%;max-width:20%;\"><div class=\"fusion-separator-border sep-single sep-solid\" style=\"--awb-height:20px;--awb-amount:20px;--awb-sep-color:#ae1e80;border-color:#ae1e80;border-top-width:2px;\"><\/div><span class=\"icon-wrapper\" style=\"border-color:transparent;font-size:30px;width: 1.75em; height: 1.75em;border-width:2px;padding:2px;margin-top:-1px\"><i class=\"fa-language fas\" style=\"font-size: inherit;color:#ae1e80;\" aria-hidden=\"true\"><\/i><\/span><div class=\"fusion-separator-border sep-single sep-solid\" style=\"--awb-height:20px;--awb-amount:20px;--awb-sep-color:#ae1e80;border-color:#ae1e80;border-top-width:2px;\"><\/div><\/div>\n<div class=\"fusion-text fusion-text-2\"><p style=\"text-align: justify;\">Echipa noastr\u0103 ofer\u0103 traduceri de texte \u0219i documente, \u00een general \u00een maxim o s\u0103ptamana, iar timpul de predare variaza \u00een functie de numarul de pagini care trebuie traduse. Deseori clientii nostri solicita <strong>traducerile la urgen\u021b\u0103<\/strong> care se elibereaza intr-un timp mult mai redus, acest serviciu fiind cerut \u00een special pentru <a href=\"https:\/\/www.101proservices.com\/ro\/traduceri-legalizate\/\"><strong><u>traducerile legalizate \u00een scopul obtinerii de documente de identitate<\/u><\/strong><\/a>. Societatea noastr\u0103 fiind printre cele mai cotate pe teritoriu national, am pus \u00een aplicare un seviciu de <strong>traducere rapida<\/strong>, pentru a veni \u00een ajutorul clientilor nostri. Pentru a instaura o legatura de colaborare continua 101ProServices se propune ca partener de incredere \u00een predarea <strong>lucrarilor last minute<\/strong>.<\/p>\n<\/div><\/div><\/div><div class=\"fusion-layout-column fusion_builder_column fusion-builder-column-1 fusion_builder_column_1_2 1_2 fusion-flex-column\" style=\"--awb-padding-top:5%;--awb-padding-right:11%;--awb-padding-bottom:5%;--awb-padding-left:11%;--awb-bg-color:#f9f9f9;--awb-bg-color-hover:#f9f9f9;--awb-bg-size:cover;--awb-border-color:#2f576f;--awb-border-top:0px;--awb-border-style:solid;--awb-width-large:50%;--awb-margin-top-large:10px;--awb-spacing-right-large:0px;--awb-margin-bottom-large:10px;--awb-spacing-left-large:0px;--awb-width-medium:50%;--awb-spacing-right-medium:0px;--awb-spacing-left-medium:0px;--awb-width-small:100%;--awb-spacing-right-small:0px;--awb-spacing-left-small:0px;\"><div class=\"fusion-column-wrapper fusion-column-has-shadow fusion-flex-justify-content-center fusion-content-layout-column\"><div class=\"fusion-text fusion-text-3\"><h2 style=\"text-align: center;\">Traduceri rapide \u00een 24 ore<\/h2>\n<\/div><div class=\"fusion-separator fusion-has-icon\" style=\"align-self: center;margin-left: auto;margin-right: auto;margin-bottom:10px;width:100%;max-width:20%;\"><div class=\"fusion-separator-border sep-single sep-solid\" style=\"--awb-height:20px;--awb-amount:20px;--awb-sep-color:#ae1e80;border-color:#ae1e80;border-top-width:2px;\"><\/div><span class=\"icon-wrapper\" style=\"border-color:transparent;font-size:30px;width: 1.75em; height: 1.75em;border-width:2px;padding:2px;margin-top:-1px\"><i class=\"fa-language fas\" style=\"font-size: inherit;color:#ae1e80;\" aria-hidden=\"true\"><\/i><\/span><div class=\"fusion-separator-border sep-single sep-solid\" style=\"--awb-height:20px;--awb-amount:20px;--awb-sep-color:#ae1e80;border-color:#ae1e80;border-top-width:2px;\"><\/div><\/div>\n<div class=\"fusion-text fusion-text-4\"><p style=\"text-align: justify;\">Pentru a indeplini aceast\u0103 cerin\u0163\u0103, am imp\u0103r\u0163it serviciul de <strong>traduceri rapide<\/strong> \u00een dou\u0103 op\u0163iuni, pentru a da posibilitatea clientilor de a alege \u00een func\u0163ie de urgen\u021b\u0103. Serviciul standard este limitat la o s\u0103ptamana lucratoare, \u00een timp ce pentru op\u0163iunea fast se poate alege intre:<\/p>\n<ul>\n<li><strong>traducere urgen\u021b\u0103<br \/>\n<\/strong>prevede traducerea unui text intre 750-800 cuvinte (3 pagini) \u00een maxim 24 ore.<\/li>\n<\/ul>\n<ul>\n<li><strong>traducere rapid\u0103<br \/>\n<\/strong>Serviciul prevede traducerea de texte intre 1.500-2.000 cuvinte (6 pagini) cu timp de predare \u00een 24 ore.<\/li>\n<\/ul>\n<p style=\"text-align: justify;\">Amandou\u0103 serviciile sunt realizate cu maxima precizie \u0219i profesionalism de c\u0103tre traduc\u0103torilor nostri, prin predarea unor lucr\u0103ri de calitate.<\/p>\n<\/div><\/div><\/div><div class=\"fusion-layout-column fusion_builder_column fusion-builder-column-2 fusion_builder_column_1_2 1_2 fusion-flex-column\" style=\"--awb-bg-size:cover;--awb-width-large:50%;--awb-margin-top-large:10px;--awb-spacing-right-large:0px;--awb-margin-bottom-large:10px;--awb-spacing-left-large:0px;--awb-width-medium:50%;--awb-spacing-right-medium:0px;--awb-spacing-left-medium:0px;--awb-width-small:100%;--awb-spacing-right-small:0px;--awb-spacing-left-small:0px;\"><div class=\"fusion-column-wrapper fusion-column-has-shadow fusion-flex-justify-content-center fusion-content-layout-column\"><div class=\"fusion-image-element \" style=\"--awb-caption-title-font-family:var(--h2_typography-font-family);--awb-caption-title-font-weight:var(--h2_typography-font-weight);--awb-caption-title-font-style:var(--h2_typography-font-style);--awb-caption-title-size:var(--h2_typography-font-size);--awb-caption-title-transform:var(--h2_typography-text-transform);--awb-caption-title-line-height:var(--h2_typography-line-height);--awb-caption-title-letter-spacing:var(--h2_typography-letter-spacing);\"><span class=\" fusion-imageframe imageframe-none imageframe-1 hover-type-none\"><img decoding=\"async\" width=\"675\" height=\"685\" alt=\"Traduceri rapide \u00een 24 ore\" title=\"Servizio traduzioni urgenti\" src=\"https:\/\/www.101proservices.com\/wp-content\/uploads\/2019\/06\/servizi-traduzioni-urgenti.jpg\" class=\"img-responsive wp-image-9103\" srcset=\"https:\/\/www.101proservices.com\/wp-content\/uploads\/servizi-traduzioni-urgenti-200x203.jpg 200w, https:\/\/www.101proservices.com\/wp-content\/uploads\/servizi-traduzioni-urgenti-400x406.jpg 400w, https:\/\/www.101proservices.com\/wp-content\/uploads\/servizi-traduzioni-urgenti-600x609.jpg 600w, https:\/\/www.101proservices.com\/wp-content\/uploads\/servizi-traduzioni-urgenti.jpg 675w\" sizes=\"(max-width: 1024px) 100vw, (max-width: 640px) 100vw, 675px\" \/><\/span><\/div><\/div><\/div><div class=\"fusion-layout-column fusion_builder_column fusion-builder-column-3 fusion_builder_column_1_1 1_1 fusion-flex-column\" style=\"--awb-bg-size:cover;--awb-width-large:100%;--awb-margin-top-large:10px;--awb-spacing-right-large:0px;--awb-margin-bottom-large:10px;--awb-spacing-left-large:0px;--awb-width-medium:100%;--awb-spacing-right-medium:0px;--awb-spacing-left-medium:0px;--awb-width-small:100%;--awb-spacing-right-small:0px;--awb-spacing-left-small:0px;\"><div class=\"fusion-column-wrapper fusion-flex-justify-content-flex-start fusion-content-layout-column\"><div class=\"fusion-text fusion-text-5\"><h2 style=\"text-align: center;\">Traduceri Urgente, cerere de ofert\u0103<\/h2>\n<\/div><div class=\"fusion-separator fusion-has-icon\" style=\"align-self: center;margin-left: auto;margin-right: auto;margin-bottom:10px;width:100%;max-width:20%;\"><div class=\"fusion-separator-border sep-single sep-solid\" style=\"--awb-height:20px;--awb-amount:20px;--awb-sep-color:#ae1e80;border-color:#ae1e80;border-top-width:2px;\"><\/div><span class=\"icon-wrapper\" style=\"border-color:transparent;font-size:30px;width: 1.75em; height: 1.75em;border-width:2px;padding:2px;margin-top:-1px\"><i class=\"fa-language fas\" style=\"font-size: inherit;color:#ae1e80;\" aria-hidden=\"true\"><\/i><\/span><div class=\"fusion-separator-border sep-single sep-solid\" style=\"--awb-height:20px;--awb-amount:20px;--awb-sep-color:#ae1e80;border-color:#ae1e80;border-top-width:2px;\"><\/div><\/div>\n<div class=\"fusion-text fusion-text-6\"><p style=\"text-align: justify;\">Timpul de execu\u0163ie al <strong>traducerilor rapide, <\/strong>pentru societatea noastr\u0103 nu reprezint\u0103 o problem\u0103, de fapt int\u00e2mpin\u0103m provocarea cu entuziasm. C\u00e2nd timpul de predare este scurt \u0219i documentele sunt multe, 101Prosercices reu\u0219e\u0219te s\u0103 ob\u0163in\u0103 rezultate excelente, s\u0103 garanteze rapiditate, precizie \u0219i profesionalism.<\/p>\n<p style=\"text-align: justify;\">Dac\u0103 sunte\u0163i \u00een cautarea unui serviciu de traducere <strong>urgent\u0103\/rapid\u0103 de bun\u0103 calitate<\/strong>, contacteaz\u0103-ne \u0219i impreun\u0103 vom stabili cea mai bun\u0103 solu\u0163ie, cu obiectivul de a reduce timpul de a\u015fteptare \u00een desf\u0103\u015furarea serviciului.<\/p>\n<\/div><\/div><\/div><\/div><\/div><\/div><div class=\"fusion-fullwidth fullwidth-box fusion-builder-row-2 fusion-flex-container nonhundred-percent-fullwidth non-hundred-percent-height-scrolling\" style=\"--awb-background-position:left top;--awb-border-sizes-top:0px;--awb-border-sizes-bottom:0px;--awb-border-sizes-left:0px;--awb-border-sizes-right:0px;--awb-border-radius-top-left:0px;--awb-border-radius-top-right:0px;--awb-border-radius-bottom-right:0px;--awb-border-radius-bottom-left:0px;--awb-padding-right:30px;--awb-padding-left:30px;--awb-margin-top:20px;--awb-background-color:#b11376;--awb-flex-wrap:wrap;\" ><div class=\"fusion-builder-row fusion-row fusion-flex-align-items-flex-start fusion-flex-content-wrap\" style=\"max-width:1331.2px;margin-left: calc(-4% \/ 2 );margin-right: calc(-4% \/ 2 );\"><div class=\"fusion-layout-column fusion_builder_column fusion-builder-column-4 fusion_builder_column_2_3 2_3 fusion-flex-column fusion-flex-align-self-flex-start fusion-column-no-min-height\" style=\"--awb-bg-size:cover;--awb-width-large:66.666666666667%;--awb-margin-top-large:0%;--awb-spacing-right-large:2.88%;--awb-margin-bottom-large:10px;--awb-spacing-left-large:2.88%;--awb-width-medium:100%;--awb-spacing-right-medium:1.92%;--awb-spacing-left-medium:1.92%;--awb-width-small:100%;--awb-spacing-right-small:1.92%;--awb-spacing-left-small:1.92%;\"><div class=\"fusion-column-wrapper fusion-column-has-shadow fusion-flex-justify-content-flex-start fusion-content-layout-column\"><div class=\"fusion-separator fusion-no-small-visibility fusion-no-medium-visibility fusion-full-width-sep\" style=\"align-self: center;margin-left: auto;margin-right: auto;margin-top:20px;width:100%;\"><\/div><div class=\"fusion-text fusion-text-7\"><h3 style=\"font-size: 28px; color: #ffffff; text-align: center;\"><span style=\"color: #ffffff;\">Ave\u0163i nevoie de o traducere urgent\u0103&#8230;<\/span><\/h3>\n<\/div><\/div><\/div><div class=\"fusion-layout-column fusion_builder_column fusion-builder-column-5 fusion_builder_column_1_3 1_3 fusion-flex-column fusion-flex-align-self-center\" style=\"--awb-padding-top:20px;--awb-padding-bottom:20px;--awb-bg-size:cover;--awb-width-large:33.333333333333%;--awb-margin-top-large:10px;--awb-spacing-right-large:5.76%;--awb-margin-bottom-large:10px;--awb-spacing-left-large:5.76%;--awb-width-medium:100%;--awb-spacing-right-medium:1.92%;--awb-spacing-left-medium:1.92%;--awb-width-small:100%;--awb-spacing-right-small:1.92%;--awb-spacing-left-small:1.92%;\"><div class=\"fusion-column-wrapper fusion-column-has-shadow fusion-flex-justify-content-center fusion-content-layout-row fusion-flex-align-items-center\"><div ><a class=\"fusion-button button-flat button-xlarge button-custom fusion-button-default button-1 fusion-button-span-no fusion-button-default-type\" style=\"--button_accent_color:#fff;--button_accent_hover_color:#ffffff;--button_border_hover_color:#ffffff;--button_border_width-top:2px;--button_border_width-right:2px;--button_border_width-bottom:2px;--button_border_width-left:2px;--button_gradient_end:0%;--button_gradient_top_color:#3bad01;--button_gradient_bottom_color:#3bad01;--button_gradient_top_color_hover:#8bc34a;--button_gradient_bottom_color_hover:#8bc34a;\" target=\"_self\" href=\"https:\/\/www.101proservices.com\/ro\/contacte\/\"><span class=\"fusion-button-text awb-button__text awb-button__text--default\">Richiedi preventivo<\/span><\/a><\/div>\n<\/div><\/div><\/div><\/div><\/p>\n","protected":false},"excerpt":{"rendered":"","protected":false},"author":6,"featured_media":0,"parent":9605,"menu_order":12,"comment_status":"closed","ping_status":"closed","template":"100-width.php","meta":{"inline_featured_image":false,"footnotes":""},"class_list":["post-10044","page","type-page","status-publish","hentry"],"_links":{"self":[{"href":"https:\/\/www.101proservices.com\/ro\/wp-json\/wp\/v2\/pages\/10044","targetHints":{"allow":["GET"]}}],"collection":[{"href":"https:\/\/www.101proservices.com\/ro\/wp-json\/wp\/v2\/pages"}],"about":[{"href":"https:\/\/www.101proservices.com\/ro\/wp-json\/wp\/v2\/types\/page"}],"author":[{"embeddable":true,"href":"https:\/\/www.101proservices.com\/ro\/wp-json\/wp\/v2\/users\/6"}],"replies":[{"embeddable":true,"href":"https:\/\/www.101proservices.com\/ro\/wp-json\/wp\/v2\/comments?post=10044"}],"version-history":[{"count":9,"href":"https:\/\/www.101proservices.com\/ro\/wp-json\/wp\/v2\/pages\/10044\/revisions"}],"predecessor-version":[{"id":10053,"href":"https:\/\/www.101proservices.com\/ro\/wp-json\/wp\/v2\/pages\/10044\/revisions\/10053"}],"up":[{"embeddable":true,"href":"https:\/\/www.101proservices.com\/ro\/wp-json\/wp\/v2\/pages\/9605"}],"wp:attachment":[{"href":"https:\/\/www.101proservices.com\/ro\/wp-json\/wp\/v2\/media?parent=10044"}],"curies":[{"name":"wp","href":"https:\/\/api.w.org\/{rel}","templated":true}]}}